{"id":3366843,"date":"2025-10-09T22:17:13","date_gmt":"2025-10-10T02:17:13","guid":{"rendered":"https:\/\/stoic-curie.212-227-153-4.plesk.page\/product\/orbitrade-19395-anode-moteur-de-zinc-pour-volvo-penta-dpx-sterndrives\/"},"modified":"2026-02-24T23:08:37","modified_gmt":"2026-02-24T23:08:37","slug":"orbitrade-19395-anode-moteur-de-zinc-pour-volvo-penta-dpx-sterndrives","status":"publish","type":"product","link":"https:\/\/stoic-curie.212-227-153-4.plesk.page\/fr\/product\/orbitrade-19395-anode-moteur-de-zinc-pour-volvo-penta-dpx-sterndrives\/","title":{"rendered":"Orbitrade 19395 Anode moteur de zinc pour Volvo Penta DPX Sterndrives"},"content":{"rendered":"<p>Orbitrade 19395 Anode moteur de zinc pour Volvo Penta DPX Sterndrives &#8211; L&#8217;anode en zinc Orbitrade Marine est con\u00e7u pour remplacer le num\u00e9ro de pi\u00e8ce Volvo 873395. Cet anode en zinc convient pour offrir une protection contre la corrosion \u00e9lectrolytique pour les sterndrives Volvo Penta DPX.<\/p>\n","protected":false},"excerpt":{"rendered":"<p>Orbitrade 19395 Anode moteur de zinc pour Volvo Penta DPX Sterndrives &#8211; L&#8217;anode en zinc Orbitrade Marine est con\u00e7u pour<\/p>\n","protected":false},"featured_media":5944767,"comment_status":"closed","ping_status":"closed","template":"","meta":[],"product_brand":[3224],"product_cat":[1255],"product_tag":[],"class_list":{"0":"post-3366843","1":"product","2":"type-product","3":"status-publish","4":"has-post-thumbnail","6":"product_brand-orbitrade-marine-fr","7":"product_cat-pieces-detachees-pour-moteurs-volvo-penta","9":"first","10":"instock","11":"shipping-taxable","12":"purchasable","13":"product-type-simple"},"_links":{"self":[{"href":"https:\/\/stoic-curie.212-227-153-4.plesk.page\/fr\/wp-json\/wp\/v2\/product\/3366843","targetHints":{"allow":["GET"]}}],"collection":[{"href":"https:\/\/stoic-curie.212-227-153-4.plesk.page\/fr\/wp-json\/wp\/v2\/product"}],"about":[{"href":"https:\/\/stoic-curie.212-227-153-4.plesk.page\/fr\/wp-json\/wp\/v2\/types\/product"}],"replies":[{"embeddable":true,"href":"https:\/\/stoic-curie.212-227-153-4.plesk.page\/fr\/wp-json\/wp\/v2\/comments?post=3366843"}],"version-history":[{"count":0,"href":"https:\/\/stoic-curie.212-227-153-4.plesk.page\/fr\/wp-json\/wp\/v2\/product\/3366843\/revisions"}],"wp:featuredmedia":[{"embeddable":true,"href":"https:\/\/stoic-curie.212-227-153-4.plesk.page\/fr\/wp-json\/wp\/v2\/media\/5944767"}],"wp:attachment":[{"href":"https:\/\/stoic-curie.212-227-153-4.plesk.page\/fr\/wp-json\/wp\/v2\/media?parent=3366843"}],"wp:term":[{"taxonomy":"product_brand","embeddable":true,"href":"https:\/\/stoic-curie.212-227-153-4.plesk.page\/fr\/wp-json\/wp\/v2\/product_brand?post=3366843"},{"taxonomy":"product_cat","embeddable":true,"href":"https:\/\/stoic-curie.212-227-153-4.plesk.page\/fr\/wp-json\/wp\/v2\/product_cat?post=3366843"},{"taxonomy":"product_tag","embeddable":true,"href":"https:\/\/stoic-curie.212-227-153-4.plesk.page\/fr\/wp-json\/wp\/v2\/product_tag?post=3366843"}],"curies":[{"name":"wp","href":"https:\/\/api.w.org\/{rel}","templated":true}]}}