{"id":3366858,"date":"2025-10-09T22:17:13","date_gmt":"2025-10-10T02:17:13","guid":{"rendered":"https:\/\/stoic-curie.212-227-153-4.plesk.page\/product\/orbitrade-19638-zinc-gear-housing-anode-pour-volvo-penta-dpx-sterndrive\/"},"modified":"2026-02-24T23:08:37","modified_gmt":"2026-02-24T23:08:37","slug":"orbitrade-19638-zinc-gear-housing-anode-pour-volvo-penta-dpx-sterndrive","status":"publish","type":"product","link":"https:\/\/stoic-curie.212-227-153-4.plesk.page\/fr\/product\/orbitrade-19638-zinc-gear-housing-anode-pour-volvo-penta-dpx-sterndrive\/","title":{"rendered":"Orbitrade 19638 Zinc Gear Housing Anode pour Volvo Penta DPX Sterndrive"},"content":{"rendered":"<p>Orbitrade 19638 Zinc Gear Housing Anode pour Volvo Penta DPX Sterndrive &#8211; <\/p>\n<div class=\"col-24 col-md-15\">\n<p>L&#8217;anode en zinc Orbitrade Marine est con\u00e7ue pour remplacer le num\u00e9ro de pi\u00e8ce Volvo 876638. Cet anode est adapt\u00e9 \u00e0 la fixation sur le bo\u00eetier d&#8217;engrenage inf\u00e9rieur pour offrir une protection contre la corrosion \u00e9lectrolytique. L&#8217;anode en zinc est compatible avec les mod\u00e8les de sterndrives Volvo Penta suivants :<\/p>\n<p>DPX-A, DPX-C, DPX-R, DPX-S et DPX-S1.<\/p>\n<\/div>\n<h3>Sp\u00e9cifications<\/h3>\n<table class=\"table\">\n<tbody>\n<tr>\n<td><strong>Marque<\/strong><\/td>\n<td>Orbitrade Marine<\/td>\n<\/tr>\n<tr>\n<td><strong>Construction<\/strong><\/td>\n<td>Zinc<\/td>\n<\/tr>\n<tr>\n<td><strong>Remplace<\/strong><\/td>\n<td>Volvo 876638<\/td>\n<\/tr>\n<tr>\n<td><strong>Description du style<\/strong><\/td>\n<td>Anode droite<\/td>\n<\/tr>\n<tr>\n<td><strong>Compatibilit\u00e9<\/strong><\/td>\n<td>Volvo Penta DPX<\/td>\n<\/tr>\n<\/tbody>\n<\/table>\n","protected":false},"excerpt":{"rendered":"<p>Orbitrade 19638 Zinc Gear Housing Anode pour Volvo Penta DPX Sterndrive &#8211; L&#8217;anode en zinc Orbitrade Marine est con\u00e7ue pour<\/p>\n","protected":false},"featured_media":5944768,"comment_status":"closed","ping_status":"closed","template":"","meta":[],"product_brand":[3224],"product_cat":[1255],"product_tag":[],"class_list":{"0":"post-3366858","1":"product","2":"type-product","3":"status-publish","4":"has-post-thumbnail","6":"product_brand-orbitrade-marine-fr","7":"product_cat-pieces-detachees-pour-moteurs-volvo-penta","9":"first","10":"instock","11":"shipping-taxable","12":"purchasable","13":"product-type-simple"},"_links":{"self":[{"href":"https:\/\/stoic-curie.212-227-153-4.plesk.page\/fr\/wp-json\/wp\/v2\/product\/3366858","targetHints":{"allow":["GET"]}}],"collection":[{"href":"https:\/\/stoic-curie.212-227-153-4.plesk.page\/fr\/wp-json\/wp\/v2\/product"}],"about":[{"href":"https:\/\/stoic-curie.212-227-153-4.plesk.page\/fr\/wp-json\/wp\/v2\/types\/product"}],"replies":[{"embeddable":true,"href":"https:\/\/stoic-curie.212-227-153-4.plesk.page\/fr\/wp-json\/wp\/v2\/comments?post=3366858"}],"version-history":[{"count":0,"href":"https:\/\/stoic-curie.212-227-153-4.plesk.page\/fr\/wp-json\/wp\/v2\/product\/3366858\/revisions"}],"wp:featuredmedia":[{"embeddable":true,"href":"https:\/\/stoic-curie.212-227-153-4.plesk.page\/fr\/wp-json\/wp\/v2\/media\/5944768"}],"wp:attachment":[{"href":"https:\/\/stoic-curie.212-227-153-4.plesk.page\/fr\/wp-json\/wp\/v2\/media?parent=3366858"}],"wp:term":[{"taxonomy":"product_brand","embeddable":true,"href":"https:\/\/stoic-curie.212-227-153-4.plesk.page\/fr\/wp-json\/wp\/v2\/product_brand?post=3366858"},{"taxonomy":"product_cat","embeddable":true,"href":"https:\/\/stoic-curie.212-227-153-4.plesk.page\/fr\/wp-json\/wp\/v2\/product_cat?post=3366858"},{"taxonomy":"product_tag","embeddable":true,"href":"https:\/\/stoic-curie.212-227-153-4.plesk.page\/fr\/wp-json\/wp\/v2\/product_tag?post=3366858"}],"curies":[{"name":"wp","href":"https:\/\/api.w.org\/{rel}","templated":true}]}}