{"id":3366860,"date":"2025-10-09T22:17:14","date_gmt":"2025-10-10T02:17:14","guid":{"rendered":"https:\/\/stoic-curie.212-227-153-4.plesk.page\/product\/port-blanc-de-feu-avec-adaptateur-de-tuyau-de-90-degres-pour-lextincteur\/"},"modified":"2026-02-24T23:08:37","modified_gmt":"2026-02-24T23:08:37","slug":"port-blanc-de-feu-avec-adaptateur-de-tuyau-de-90-degres-pour-lextincteur","status":"publish","type":"product","link":"https:\/\/stoic-curie.212-227-153-4.plesk.page\/fr\/product\/port-blanc-de-feu-avec-adaptateur-de-tuyau-de-90-degres-pour-lextincteur\/","title":{"rendered":"Port blanc de feu avec adaptateur de tuyau de 90 degr\u00e9s pour l\u2019extincteur"},"content":{"rendered":"<p>Port blanc de feu avec adaptateur de tuyau de 90 degr\u00e9s pour l\u2019extincteur &#8211; <\/p>\n<div class=\"col-24 col-md-15\">\n<p>Un port de feu offre une solution \u00e9conomique pour prot\u00e9ger vos passagers et votre \u00e9quipage \u00e0 bord de votre bateau, en vous permettant d&#8217;inspecter visuellement et de d\u00e9charger un extincteur dans le compartiment moteur ou toute autre zone ferm\u00e9e en cas d&#8217;incendie. Le port de feu est fourni complet avec une bride en plastique blanc, un raccord de tuyau \u00e0 90\u00b0, un port d&#8217;inspection transparent et \u00e9tanche, et un \u00e9crou de montage en plastique blanc. Ce mod\u00e8le de port de feu d&#8217;Osculati est adapt\u00e9 pour une installation au mur ou au sol et peut \u00eatre connect\u00e9 \u00e0 la caisse du moteur ou \u00e0 d&#8217;autres espaces ferm\u00e9s par un tuyau.<\/p>\n<p>En cas d&#8217;incendie, il suffit de placer la buse de l&#8217;extincteur \u00e0 travers le port de feu et de la d\u00e9charger, ce qui permet d&#8217;\u00e9teindre le feu sans ouvrir d&#8217;autres trappes d&#8217;inspection, ce qui ajouterait probablement de l&#8217;oxyg\u00e8ne au feu et alimenterait les flammes, augmentant ainsi le risque. Comme le port de feu peut \u00eatre utilis\u00e9 sans ouvrir d&#8217;autres trappes, cela permet au contenu de l&#8217;extincteur de ne viser que la zone touch\u00e9e sans se disperser dans d&#8217;autres zones du bateau.<\/p>\n<p>L&#8217;installation d&#8217;un port de feu est fortement recommand\u00e9e par les directives CE et A.B.Y.C. et peut \u00eatre facilement install\u00e9e en d\u00e9coupant simplement la taille de d\u00e9coupe requise de 38 mm.<\/p>\n<\/div>\n<h3>Sp\u00e9cifications<\/h3>\n<table class=\"table\">\n<tbody>\n<tr>\n<td><strong>Taille de la sortie de tuyau<\/strong><\/td>\n<td>38mm \/ 1-1\/2&#8243;<\/td>\n<\/tr>\n<tr>\n<td><strong>Marque<\/strong><\/td>\n<td>Osculati<\/td>\n<\/tr>\n<tr>\n<td><strong>Construction<\/strong><\/td>\n<td>Bridage en plastique, \u00e9crou de montage, sortie de tuyau et membrane en PVC<\/td>\n<\/tr>\n<tr>\n<td><strong>Diam\u00e8tre<\/strong><\/td>\n<td>D\u00e9coupe : 50mm (2&#8243;), OD : 70mm (2-3\/4&#8243;)<\/td>\n<\/tr>\n<tr>\n<td><strong>Profondeur<\/strong><\/td>\n<td>\u00c9paisseur maximale de 19mm<\/td>\n<\/tr>\n<\/tbody>\n<\/table>\n","protected":false},"excerpt":{"rendered":"<p>Port blanc de feu avec adaptateur de tuyau de 90 degr\u00e9s pour l\u2019extincteur &#8211; Un port de feu offre une<\/p>\n","protected":false},"featured_media":5944776,"comment_status":"closed","ping_status":"closed","template":"","meta":[],"product_brand":[2774],"product_cat":[1026],"product_tag":[],"class_list":{"0":"post-3366860","1":"product","2":"type-product","3":"status-publish","4":"has-post-thumbnail","6":"product_brand-anaf-marine-fr","7":"product_cat-extincteurs","9":"first","10":"instock","11":"shipping-taxable","12":"purchasable","13":"product-type-simple"},"_links":{"self":[{"href":"https:\/\/stoic-curie.212-227-153-4.plesk.page\/fr\/wp-json\/wp\/v2\/product\/3366860","targetHints":{"allow":["GET"]}}],"collection":[{"href":"https:\/\/stoic-curie.212-227-153-4.plesk.page\/fr\/wp-json\/wp\/v2\/product"}],"about":[{"href":"https:\/\/stoic-curie.212-227-153-4.plesk.page\/fr\/wp-json\/wp\/v2\/types\/product"}],"replies":[{"embeddable":true,"href":"https:\/\/stoic-curie.212-227-153-4.plesk.page\/fr\/wp-json\/wp\/v2\/comments?post=3366860"}],"version-history":[{"count":0,"href":"https:\/\/stoic-curie.212-227-153-4.plesk.page\/fr\/wp-json\/wp\/v2\/product\/3366860\/revisions"}],"wp:featuredmedia":[{"embeddable":true,"href":"https:\/\/stoic-curie.212-227-153-4.plesk.page\/fr\/wp-json\/wp\/v2\/media\/5944776"}],"wp:attachment":[{"href":"https:\/\/stoic-curie.212-227-153-4.plesk.page\/fr\/wp-json\/wp\/v2\/media?parent=3366860"}],"wp:term":[{"taxonomy":"product_brand","embeddable":true,"href":"https:\/\/stoic-curie.212-227-153-4.plesk.page\/fr\/wp-json\/wp\/v2\/product_brand?post=3366860"},{"taxonomy":"product_cat","embeddable":true,"href":"https:\/\/stoic-curie.212-227-153-4.plesk.page\/fr\/wp-json\/wp\/v2\/product_cat?post=3366860"},{"taxonomy":"product_tag","embeddable":true,"href":"https:\/\/stoic-curie.212-227-153-4.plesk.page\/fr\/wp-json\/wp\/v2\/product_tag?post=3366860"}],"curies":[{"name":"wp","href":"https:\/\/api.w.org\/{rel}","templated":true}]}}