{"id":3366877,"date":"2025-10-09T22:17:14","date_gmt":"2025-10-10T02:17:14","guid":{"rendered":"https:\/\/stoic-curie.212-227-153-4.plesk.page\/product\/plaque-de-fixation-a-ressort-a-gaz-a-90-broche-de-50-mm-de-large-interne-de-8-mm\/"},"modified":"2026-02-24T23:08:37","modified_gmt":"2026-02-24T23:08:37","slug":"plaque-de-fixation-a-ressort-a-gaz-a-90-broche-de-50-mm-de-large-interne-de-8-mm","status":"publish","type":"product","link":"https:\/\/stoic-curie.212-227-153-4.plesk.page\/fr\/product\/plaque-de-fixation-a-ressort-a-gaz-a-90-broche-de-50-mm-de-large-interne-de-8-mm\/","title":{"rendered":"Plaque de fixation \u00e0 ressort \u00e0 gaz \u00e0 90 \u00b0 (Broche de 50 mm de Large \/ Interne de 8 mm)"},"content":{"rendered":"<p>Plaque de fixation \u00e0 ressort \u00e0 gaz \u00e0 90 \u00b0 (Broche de 50 mm de Large \/ Interne de 8 mm) &#8211; <\/p>\n<div class=\"col-24 col-md-15\">\n<p>Plaque de fixation plate \u00e0 ressort \u00e0 gaz 90\u00b0 Osculati en acier inoxydable, de 50 mm de large, 30 mm de long et 30 mm de haut. La plaque de fixation poss\u00e8de une goupille interne de 8 mm.<\/p>\n<\/div>\n<h3>Sp\u00e9cifications<\/h3>\n<table class=\"table\">\n<tbody>\n<tr>\n<td><strong>Marque<\/strong><\/td>\n<td>Osculati<\/td>\n<\/tr>\n<tr>\n<td><strong>Construction<\/strong><\/td>\n<td>Acier Inoxydable<\/td>\n<\/tr>\n<tr>\n<td><strong>Dimensions<\/strong><\/td>\n<td>Largeur: 50 mm, Longueur: 30 mm, Hauteur: 30 mm<\/td>\n<\/tr>\n<\/tbody>\n<\/table>\n","protected":false},"excerpt":{"rendered":"<p>Plaque de fixation \u00e0 ressort \u00e0 gaz \u00e0 90 \u00b0 (Broche de 50 mm de Large \/ Interne de 8<\/p>\n","protected":false},"featured_media":5944781,"comment_status":"closed","ping_status":"closed","template":"","meta":[],"product_brand":[3499],"product_cat":[1114],"product_tag":[],"class_list":{"0":"post-3366877","1":"product","2":"type-product","3":"status-publish","4":"has-post-thumbnail","6":"product_brand-ultraflex-uflex-fr","7":"product_cat-ressorts-a-gaz","9":"first","10":"instock","11":"shipping-taxable","12":"purchasable","13":"product-type-simple"},"_links":{"self":[{"href":"https:\/\/stoic-curie.212-227-153-4.plesk.page\/fr\/wp-json\/wp\/v2\/product\/3366877","targetHints":{"allow":["GET"]}}],"collection":[{"href":"https:\/\/stoic-curie.212-227-153-4.plesk.page\/fr\/wp-json\/wp\/v2\/product"}],"about":[{"href":"https:\/\/stoic-curie.212-227-153-4.plesk.page\/fr\/wp-json\/wp\/v2\/types\/product"}],"replies":[{"embeddable":true,"href":"https:\/\/stoic-curie.212-227-153-4.plesk.page\/fr\/wp-json\/wp\/v2\/comments?post=3366877"}],"version-history":[{"count":0,"href":"https:\/\/stoic-curie.212-227-153-4.plesk.page\/fr\/wp-json\/wp\/v2\/product\/3366877\/revisions"}],"wp:featuredmedia":[{"embeddable":true,"href":"https:\/\/stoic-curie.212-227-153-4.plesk.page\/fr\/wp-json\/wp\/v2\/media\/5944781"}],"wp:attachment":[{"href":"https:\/\/stoic-curie.212-227-153-4.plesk.page\/fr\/wp-json\/wp\/v2\/media?parent=3366877"}],"wp:term":[{"taxonomy":"product_brand","embeddable":true,"href":"https:\/\/stoic-curie.212-227-153-4.plesk.page\/fr\/wp-json\/wp\/v2\/product_brand?post=3366877"},{"taxonomy":"product_cat","embeddable":true,"href":"https:\/\/stoic-curie.212-227-153-4.plesk.page\/fr\/wp-json\/wp\/v2\/product_cat?post=3366877"},{"taxonomy":"product_tag","embeddable":true,"href":"https:\/\/stoic-curie.212-227-153-4.plesk.page\/fr\/wp-json\/wp\/v2\/product_tag?post=3366877"}],"curies":[{"name":"wp","href":"https:\/\/api.w.org\/{rel}","templated":true}]}}