{"id":3366885,"date":"2025-10-09T22:17:14","date_gmt":"2025-10-10T02:17:14","guid":{"rendered":"https:\/\/stoic-curie.212-227-153-4.plesk.page\/product\/commutateur-de-virage-resistant-a-leau-electrique-deux-position\/"},"modified":"2026-02-24T23:08:37","modified_gmt":"2026-02-24T23:08:37","slug":"commutateur-de-virage-resistant-a-leau-electrique-deux-position","status":"publish","type":"product","link":"https:\/\/stoic-curie.212-227-153-4.plesk.page\/fr\/product\/commutateur-de-virage-resistant-a-leau-electrique-deux-position\/","title":{"rendered":"Commutateur de virage r\u00e9sistant \u00e0 l\u2019eau \u00e9lectrique (deux position)"},"content":{"rendered":"<p>Commutateur de virage r\u00e9sistant \u00e0 l\u2019eau \u00e9lectrique (deux position) &#8211; Interrupteur \u00e0 rotation non \u00e9clair\u00e9 et r\u00e9sistant \u00e0 l&#8217;eau. Cet interrupteur \u00e0 rotation a 2 positions et s&#8217;allume et s&#8217;\u00e9teint.<\/p>\n<p>Interrupteur \u00e0 rotation:<br \/>\n&#8211; D\u00e9coupe: 12mm<br \/>\n&#8211; Tension: 12V<br \/>\n&#8211; Courant: 15A<\/p>\n<p>Sp\u00e9cifications:<br \/>\n&#8211; Amp\u00e8res: Courant maximal de commutation: 15A<br \/>\n&#8211; Tension: 12V DC<br \/>\n&#8211; Marque: \u00c9lectrique<\/p>\n","protected":false},"excerpt":{"rendered":"<p>Commutateur de virage r\u00e9sistant \u00e0 l\u2019eau \u00e9lectrique (deux position) &#8211; Interrupteur \u00e0 rotation non \u00e9clair\u00e9 et r\u00e9sistant \u00e0 l&#8217;eau. Cet<\/p>\n","protected":false},"featured_media":5944782,"comment_status":"closed","ping_status":"closed","template":"","meta":[],"product_brand":[2829],"product_cat":[1169],"product_tag":[],"class_list":{"0":"post-3366885","1":"product","2":"type-product","3":"status-publish","4":"has-post-thumbnail","6":"product_brand-blue-sea-systems-fr","7":"product_cat-commutateurs-electriques","9":"first","10":"instock","11":"shipping-taxable","12":"purchasable","13":"product-type-simple"},"_links":{"self":[{"href":"https:\/\/stoic-curie.212-227-153-4.plesk.page\/fr\/wp-json\/wp\/v2\/product\/3366885","targetHints":{"allow":["GET"]}}],"collection":[{"href":"https:\/\/stoic-curie.212-227-153-4.plesk.page\/fr\/wp-json\/wp\/v2\/product"}],"about":[{"href":"https:\/\/stoic-curie.212-227-153-4.plesk.page\/fr\/wp-json\/wp\/v2\/types\/product"}],"replies":[{"embeddable":true,"href":"https:\/\/stoic-curie.212-227-153-4.plesk.page\/fr\/wp-json\/wp\/v2\/comments?post=3366885"}],"version-history":[{"count":0,"href":"https:\/\/stoic-curie.212-227-153-4.plesk.page\/fr\/wp-json\/wp\/v2\/product\/3366885\/revisions"}],"wp:featuredmedia":[{"embeddable":true,"href":"https:\/\/stoic-curie.212-227-153-4.plesk.page\/fr\/wp-json\/wp\/v2\/media\/5944782"}],"wp:attachment":[{"href":"https:\/\/stoic-curie.212-227-153-4.plesk.page\/fr\/wp-json\/wp\/v2\/media?parent=3366885"}],"wp:term":[{"taxonomy":"product_brand","embeddable":true,"href":"https:\/\/stoic-curie.212-227-153-4.plesk.page\/fr\/wp-json\/wp\/v2\/product_brand?post=3366885"},{"taxonomy":"product_cat","embeddable":true,"href":"https:\/\/stoic-curie.212-227-153-4.plesk.page\/fr\/wp-json\/wp\/v2\/product_cat?post=3366885"},{"taxonomy":"product_tag","embeddable":true,"href":"https:\/\/stoic-curie.212-227-153-4.plesk.page\/fr\/wp-json\/wp\/v2\/product_tag?post=3366885"}],"curies":[{"name":"wp","href":"https:\/\/api.w.org\/{rel}","templated":true}]}}