{"id":3366893,"date":"2025-10-09T22:17:15","date_gmt":"2025-10-10T02:17:15","guid":{"rendered":"https:\/\/stoic-curie.212-227-153-4.plesk.page\/product\/perko-1247-cle-de-plaque-de-pont-en-plastique-pattes-de-28mm\/"},"modified":"2026-02-24T23:08:37","modified_gmt":"2026-02-24T23:08:37","slug":"perko-1247-cle-de-plaque-de-pont-en-plastique-pattes-de-28mm","status":"publish","type":"product","link":"https:\/\/stoic-curie.212-227-153-4.plesk.page\/fr\/product\/perko-1247-cle-de-plaque-de-pont-en-plastique-pattes-de-28mm\/","title":{"rendered":"Perko 1247 Cl\u00e9 de plaque de pont en plastique (pattes de 28mm)"},"content":{"rendered":"<p>Perko 1247 Cl\u00e9 de plaque de pont en plastique (pattes de 28mm) &#8211; Num\u00e9ro de pi\u00e8ce Perko : 1247DP0BLK. La cl\u00e9 de plaque de pont Perko 1247 pour remplisseurs de pont a une construction en plastique noir et dispose d&#8217;un trou pour l&#8217;attacher \u00e0 un porte-cl\u00e9s. Cette cl\u00e9 de plaque de pont comprend des prongs et une fente. S&#8217;adapte aux plaques de pont Perko de 32 mm (1-1\/4&#8243;) et 38 mm (1-1\/2&#8243;) ainsi qu&#8217;\u00e0 de nombreuses autres plaques de type &#8220;fente&#8221;. \u00c9galement disponible en &#8217;emballage en gros&#8217; pour un usage OEM. La taille du carton est de 50 pi\u00e8ces. Commandez 50 x 1247000BLK. Caract\u00e9ristiques : Longueur : Total : 44 mm (1-3\/4&#8243;), Spade : 25 mm (1&#8243;). Marque : Perko. Construction : Plastique. Dimensions : Centre \u00e0 centre des soud\u00e9s : 28,5 mm (1-1\/8&#8243;). Convient pour : S&#8217;adapte aux plaques de pont de 1-1\/4&#8243; et 1-1\/2&#8243; de Perko.<\/p>\n","protected":false},"excerpt":{"rendered":"<p>Perko 1247 Cl\u00e9 de plaque de pont en plastique (pattes de 28mm) &#8211; Num\u00e9ro de pi\u00e8ce Perko : 1247DP0BLK. La<\/p>\n","protected":false},"featured_media":5944785,"comment_status":"closed","ping_status":"closed","template":"","meta":[],"product_brand":[3204],"product_cat":[1094,1227],"product_tag":[],"class_list":{"0":"post-3366893","1":"product","2":"type-product","3":"status-publish","4":"has-post-thumbnail","6":"product_brand-nova-argonautica-fr","7":"product_cat-remplissage-deau","8":"product_cat-remplisseurs-de-carburant","10":"first","11":"instock","12":"shipping-taxable","13":"purchasable","14":"product-type-simple"},"_links":{"self":[{"href":"https:\/\/stoic-curie.212-227-153-4.plesk.page\/fr\/wp-json\/wp\/v2\/product\/3366893","targetHints":{"allow":["GET"]}}],"collection":[{"href":"https:\/\/stoic-curie.212-227-153-4.plesk.page\/fr\/wp-json\/wp\/v2\/product"}],"about":[{"href":"https:\/\/stoic-curie.212-227-153-4.plesk.page\/fr\/wp-json\/wp\/v2\/types\/product"}],"replies":[{"embeddable":true,"href":"https:\/\/stoic-curie.212-227-153-4.plesk.page\/fr\/wp-json\/wp\/v2\/comments?post=3366893"}],"version-history":[{"count":0,"href":"https:\/\/stoic-curie.212-227-153-4.plesk.page\/fr\/wp-json\/wp\/v2\/product\/3366893\/revisions"}],"wp:featuredmedia":[{"embeddable":true,"href":"https:\/\/stoic-curie.212-227-153-4.plesk.page\/fr\/wp-json\/wp\/v2\/media\/5944785"}],"wp:attachment":[{"href":"https:\/\/stoic-curie.212-227-153-4.plesk.page\/fr\/wp-json\/wp\/v2\/media?parent=3366893"}],"wp:term":[{"taxonomy":"product_brand","embeddable":true,"href":"https:\/\/stoic-curie.212-227-153-4.plesk.page\/fr\/wp-json\/wp\/v2\/product_brand?post=3366893"},{"taxonomy":"product_cat","embeddable":true,"href":"https:\/\/stoic-curie.212-227-153-4.plesk.page\/fr\/wp-json\/wp\/v2\/product_cat?post=3366893"},{"taxonomy":"product_tag","embeddable":true,"href":"https:\/\/stoic-curie.212-227-153-4.plesk.page\/fr\/wp-json\/wp\/v2\/product_tag?post=3366893"}],"curies":[{"name":"wp","href":"https:\/\/api.w.org\/{rel}","templated":true}]}}