{"id":3366907,"date":"2025-10-09T22:17:15","date_gmt":"2025-10-10T02:17:15","guid":{"rendered":"https:\/\/stoic-curie.212-227-153-4.plesk.page\/product\/cle-de-remplissage-de-plate-forme-en-acier-inoxydable-4dek-winch\/"},"modified":"2026-02-24T23:08:37","modified_gmt":"2026-02-24T23:08:37","slug":"cle-de-remplissage-de-plate-forme-en-acier-inoxydable-4dek-winch","status":"publish","type":"product","link":"https:\/\/stoic-curie.212-227-153-4.plesk.page\/fr\/product\/cle-de-remplissage-de-plate-forme-en-acier-inoxydable-4dek-winch\/","title":{"rendered":"Cl\u00e9 de remplissage de plate-forme en acier inoxydable 4Dek ( winch)"},"content":{"rendered":"<p>Cl\u00e9 de remplissage de plate-forme en acier inoxydable 4Dek ( winch) &#8211; Cl\u00e9 de plaque de pont en acier inoxydable 316, adapt\u00e9e pour les bouchons de remplissage de type prise de treuil. Cette cl\u00e9 a un diam\u00e8tre ext\u00e9rieur de 25 mm en forme d&#8217;\u00e9toile.<\/p>\n<p>### Sp\u00e9cifications<\/p>\n<p>| **Marque**                | 4Dek |<br \/>\n|&#8212;&#8212;&#8212;&#8212;&#8212;&#8212;&#8212;&#8212;&#8212;|&#8212;&#8212;-|<br \/>\n| **Construction**          | Acier Inoxydable Marin de Qualit\u00e9 316 |<br \/>\n| **Dimensions**            | \u00c9toile de 25 mm OD |<br \/>\n| **Compatibilit\u00e9**         | Bouchons de Remplissage de Prise de Treuil |<\/p>\n","protected":false},"excerpt":{"rendered":"<p>Cl\u00e9 de remplissage de plate-forme en acier inoxydable 4Dek ( winch) &#8211; Cl\u00e9 de plaque de pont en acier inoxydable<\/p>\n","protected":false},"featured_media":5944786,"comment_status":"closed","ping_status":"closed","template":"","meta":[],"product_brand":[3119],"product_cat":[1094],"product_tag":[],"class_list":{"0":"post-3366907","1":"product","2":"type-product","3":"status-publish","4":"has-post-thumbnail","6":"product_brand-marinetech-fr","7":"product_cat-remplissage-deau","9":"first","10":"instock","11":"shipping-taxable","12":"purchasable","13":"product-type-simple"},"_links":{"self":[{"href":"https:\/\/stoic-curie.212-227-153-4.plesk.page\/fr\/wp-json\/wp\/v2\/product\/3366907","targetHints":{"allow":["GET"]}}],"collection":[{"href":"https:\/\/stoic-curie.212-227-153-4.plesk.page\/fr\/wp-json\/wp\/v2\/product"}],"about":[{"href":"https:\/\/stoic-curie.212-227-153-4.plesk.page\/fr\/wp-json\/wp\/v2\/types\/product"}],"replies":[{"embeddable":true,"href":"https:\/\/stoic-curie.212-227-153-4.plesk.page\/fr\/wp-json\/wp\/v2\/comments?post=3366907"}],"version-history":[{"count":0,"href":"https:\/\/stoic-curie.212-227-153-4.plesk.page\/fr\/wp-json\/wp\/v2\/product\/3366907\/revisions"}],"wp:featuredmedia":[{"embeddable":true,"href":"https:\/\/stoic-curie.212-227-153-4.plesk.page\/fr\/wp-json\/wp\/v2\/media\/5944786"}],"wp:attachment":[{"href":"https:\/\/stoic-curie.212-227-153-4.plesk.page\/fr\/wp-json\/wp\/v2\/media?parent=3366907"}],"wp:term":[{"taxonomy":"product_brand","embeddable":true,"href":"https:\/\/stoic-curie.212-227-153-4.plesk.page\/fr\/wp-json\/wp\/v2\/product_brand?post=3366907"},{"taxonomy":"product_cat","embeddable":true,"href":"https:\/\/stoic-curie.212-227-153-4.plesk.page\/fr\/wp-json\/wp\/v2\/product_cat?post=3366907"},{"taxonomy":"product_tag","embeddable":true,"href":"https:\/\/stoic-curie.212-227-153-4.plesk.page\/fr\/wp-json\/wp\/v2\/product_tag?post=3366907"}],"curies":[{"name":"wp","href":"https:\/\/api.w.org\/{rel}","templated":true}]}}