{"id":3366909,"date":"2025-10-09T22:17:15","date_gmt":"2025-10-10T02:17:15","guid":{"rendered":"https:\/\/stoic-curie.212-227-153-4.plesk.page\/product\/raccord-de-connecteur-de-tuyau-de-jg-speedfit-pour-le-tuyau-de-15mm-femelle-de-3-4-de-bsp\/"},"modified":"2026-02-24T23:08:37","modified_gmt":"2026-02-24T23:08:37","slug":"raccord-de-connecteur-de-tuyau-de-jg-speedfit-pour-le-tuyau-de-15mm-femelle-de-3-4-de-bsp","status":"publish","type":"product","link":"https:\/\/stoic-curie.212-227-153-4.plesk.page\/fr\/product\/raccord-de-connecteur-de-tuyau-de-jg-speedfit-pour-le-tuyau-de-15mm-femelle-de-3-4-de-bsp\/","title":{"rendered":"Raccord de connecteur de tuyau de JG Speedfit pour le tuyau de 15mm (femelle de 3\/4\u00a0\u00bb de BSP)"},"content":{"rendered":"<p>Raccord de connecteur de tuyau de JG Speedfit pour le tuyau de 15mm (femelle de 3\/4\u00a0\u00bb de BSP) &#8211; Le raccord en plastique \u00e0 embo\u00eetement John Guest Speedfit est con\u00e7u pour connecter des tuyaux en plastique ou en cuivre dans des syst\u00e8mes d&#8217;eau chaude ou froide. Le connecteur femelle dispose d&#8217;une connexion femelle BSP de 3\/4&#8243; et d&#8217;une connexion Speedfit pour tuyaux de 15 mm. Ce raccord \u00e0 embo\u00eetement est sans plomb, non toxique et exempt de d\u00e9p\u00f4ts de calcaire et de corrosion. Pour l&#8217;installation, poussez simplement le raccord compl\u00e8tement sur le tuyau et tournez l&#8217;\u00e9crou en plastique dans le sens des aiguilles d&#8217;une montre pour le verrouiller en place. Pour retirer la connexion, d\u00e9verrouillez l&#8217;\u00e9crou et poussez la collerette vers le corps du raccord tout en tirant sur le tuyau pour le lib\u00e9rer. Le raccord \u00e0 embo\u00eetement facilite l&#8217;installation dans des espaces restreints, et la dur\u00e9e d&#8217;installation peut \u00eatre r\u00e9duite d&#8217;environ 40 % par rapport aux m\u00e9thodes de fixation standard.<\/p>\n","protected":false},"excerpt":{"rendered":"<p>Raccord de connecteur de tuyau de JG Speedfit pour le tuyau de 15mm (femelle de 3\/4\u00a0\u00bb de BSP) &#8211; Le<\/p>\n","protected":false},"featured_media":5944792,"comment_status":"closed","ping_status":"closed","template":"","meta":[],"product_brand":[3424],"product_cat":[1087],"product_tag":[],"class_list":{"0":"post-3366909","1":"product","2":"type-product","3":"status-publish","4":"has-post-thumbnail","6":"product_brand-speedfit-fr","7":"product_cat-plomberie-en-plastique","9":"first","10":"instock","11":"shipping-taxable","12":"purchasable","13":"product-type-simple"},"_links":{"self":[{"href":"https:\/\/stoic-curie.212-227-153-4.plesk.page\/fr\/wp-json\/wp\/v2\/product\/3366909","targetHints":{"allow":["GET"]}}],"collection":[{"href":"https:\/\/stoic-curie.212-227-153-4.plesk.page\/fr\/wp-json\/wp\/v2\/product"}],"about":[{"href":"https:\/\/stoic-curie.212-227-153-4.plesk.page\/fr\/wp-json\/wp\/v2\/types\/product"}],"replies":[{"embeddable":true,"href":"https:\/\/stoic-curie.212-227-153-4.plesk.page\/fr\/wp-json\/wp\/v2\/comments?post=3366909"}],"version-history":[{"count":0,"href":"https:\/\/stoic-curie.212-227-153-4.plesk.page\/fr\/wp-json\/wp\/v2\/product\/3366909\/revisions"}],"wp:featuredmedia":[{"embeddable":true,"href":"https:\/\/stoic-curie.212-227-153-4.plesk.page\/fr\/wp-json\/wp\/v2\/media\/5944792"}],"wp:attachment":[{"href":"https:\/\/stoic-curie.212-227-153-4.plesk.page\/fr\/wp-json\/wp\/v2\/media?parent=3366909"}],"wp:term":[{"taxonomy":"product_brand","embeddable":true,"href":"https:\/\/stoic-curie.212-227-153-4.plesk.page\/fr\/wp-json\/wp\/v2\/product_brand?post=3366909"},{"taxonomy":"product_cat","embeddable":true,"href":"https:\/\/stoic-curie.212-227-153-4.plesk.page\/fr\/wp-json\/wp\/v2\/product_cat?post=3366909"},{"taxonomy":"product_tag","embeddable":true,"href":"https:\/\/stoic-curie.212-227-153-4.plesk.page\/fr\/wp-json\/wp\/v2\/product_tag?post=3366909"}],"curies":[{"name":"wp","href":"https:\/\/api.w.org\/{rel}","templated":true}]}}