{"id":3366923,"date":"2025-10-09T22:17:16","date_gmt":"2025-10-10T02:17:16","guid":{"rendered":"https:\/\/stoic-curie.212-227-153-4.plesk.page\/product\/raccord-dinsertion-de-tuyau-de-jg-speedfit-pour-le-tuyau-de-15mm\/"},"modified":"2026-02-24T23:08:37","modified_gmt":"2026-02-24T23:08:37","slug":"raccord-dinsertion-de-tuyau-de-jg-speedfit-pour-le-tuyau-de-15mm","status":"publish","type":"product","link":"https:\/\/stoic-curie.212-227-153-4.plesk.page\/fr\/product\/raccord-dinsertion-de-tuyau-de-jg-speedfit-pour-le-tuyau-de-15mm\/","title":{"rendered":"Raccord d\u2019insertion de tuyau de JG Speedfit pour le tuyau de 15mm"},"content":{"rendered":"<p>Raccord d\u2019insertion de tuyau de JG Speedfit pour le tuyau de 15mm &#8211; <\/p>\n<div class=\"col-24 col-md-15\">\n<p>Le tube ins\u00e9rable John Guest Speedfit est utilis\u00e9 pour relier un tube Speedfit \u00e0 un raccord Speedfit, ou pour connecter un tube Speedfit \u00e0 un raccord \u00e0 compression. Cet insert de tube Speedfit convient pour les tubes de 15 mm.<\/p>\n<\/div>\n<h3>Sp\u00e9cifications<\/h3>\n<table class=\"table\">\n<tbody>\n<tr>\n<td><strong>Marque<\/strong><\/td>\n<td>JG Speedfit<\/td>\n<\/tr>\n<tr>\n<td><strong>Raccord<\/strong><\/td>\n<td>Raccord Push-Fit<\/td>\n<\/tr>\n<tr>\n<td><strong>Pays d&#8217;origine<\/strong><\/td>\n<td>Royaume-Uni<\/td>\n<\/tr>\n<tr>\n<td><strong>Construction<\/strong><\/td>\n<td>Plastique<\/td>\n<\/tr>\n<tr>\n<td><strong>Diam\u00e8tre<\/strong><\/td>\n<td>Pour tube de 15 mm<\/td>\n<\/tr>\n<\/tbody>\n<\/table>\n","protected":false},"excerpt":{"rendered":"<p>Raccord d\u2019insertion de tuyau de JG Speedfit pour le tuyau de 15mm &#8211; Le tube ins\u00e9rable John Guest Speedfit est<\/p>\n","protected":false},"featured_media":5944794,"comment_status":"closed","ping_status":"closed","template":"","meta":[],"product_brand":[3424],"product_cat":[1087],"product_tag":[],"class_list":{"0":"post-3366923","1":"product","2":"type-product","3":"status-publish","4":"has-post-thumbnail","6":"product_brand-speedfit-fr","7":"product_cat-plomberie-en-plastique","9":"first","10":"instock","11":"shipping-taxable","12":"purchasable","13":"product-type-simple"},"_links":{"self":[{"href":"https:\/\/stoic-curie.212-227-153-4.plesk.page\/fr\/wp-json\/wp\/v2\/product\/3366923","targetHints":{"allow":["GET"]}}],"collection":[{"href":"https:\/\/stoic-curie.212-227-153-4.plesk.page\/fr\/wp-json\/wp\/v2\/product"}],"about":[{"href":"https:\/\/stoic-curie.212-227-153-4.plesk.page\/fr\/wp-json\/wp\/v2\/types\/product"}],"replies":[{"embeddable":true,"href":"https:\/\/stoic-curie.212-227-153-4.plesk.page\/fr\/wp-json\/wp\/v2\/comments?post=3366923"}],"version-history":[{"count":0,"href":"https:\/\/stoic-curie.212-227-153-4.plesk.page\/fr\/wp-json\/wp\/v2\/product\/3366923\/revisions"}],"wp:featuredmedia":[{"embeddable":true,"href":"https:\/\/stoic-curie.212-227-153-4.plesk.page\/fr\/wp-json\/wp\/v2\/media\/5944794"}],"wp:attachment":[{"href":"https:\/\/stoic-curie.212-227-153-4.plesk.page\/fr\/wp-json\/wp\/v2\/media?parent=3366923"}],"wp:term":[{"taxonomy":"product_brand","embeddable":true,"href":"https:\/\/stoic-curie.212-227-153-4.plesk.page\/fr\/wp-json\/wp\/v2\/product_brand?post=3366923"},{"taxonomy":"product_cat","embeddable":true,"href":"https:\/\/stoic-curie.212-227-153-4.plesk.page\/fr\/wp-json\/wp\/v2\/product_cat?post=3366923"},{"taxonomy":"product_tag","embeddable":true,"href":"https:\/\/stoic-curie.212-227-153-4.plesk.page\/fr\/wp-json\/wp\/v2\/product_tag?post=3366923"}],"curies":[{"name":"wp","href":"https:\/\/api.w.org\/{rel}","templated":true}]}}