{"id":3366931,"date":"2025-10-09T22:17:16","date_gmt":"2025-10-10T02:17:16","guid":{"rendered":"https:\/\/stoic-curie.212-227-153-4.plesk.page\/product\/maestrini-chromed-brass-shell-tank-vent-avec-gaze-3-8-bsp\/"},"modified":"2026-02-24T23:08:37","modified_gmt":"2026-02-24T23:08:37","slug":"maestrini-chromed-brass-shell-tank-vent-avec-gaze-3-8-bsp","status":"publish","type":"product","link":"https:\/\/stoic-curie.212-227-153-4.plesk.page\/fr\/product\/maestrini-chromed-brass-shell-tank-vent-avec-gaze-3-8-bsp\/","title":{"rendered":"Maestrini Chromed Brass Shell Tank Vent avec Gaze (3\/8\u00a0\u00bb BSP)"},"content":{"rendered":"<p>Maestrini Chromed Brass Shell Tank Vent avec Gaze (3\/8\u00a0\u00bb BSP) &#8211; Vanne de ventilation de r\u00e9servoir en laiton chrom\u00e9, adapt\u00e9e pour une utilisation en tant que vanne traversante pour r\u00e9servoirs de carburant, r\u00e9servoirs d&#8217;eau douce et r\u00e9servoirs de retenue. La vanne filet\u00e9e est livr\u00e9e avec un filet en acier inoxydable r\u00e9sistant aux flammes ainsi qu&#8217;une \u00e9crou de fixation et une rondelle en laiton. <\/p>\n<h3>Sp\u00e9cifications<\/h3>\n<table class='table'>\n<tbody>\n<tr>\n<td><strong>Longueur<\/strong><\/td>\n<td>Totale : 91,5 mm, Coquille : 57 mm, Fil : 70,5 mm<\/td>\n<\/tr>\n<tr>\n<td><strong>Largeur<\/strong><\/td>\n<td>Largeur maximum de la coquille : 35 mm<\/td>\n<\/tr>\n<tr>\n<td><strong>Marque<\/strong><\/td>\n<td>Maestrini<\/td>\n<\/tr>\n<tr>\n<td><strong>Pays d&#8217;origine<\/strong><\/td>\n<td>Italie<\/td>\n<\/tr>\n<tr>\n<td><strong>Arr\u00eat de flamme<\/strong><\/td>\n<td>Oui<\/td>\n<\/tr>\n<tr>\n<td><strong>Construction<\/strong><\/td>\n<td>Laiton chrom\u00e9<\/td>\n<\/tr>\n<tr>\n<td><strong>Classe de pression<\/strong><\/td>\n<td>580 PSI (40 Bar)<\/td>\n<\/tr>\n<tr>\n<td><strong>Remplace<\/strong><\/td>\n<td>Vanne de r\u00e9servoir Shell 305200.<\/td>\n<\/tr>\n<tr>\n<td><strong>Forme<\/strong><\/td>\n<td>Droit<\/td>\n<\/tr>\n<tr>\n<td><strong>Taille de filetage<\/strong><\/td>\n<td>3\/8&#8243; BSP M\u00e2le<\/td>\n<\/tr>\n<\/tbody>\n<\/table>\n","protected":false},"excerpt":{"rendered":"<p>Maestrini Chromed Brass Shell Tank Vent avec Gaze (3\/8\u00a0\u00bb BSP) &#8211; Vanne de ventilation de r\u00e9servoir en laiton chrom\u00e9, adapt\u00e9e<\/p>\n","protected":false},"featured_media":5944796,"comment_status":"closed","ping_status":"closed","template":"","meta":[],"product_brand":[3234],"product_cat":[1125,1226],"product_tag":[],"class_list":{"0":"post-3366931","1":"product","2":"type-product","3":"status-publish","4":"has-post-thumbnail","6":"product_brand-osculati-fr","7":"product_cat-events-de-pont","8":"product_cat-reservoirs-de-carburant","10":"first","11":"instock","12":"shipping-taxable","13":"purchasable","14":"product-type-simple"},"_links":{"self":[{"href":"https:\/\/stoic-curie.212-227-153-4.plesk.page\/fr\/wp-json\/wp\/v2\/product\/3366931","targetHints":{"allow":["GET"]}}],"collection":[{"href":"https:\/\/stoic-curie.212-227-153-4.plesk.page\/fr\/wp-json\/wp\/v2\/product"}],"about":[{"href":"https:\/\/stoic-curie.212-227-153-4.plesk.page\/fr\/wp-json\/wp\/v2\/types\/product"}],"replies":[{"embeddable":true,"href":"https:\/\/stoic-curie.212-227-153-4.plesk.page\/fr\/wp-json\/wp\/v2\/comments?post=3366931"}],"version-history":[{"count":0,"href":"https:\/\/stoic-curie.212-227-153-4.plesk.page\/fr\/wp-json\/wp\/v2\/product\/3366931\/revisions"}],"wp:featuredmedia":[{"embeddable":true,"href":"https:\/\/stoic-curie.212-227-153-4.plesk.page\/fr\/wp-json\/wp\/v2\/media\/5944796"}],"wp:attachment":[{"href":"https:\/\/stoic-curie.212-227-153-4.plesk.page\/fr\/wp-json\/wp\/v2\/media?parent=3366931"}],"wp:term":[{"taxonomy":"product_brand","embeddable":true,"href":"https:\/\/stoic-curie.212-227-153-4.plesk.page\/fr\/wp-json\/wp\/v2\/product_brand?post=3366931"},{"taxonomy":"product_cat","embeddable":true,"href":"https:\/\/stoic-curie.212-227-153-4.plesk.page\/fr\/wp-json\/wp\/v2\/product_cat?post=3366931"},{"taxonomy":"product_tag","embeddable":true,"href":"https:\/\/stoic-curie.212-227-153-4.plesk.page\/fr\/wp-json\/wp\/v2\/product_tag?post=3366931"}],"curies":[{"name":"wp","href":"https:\/\/api.w.org\/{rel}","templated":true}]}}