{"id":3366941,"date":"2025-10-09T22:17:16","date_gmt":"2025-10-10T02:17:16","guid":{"rendered":"https:\/\/stoic-curie.212-227-153-4.plesk.page\/product\/maestrini-chromed-brass-shell-tank-vent-avec-gaze-1-2-bsp\/"},"modified":"2026-02-24T23:08:37","modified_gmt":"2026-02-24T23:08:37","slug":"maestrini-chromed-brass-shell-tank-vent-avec-gaze-1-2-bsp","status":"publish","type":"product","link":"https:\/\/stoic-curie.212-227-153-4.plesk.page\/fr\/product\/maestrini-chromed-brass-shell-tank-vent-avec-gaze-1-2-bsp\/","title":{"rendered":"Maestrini Chromed Brass Shell Tank Vent avec Gaze (1\/2\u00a0\u00bb BSP)"},"content":{"rendered":"<p>Maestrini Chromed Brass Shell Tank Vent avec Gaze (1\/2\u00a0\u00bb BSP) &#8211; Le vent de r\u00e9servoir Maestrini est en laiton chrom\u00e9 et est con\u00e7u pour \u00eatre utilis\u00e9 comme a\u00e9ration \u00e0 travers le car\u00e9nage pour r\u00e9servoirs de carburant, r\u00e9servoirs d&#8217;eau douce et r\u00e9servoirs de retenue. Le ventil de r\u00e9servoir filet\u00e9e est livr\u00e9 complet avec un tamis r\u00e9sistant aux flammes en acier inoxydable ainsi qu&#8217;un \u00e9crou et une rondelle de fixation en laiton.<\/p>\n","protected":false},"excerpt":{"rendered":"<p>Maestrini Chromed Brass Shell Tank Vent avec Gaze (1\/2\u00a0\u00bb BSP) &#8211; Le vent de r\u00e9servoir Maestrini est en laiton chrom\u00e9<\/p>\n","protected":false},"featured_media":5944798,"comment_status":"closed","ping_status":"closed","template":"","meta":[],"product_brand":[3234],"product_cat":[1125,1226],"product_tag":[],"class_list":{"0":"post-3366941","1":"product","2":"type-product","3":"status-publish","4":"has-post-thumbnail","6":"product_brand-osculati-fr","7":"product_cat-events-de-pont","8":"product_cat-reservoirs-de-carburant","10":"first","11":"instock","12":"shipping-taxable","13":"purchasable","14":"product-type-simple"},"_links":{"self":[{"href":"https:\/\/stoic-curie.212-227-153-4.plesk.page\/fr\/wp-json\/wp\/v2\/product\/3366941","targetHints":{"allow":["GET"]}}],"collection":[{"href":"https:\/\/stoic-curie.212-227-153-4.plesk.page\/fr\/wp-json\/wp\/v2\/product"}],"about":[{"href":"https:\/\/stoic-curie.212-227-153-4.plesk.page\/fr\/wp-json\/wp\/v2\/types\/product"}],"replies":[{"embeddable":true,"href":"https:\/\/stoic-curie.212-227-153-4.plesk.page\/fr\/wp-json\/wp\/v2\/comments?post=3366941"}],"version-history":[{"count":0,"href":"https:\/\/stoic-curie.212-227-153-4.plesk.page\/fr\/wp-json\/wp\/v2\/product\/3366941\/revisions"}],"wp:featuredmedia":[{"embeddable":true,"href":"https:\/\/stoic-curie.212-227-153-4.plesk.page\/fr\/wp-json\/wp\/v2\/media\/5944798"}],"wp:attachment":[{"href":"https:\/\/stoic-curie.212-227-153-4.plesk.page\/fr\/wp-json\/wp\/v2\/media?parent=3366941"}],"wp:term":[{"taxonomy":"product_brand","embeddable":true,"href":"https:\/\/stoic-curie.212-227-153-4.plesk.page\/fr\/wp-json\/wp\/v2\/product_brand?post=3366941"},{"taxonomy":"product_cat","embeddable":true,"href":"https:\/\/stoic-curie.212-227-153-4.plesk.page\/fr\/wp-json\/wp\/v2\/product_cat?post=3366941"},{"taxonomy":"product_tag","embeddable":true,"href":"https:\/\/stoic-curie.212-227-153-4.plesk.page\/fr\/wp-json\/wp\/v2\/product_tag?post=3366941"}],"curies":[{"name":"wp","href":"https:\/\/api.w.org\/{rel}","templated":true}]}}