{"id":3366955,"date":"2025-10-09T22:17:17","date_gmt":"2025-10-10T02:17:17","guid":{"rendered":"https:\/\/stoic-curie.212-227-153-4.plesk.page\/product\/maestrini-chromed-brass-shell-tank-vent-avec-gaze-1-bsp\/"},"modified":"2026-02-24T23:08:37","modified_gmt":"2026-02-24T23:08:37","slug":"maestrini-chromed-brass-shell-tank-vent-avec-gaze-1-bsp","status":"publish","type":"product","link":"https:\/\/stoic-curie.212-227-153-4.plesk.page\/fr\/product\/maestrini-chromed-brass-shell-tank-vent-avec-gaze-1-bsp\/","title":{"rendered":"Maestrini Chromed Brass Shell Tank Vent avec Gaze (1\u00a0\u00bb BSP)"},"content":{"rendered":"<p>Maestrini Chromed Brass Shell Tank Vent avec Gaze (1\u00a0\u00bb BSP) &#8211; Le dispositif de ventilation de r\u00e9servoir Maestrini est en laiton chrom\u00e9 et est adapt\u00e9 \u00e0 une utilisation comme ventilation \u00e0 travers un bulkhead pour les r\u00e9servoirs de carburant, les r\u00e9servoirs d&#8217;eau douce et les r\u00e9servoirs de retenue. Le ventilateur \u00e0 vis est livr\u00e9 avec un \u00e9cran anti-flammes en acier inoxydable, ainsi qu&#8217;un \u00e9crou de fixation et une rondelle en laiton. <\/p>\n<p>**Sp\u00e9cifications**<br \/>\n&#8211; **Longueur**: Longueur totale: 101 mm, Filetage: 77 mm<br \/>\n&#8211; **Marque**: Maestrini<br \/>\n&#8211; **Pays d&#8217;origine**: Italie<br \/>\n&#8211; **Dispositif anti-flamme**: Oui<br \/>\n&#8211; **Construction**: Laiton chrom\u00e9<br \/>\n&#8211; **Pression maximale**: 580 PSI (40 Bar)<br \/>\n&#8211; **Forme**: Droite<br \/>\n&#8211; **Taille de filetage**: 1&#8243; BSP m\u00e2le<\/p>\n","protected":false},"excerpt":{"rendered":"<p>Maestrini Chromed Brass Shell Tank Vent avec Gaze (1\u00a0\u00bb BSP) &#8211; Le dispositif de ventilation de r\u00e9servoir Maestrini est en<\/p>\n","protected":false},"featured_media":5944802,"comment_status":"closed","ping_status":"closed","template":"","meta":[],"product_brand":[3234],"product_cat":[1125,1226],"product_tag":[],"class_list":{"0":"post-3366955","1":"product","2":"type-product","3":"status-publish","4":"has-post-thumbnail","6":"product_brand-osculati-fr","7":"product_cat-events-de-pont","8":"product_cat-reservoirs-de-carburant","10":"first","11":"instock","12":"shipping-taxable","13":"purchasable","14":"product-type-simple"},"_links":{"self":[{"href":"https:\/\/stoic-curie.212-227-153-4.plesk.page\/fr\/wp-json\/wp\/v2\/product\/3366955","targetHints":{"allow":["GET"]}}],"collection":[{"href":"https:\/\/stoic-curie.212-227-153-4.plesk.page\/fr\/wp-json\/wp\/v2\/product"}],"about":[{"href":"https:\/\/stoic-curie.212-227-153-4.plesk.page\/fr\/wp-json\/wp\/v2\/types\/product"}],"replies":[{"embeddable":true,"href":"https:\/\/stoic-curie.212-227-153-4.plesk.page\/fr\/wp-json\/wp\/v2\/comments?post=3366955"}],"version-history":[{"count":0,"href":"https:\/\/stoic-curie.212-227-153-4.plesk.page\/fr\/wp-json\/wp\/v2\/product\/3366955\/revisions"}],"wp:featuredmedia":[{"embeddable":true,"href":"https:\/\/stoic-curie.212-227-153-4.plesk.page\/fr\/wp-json\/wp\/v2\/media\/5944802"}],"wp:attachment":[{"href":"https:\/\/stoic-curie.212-227-153-4.plesk.page\/fr\/wp-json\/wp\/v2\/media?parent=3366955"}],"wp:term":[{"taxonomy":"product_brand","embeddable":true,"href":"https:\/\/stoic-curie.212-227-153-4.plesk.page\/fr\/wp-json\/wp\/v2\/product_brand?post=3366955"},{"taxonomy":"product_cat","embeddable":true,"href":"https:\/\/stoic-curie.212-227-153-4.plesk.page\/fr\/wp-json\/wp\/v2\/product_cat?post=3366955"},{"taxonomy":"product_tag","embeddable":true,"href":"https:\/\/stoic-curie.212-227-153-4.plesk.page\/fr\/wp-json\/wp\/v2\/product_tag?post=3366955"}],"curies":[{"name":"wp","href":"https:\/\/api.w.org\/{rel}","templated":true}]}}