{"id":3366969,"date":"2025-10-09T22:17:17","date_gmt":"2025-10-10T02:17:17","guid":{"rendered":"https:\/\/stoic-curie.212-227-153-4.plesk.page\/product\/maestrini-chromed-brass-shell-tank-vent-avec-gaze-1-1-4-bsp\/"},"modified":"2026-02-24T23:08:37","modified_gmt":"2026-02-24T23:08:37","slug":"maestrini-chromed-brass-shell-tank-vent-avec-gaze-1-1-4-bsp","status":"publish","type":"product","link":"https:\/\/stoic-curie.212-227-153-4.plesk.page\/fr\/product\/maestrini-chromed-brass-shell-tank-vent-avec-gaze-1-1-4-bsp\/","title":{"rendered":"Maestrini Chromed Brass Shell Tank Vent avec Gaze (1-1\/4\u00a0\u00bb BSP)"},"content":{"rendered":"<p>Maestrini Chromed Brass Shell Tank Vent avec Gaze (1-1\/4\u00a0\u00bb BSP) &#8211; Le ventilateur de r\u00e9servoir Maestrini est fabriqu\u00e9 en laiton chrom\u00e9 et convient \u00e0 une utilisation comme \u00e9vent traversant pour les r\u00e9servoirs de carburant, les r\u00e9servoirs d&#8217;eau douce et les r\u00e9servoirs de retenue. Le vent de r\u00e9servoir filet\u00e9 est livr\u00e9 avec un tamis en acier inoxydable r\u00e9sistant aux flammes ainsi qu&#8217;un \u00e9crou de fixation et une rondelle en laiton. <\/p>\n<h3>Caract\u00e9ristiques<\/h3>\n<table class=\"table\">\n<tbody>\n<tr>\n<td><strong>Longueur<\/strong><\/td>\n<td>Longueur totale : 104,5 mm, Filetage : 78,5 mm<\/td>\n<\/tr>\n<tr>\n<td><strong>Marque<\/strong><\/td>\n<td>Maestrini<\/td>\n<\/tr>\n<tr>\n<td><strong>Pays d&#8217;origine<\/strong><\/td>\n<td>Italie<\/td>\n<\/tr>\n<tr>\n<td><strong>Arr\u00eat de flamme<\/strong><\/td>\n<td>Oui<\/td>\n<\/tr>\n<tr>\n<td><strong>Construction<\/strong><\/td>\n<td>Laiton chrom\u00e9<\/td>\n<\/tr>\n<tr>\n<td><strong>Indice de pression<\/strong><\/td>\n<td>363 PSI (25 Bar)<\/td>\n<\/tr>\n<tr>\n<td><strong>Forme<\/strong><\/td>\n<td>Droit<\/td>\n<\/tr>\n<tr>\n<td><strong>Taille de filet<\/strong><\/td>\n<td>1-1\/4&#8243; BSP M\u00e2le<\/td>\n<\/tr>\n<\/tbody>\n<\/table>\n","protected":false},"excerpt":{"rendered":"<p>Maestrini Chromed Brass Shell Tank Vent avec Gaze (1-1\/4\u00a0\u00bb BSP) &#8211; Le ventilateur de r\u00e9servoir Maestrini est fabriqu\u00e9 en laiton<\/p>\n","protected":false},"featured_media":5944804,"comment_status":"closed","ping_status":"closed","template":"","meta":[],"product_brand":[3234],"product_cat":[1125,1226],"product_tag":[],"class_list":{"0":"post-3366969","1":"product","2":"type-product","3":"status-publish","4":"has-post-thumbnail","6":"product_brand-osculati-fr","7":"product_cat-events-de-pont","8":"product_cat-reservoirs-de-carburant","10":"first","11":"instock","12":"shipping-taxable","13":"purchasable","14":"product-type-simple"},"_links":{"self":[{"href":"https:\/\/stoic-curie.212-227-153-4.plesk.page\/fr\/wp-json\/wp\/v2\/product\/3366969","targetHints":{"allow":["GET"]}}],"collection":[{"href":"https:\/\/stoic-curie.212-227-153-4.plesk.page\/fr\/wp-json\/wp\/v2\/product"}],"about":[{"href":"https:\/\/stoic-curie.212-227-153-4.plesk.page\/fr\/wp-json\/wp\/v2\/types\/product"}],"replies":[{"embeddable":true,"href":"https:\/\/stoic-curie.212-227-153-4.plesk.page\/fr\/wp-json\/wp\/v2\/comments?post=3366969"}],"version-history":[{"count":0,"href":"https:\/\/stoic-curie.212-227-153-4.plesk.page\/fr\/wp-json\/wp\/v2\/product\/3366969\/revisions"}],"wp:featuredmedia":[{"embeddable":true,"href":"https:\/\/stoic-curie.212-227-153-4.plesk.page\/fr\/wp-json\/wp\/v2\/media\/5944804"}],"wp:attachment":[{"href":"https:\/\/stoic-curie.212-227-153-4.plesk.page\/fr\/wp-json\/wp\/v2\/media?parent=3366969"}],"wp:term":[{"taxonomy":"product_brand","embeddable":true,"href":"https:\/\/stoic-curie.212-227-153-4.plesk.page\/fr\/wp-json\/wp\/v2\/product_brand?post=3366969"},{"taxonomy":"product_cat","embeddable":true,"href":"https:\/\/stoic-curie.212-227-153-4.plesk.page\/fr\/wp-json\/wp\/v2\/product_cat?post=3366969"},{"taxonomy":"product_tag","embeddable":true,"href":"https:\/\/stoic-curie.212-227-153-4.plesk.page\/fr\/wp-json\/wp\/v2\/product_tag?post=3366969"}],"curies":[{"name":"wp","href":"https:\/\/api.w.org\/{rel}","templated":true}]}}