{"id":3366976,"date":"2025-10-09T22:17:18","date_gmt":"2025-10-10T02:17:18","guid":{"rendered":"https:\/\/stoic-curie.212-227-153-4.plesk.page\/product\/maestrini-chromed-brass-shell-tank-vent-avec-gaze-1-1-2-bsp\/"},"modified":"2026-02-24T23:08:37","modified_gmt":"2026-02-24T23:08:37","slug":"maestrini-chromed-brass-shell-tank-vent-avec-gaze-1-1-2-bsp","status":"publish","type":"product","link":"https:\/\/stoic-curie.212-227-153-4.plesk.page\/fr\/product\/maestrini-chromed-brass-shell-tank-vent-avec-gaze-1-1-2-bsp\/","title":{"rendered":"Maestrini Chromed Brass Shell Tank Vent avec Gaze (1-1\/2\u00a0\u00bb BSP)"},"content":{"rendered":"<p>Maestrini Chromed Brass Shell Tank Vent avec Gaze (1-1\/2\u00a0\u00bb BSP) &#8211; Le ventil de r\u00e9servoir shell Maestrini est fabriqu\u00e9 en laiton chrom\u00e9 et convient comme ventil de travers\u00e9e pour les r\u00e9servoirs de carburant, les r\u00e9servoirs d&#8217;eau douce et les r\u00e9servoirs de retention. Le ventil \u00e0 filetage est livr\u00e9 avec une grille en acier inoxydable r\u00e9sistante aux flammes, ainsi qu&#8217;un \u00e9crou et une rondelle en laiton.<\/p>\n<p>Sp\u00e9cifications :<br \/>\n&#8211; Longueur : Total : 112 mm, Filetage : 79,5 mm<br \/>\n&#8211; Marque : Maestrini<br \/>\n&#8211; Pays d&#8217;origine : Italie<br \/>\n&#8211; Arr\u00eat-flamme : Oui<br \/>\n&#8211; Construction : Laiton chrom\u00e9<br \/>\n&#8211; Pression : 363 PSI (25 Bar)<br \/>\n&#8211; Forme : Droite<br \/>\n&#8211; Taille de filetage : 1-1\/2&#8243; BSP M\u00e2le<\/p>\n","protected":false},"excerpt":{"rendered":"<p>Maestrini Chromed Brass Shell Tank Vent avec Gaze (1-1\/2\u00a0\u00bb BSP) &#8211; Le ventil de r\u00e9servoir shell Maestrini est fabriqu\u00e9 en<\/p>\n","protected":false},"featured_media":5944806,"comment_status":"closed","ping_status":"closed","template":"","meta":[],"product_brand":[3234],"product_cat":[1125,1226],"product_tag":[],"class_list":{"0":"post-3366976","1":"product","2":"type-product","3":"status-publish","4":"has-post-thumbnail","6":"product_brand-osculati-fr","7":"product_cat-events-de-pont","8":"product_cat-reservoirs-de-carburant","10":"first","11":"instock","12":"shipping-taxable","13":"purchasable","14":"product-type-simple"},"_links":{"self":[{"href":"https:\/\/stoic-curie.212-227-153-4.plesk.page\/fr\/wp-json\/wp\/v2\/product\/3366976","targetHints":{"allow":["GET"]}}],"collection":[{"href":"https:\/\/stoic-curie.212-227-153-4.plesk.page\/fr\/wp-json\/wp\/v2\/product"}],"about":[{"href":"https:\/\/stoic-curie.212-227-153-4.plesk.page\/fr\/wp-json\/wp\/v2\/types\/product"}],"replies":[{"embeddable":true,"href":"https:\/\/stoic-curie.212-227-153-4.plesk.page\/fr\/wp-json\/wp\/v2\/comments?post=3366976"}],"version-history":[{"count":0,"href":"https:\/\/stoic-curie.212-227-153-4.plesk.page\/fr\/wp-json\/wp\/v2\/product\/3366976\/revisions"}],"wp:featuredmedia":[{"embeddable":true,"href":"https:\/\/stoic-curie.212-227-153-4.plesk.page\/fr\/wp-json\/wp\/v2\/media\/5944806"}],"wp:attachment":[{"href":"https:\/\/stoic-curie.212-227-153-4.plesk.page\/fr\/wp-json\/wp\/v2\/media?parent=3366976"}],"wp:term":[{"taxonomy":"product_brand","embeddable":true,"href":"https:\/\/stoic-curie.212-227-153-4.plesk.page\/fr\/wp-json\/wp\/v2\/product_brand?post=3366976"},{"taxonomy":"product_cat","embeddable":true,"href":"https:\/\/stoic-curie.212-227-153-4.plesk.page\/fr\/wp-json\/wp\/v2\/product_cat?post=3366976"},{"taxonomy":"product_tag","embeddable":true,"href":"https:\/\/stoic-curie.212-227-153-4.plesk.page\/fr\/wp-json\/wp\/v2\/product_tag?post=3366976"}],"curies":[{"name":"wp","href":"https:\/\/api.w.org\/{rel}","templated":true}]}}