{"id":3366990,"date":"2025-10-09T22:17:18","date_gmt":"2025-10-10T02:17:18","guid":{"rendered":"https:\/\/stoic-curie.212-227-153-4.plesk.page\/product\/driveforce-beneteau-jeanneau-prop-shaft-bearing-22-x-29-x-75mm\/"},"modified":"2026-02-24T23:08:37","modified_gmt":"2026-02-24T23:08:37","slug":"driveforce-beneteau-jeanneau-prop-shaft-bearing-22-x-29-x-75mm","status":"publish","type":"product","link":"https:\/\/stoic-curie.212-227-153-4.plesk.page\/fr\/product\/driveforce-beneteau-jeanneau-prop-shaft-bearing-22-x-29-x-75mm\/","title":{"rendered":"DriveForce Beneteau Jeanneau Prop Shaft Bearing (22 x 29 x 75mm)"},"content":{"rendered":"<p>DriveForce Beneteau Jeanneau Prop Shaft Bearing (22 x 29 x 75mm) &#8211; Manchon de roulement de remplacement con\u00e7u pour remplacer le roulement d&#8217;axe de propulsion sp\u00e9cial mont\u00e9 sur de nombreux voiliers Beneteau, Jeanneau et Dufour. Ce roulement est fourni complet avec 2 vis de localisation non m\u00e9talliques. Ce roulement est destin\u00e9 \u00e0 un axe de propulsion de 22 mm de diam\u00e8tre et mesure 29 mm de diam\u00e8tre ext\u00e9rieur x 75 mm de long. (\u00e9paisseur de 3,5 mm)<\/p>\n<h3>Sp\u00e9cifications<\/h3>\n<table class=\"table\">\n<tbody>\n<tr>\n<td><strong>Longueur<\/strong><\/td>\n<td>75 mm<\/td>\n<\/tr>\n<tr>\n<td><strong>Marque<\/strong><\/td>\n<td>Drive Force<\/td>\n<\/tr>\n<tr>\n<td><strong>Taille de l&#8217;axe<\/strong><\/td>\n<td>22 mm<\/td>\n<\/tr>\n<tr>\n<td><strong>Diam\u00e8tre<\/strong><\/td>\n<td>OD: 29 mm<\/td>\n<\/tr>\n<tr>\n<td><strong>\u00c9paisseur<\/strong><\/td>\n<td>3,5 mm<\/td>\n<\/tr>\n<\/tbody>\n<\/table>\n","protected":false},"excerpt":{"rendered":"<p>DriveForce Beneteau Jeanneau Prop Shaft Bearing (22 x 29 x 75mm) &#8211; Manchon de roulement de remplacement con\u00e7u pour remplacer<\/p>\n","protected":false},"featured_media":5944816,"comment_status":"closed","ping_status":"closed","template":"","meta":[],"product_brand":[3224],"product_cat":[1238],"product_tag":[],"class_list":{"0":"post-3366990","1":"product","2":"type-product","3":"status-publish","4":"has-post-thumbnail","6":"product_brand-orbitrade-marine-fr","7":"product_cat-paliers-darbre-dhelice","9":"first","10":"instock","11":"shipping-taxable","12":"purchasable","13":"product-type-simple"},"_links":{"self":[{"href":"https:\/\/stoic-curie.212-227-153-4.plesk.page\/fr\/wp-json\/wp\/v2\/product\/3366990","targetHints":{"allow":["GET"]}}],"collection":[{"href":"https:\/\/stoic-curie.212-227-153-4.plesk.page\/fr\/wp-json\/wp\/v2\/product"}],"about":[{"href":"https:\/\/stoic-curie.212-227-153-4.plesk.page\/fr\/wp-json\/wp\/v2\/types\/product"}],"replies":[{"embeddable":true,"href":"https:\/\/stoic-curie.212-227-153-4.plesk.page\/fr\/wp-json\/wp\/v2\/comments?post=3366990"}],"version-history":[{"count":0,"href":"https:\/\/stoic-curie.212-227-153-4.plesk.page\/fr\/wp-json\/wp\/v2\/product\/3366990\/revisions"}],"wp:featuredmedia":[{"embeddable":true,"href":"https:\/\/stoic-curie.212-227-153-4.plesk.page\/fr\/wp-json\/wp\/v2\/media\/5944816"}],"wp:attachment":[{"href":"https:\/\/stoic-curie.212-227-153-4.plesk.page\/fr\/wp-json\/wp\/v2\/media?parent=3366990"}],"wp:term":[{"taxonomy":"product_brand","embeddable":true,"href":"https:\/\/stoic-curie.212-227-153-4.plesk.page\/fr\/wp-json\/wp\/v2\/product_brand?post=3366990"},{"taxonomy":"product_cat","embeddable":true,"href":"https:\/\/stoic-curie.212-227-153-4.plesk.page\/fr\/wp-json\/wp\/v2\/product_cat?post=3366990"},{"taxonomy":"product_tag","embeddable":true,"href":"https:\/\/stoic-curie.212-227-153-4.plesk.page\/fr\/wp-json\/wp\/v2\/product_tag?post=3366990"}],"curies":[{"name":"wp","href":"https:\/\/api.w.org\/{rel}","templated":true}]}}