{"id":3367025,"date":"2025-10-09T22:17:19","date_gmt":"2025-10-10T02:17:19","guid":{"rendered":"https:\/\/stoic-curie.212-227-153-4.plesk.page\/product\/terminal-oculaire-a-cable-electrique-cable-de-25-mm-goujon-de-10-mm\/"},"modified":"2026-02-24T23:08:37","modified_gmt":"2026-02-24T23:08:37","slug":"terminal-oculaire-a-cable-electrique-cable-de-25-mm-goujon-de-10-mm","status":"publish","type":"product","link":"https:\/\/stoic-curie.212-227-153-4.plesk.page\/fr\/product\/terminal-oculaire-a-cable-electrique-cable-de-25-mm-goujon-de-10-mm\/","title":{"rendered":"Terminal oculaire \u00e0 c\u00e2ble \u00e9lectrique (c\u00e2ble de 25 mm \/ goujon de 10 mm)"},"content":{"rendered":"<p>Terminal oculaire \u00e0 c\u00e2ble \u00e9lectrique (c\u00e2ble de 25 mm \/ goujon de 10 mm) &#8211; Oeil de terminal de c\u00e2ble de batterie construit en cuivre \u00e9tam\u00e9, faisant partie de la gamme \u00c9lectrique. Ce terminal utilise une fixation par \u0153il pour se fixer aux goujons de batterie et une entr\u00e9e de c\u00e2ble adapt\u00e9e au sertissage ou \u00e0 la soudure. Il dispose d&#8217;un trou d&#8217;inspection \u00e0 l&#8217;avant du terminal. Les terminaux en \u0153il doivent toujours \u00eatre isol\u00e9s \u00e0 l&#8217;aide de capuchons de terminal, dont nous avons une large gamme en stock de la s\u00e9rie VTE.<\/p>\n","protected":false},"excerpt":{"rendered":"<p>Terminal oculaire \u00e0 c\u00e2ble \u00e9lectrique (c\u00e2ble de 25 mm \/ goujon de 10 mm) &#8211; Oeil de terminal de c\u00e2ble<\/p>\n","protected":false},"featured_media":5944824,"comment_status":"closed","ping_status":"closed","template":"","meta":[],"product_brand":[3214],"product_cat":[1178],"product_tag":[],"class_list":{"0":"post-3367025","1":"product","2":"type-product","3":"status-publish","4":"has-post-thumbnail","6":"product_brand-oceanflex-fr","7":"product_cat-cable-de-batterie-et-terminaux","9":"first","10":"instock","11":"shipping-taxable","12":"purchasable","13":"product-type-simple"},"_links":{"self":[{"href":"https:\/\/stoic-curie.212-227-153-4.plesk.page\/fr\/wp-json\/wp\/v2\/product\/3367025","targetHints":{"allow":["GET"]}}],"collection":[{"href":"https:\/\/stoic-curie.212-227-153-4.plesk.page\/fr\/wp-json\/wp\/v2\/product"}],"about":[{"href":"https:\/\/stoic-curie.212-227-153-4.plesk.page\/fr\/wp-json\/wp\/v2\/types\/product"}],"replies":[{"embeddable":true,"href":"https:\/\/stoic-curie.212-227-153-4.plesk.page\/fr\/wp-json\/wp\/v2\/comments?post=3367025"}],"version-history":[{"count":0,"href":"https:\/\/stoic-curie.212-227-153-4.plesk.page\/fr\/wp-json\/wp\/v2\/product\/3367025\/revisions"}],"wp:featuredmedia":[{"embeddable":true,"href":"https:\/\/stoic-curie.212-227-153-4.plesk.page\/fr\/wp-json\/wp\/v2\/media\/5944824"}],"wp:attachment":[{"href":"https:\/\/stoic-curie.212-227-153-4.plesk.page\/fr\/wp-json\/wp\/v2\/media?parent=3367025"}],"wp:term":[{"taxonomy":"product_brand","embeddable":true,"href":"https:\/\/stoic-curie.212-227-153-4.plesk.page\/fr\/wp-json\/wp\/v2\/product_brand?post=3367025"},{"taxonomy":"product_cat","embeddable":true,"href":"https:\/\/stoic-curie.212-227-153-4.plesk.page\/fr\/wp-json\/wp\/v2\/product_cat?post=3367025"},{"taxonomy":"product_tag","embeddable":true,"href":"https:\/\/stoic-curie.212-227-153-4.plesk.page\/fr\/wp-json\/wp\/v2\/product_tag?post=3367025"}],"curies":[{"name":"wp","href":"https:\/\/api.w.org\/{rel}","templated":true}]}}