{"id":3367048,"date":"2025-10-09T22:17:20","date_gmt":"2025-10-10T02:17:20","guid":{"rendered":"https:\/\/stoic-curie.212-227-153-4.plesk.page\/product\/terminal-doeil-de-cable-electrique-de-batterie-cable-de-35mm-goujon-de-10mm\/"},"modified":"2026-02-24T23:08:37","modified_gmt":"2026-02-24T23:08:37","slug":"terminal-doeil-de-cable-electrique-de-batterie-cable-de-35mm-goujon-de-10mm","status":"publish","type":"product","link":"https:\/\/stoic-curie.212-227-153-4.plesk.page\/fr\/product\/terminal-doeil-de-cable-electrique-de-batterie-cable-de-35mm-goujon-de-10mm\/","title":{"rendered":"Terminal d\u2019oeil de c\u00e2ble \u00e9lectrique de batterie (c\u00e2ble de 35mm \/ goujon de 10mm)"},"content":{"rendered":"<p>Terminal d\u2019oeil de c\u00e2ble \u00e9lectrique de batterie (c\u00e2ble de 35mm \/ goujon de 10mm) &#8211; Terminal de c\u00e2ble de batterie en cuivre \u00e9tam\u00e9, faisant partie de la gamme \u00e9lectrique. Ce terminal utilise un syst\u00e8me de fixation en \u0153il pour se fixer aux boulons de batterie et dispose d&#8217;une entr\u00e9e de c\u00e2ble adapt\u00e9e au sertissage ou \u00e0 la soudure. Il pr\u00e9sente un orifice d&#8217;inspection \u00e0 l&#8217;avant du terminal. Les terminaux \u00e0 \u0153il doivent toujours \u00eatre isol\u00e9s \u00e0 l&#8217;aide de capuchons de terminal, dont nous disposons d&#8217;un large \u00e9ventail dans la gamme VTE. <\/p>\n<p>Sp\u00e9cifications : <\/p>\n<p>&#8211; Longueur : 48mm<br \/>\n&#8211; Largeur : 18mm<br \/>\n&#8211; Marque : Electrical<br \/>\n&#8211; Taille d&#8217;entr\u00e9e de c\u00e2ble du terminal \u00e0 \u0153il : 8.2mm<br \/>\n&#8211; Taille de la tige de c\u00e2ble \u00e0 \u0153il : 10mm<br \/>\n&#8211; Construction : Cuivre \u00e9tam\u00e9<\/p>\n","protected":false},"excerpt":{"rendered":"<p>Terminal d\u2019oeil de c\u00e2ble \u00e9lectrique de batterie (c\u00e2ble de 35mm \/ goujon de 10mm) &#8211; Terminal de c\u00e2ble de batterie<\/p>\n","protected":false},"featured_media":5944826,"comment_status":"closed","ping_status":"closed","template":"","meta":[],"product_brand":[3214],"product_cat":[1178],"product_tag":[],"class_list":{"0":"post-3367048","1":"product","2":"type-product","3":"status-publish","4":"has-post-thumbnail","6":"product_brand-oceanflex-fr","7":"product_cat-cable-de-batterie-et-terminaux","9":"first","10":"instock","11":"shipping-taxable","12":"purchasable","13":"product-type-simple"},"_links":{"self":[{"href":"https:\/\/stoic-curie.212-227-153-4.plesk.page\/fr\/wp-json\/wp\/v2\/product\/3367048","targetHints":{"allow":["GET"]}}],"collection":[{"href":"https:\/\/stoic-curie.212-227-153-4.plesk.page\/fr\/wp-json\/wp\/v2\/product"}],"about":[{"href":"https:\/\/stoic-curie.212-227-153-4.plesk.page\/fr\/wp-json\/wp\/v2\/types\/product"}],"replies":[{"embeddable":true,"href":"https:\/\/stoic-curie.212-227-153-4.plesk.page\/fr\/wp-json\/wp\/v2\/comments?post=3367048"}],"version-history":[{"count":0,"href":"https:\/\/stoic-curie.212-227-153-4.plesk.page\/fr\/wp-json\/wp\/v2\/product\/3367048\/revisions"}],"wp:featuredmedia":[{"embeddable":true,"href":"https:\/\/stoic-curie.212-227-153-4.plesk.page\/fr\/wp-json\/wp\/v2\/media\/5944826"}],"wp:attachment":[{"href":"https:\/\/stoic-curie.212-227-153-4.plesk.page\/fr\/wp-json\/wp\/v2\/media?parent=3367048"}],"wp:term":[{"taxonomy":"product_brand","embeddable":true,"href":"https:\/\/stoic-curie.212-227-153-4.plesk.page\/fr\/wp-json\/wp\/v2\/product_brand?post=3367048"},{"taxonomy":"product_cat","embeddable":true,"href":"https:\/\/stoic-curie.212-227-153-4.plesk.page\/fr\/wp-json\/wp\/v2\/product_cat?post=3367048"},{"taxonomy":"product_tag","embeddable":true,"href":"https:\/\/stoic-curie.212-227-153-4.plesk.page\/fr\/wp-json\/wp\/v2\/product_tag?post=3367048"}],"curies":[{"name":"wp","href":"https:\/\/api.w.org\/{rel}","templated":true}]}}