{"id":3367050,"date":"2025-10-09T22:17:20","date_gmt":"2025-10-10T02:17:20","guid":{"rendered":"https:\/\/stoic-curie.212-227-153-4.plesk.page\/product\/oeil-de-cable-de-batterie-electrique-cable-de-40-50mm-goujon-de-10mm\/"},"modified":"2026-02-24T23:08:37","modified_gmt":"2026-02-24T23:08:37","slug":"oeil-de-cable-de-batterie-electrique-cable-de-40-50mm-goujon-de-10mm","status":"publish","type":"product","link":"https:\/\/stoic-curie.212-227-153-4.plesk.page\/fr\/product\/oeil-de-cable-de-batterie-electrique-cable-de-40-50mm-goujon-de-10mm\/","title":{"rendered":"\u0152il de c\u00e2ble de batterie \u00e9lectrique (c\u00e2ble de 40-50mm \/ goujon de 10mm)"},"content":{"rendered":"<p>\u0152il de c\u00e2ble de batterie \u00e9lectrique (c\u00e2ble de 40-50mm \/ goujon de 10mm) &#8211; <\/p>\n<div class=\"col-24 col-md-15\">\n<p>Terminale de c\u00e2ble de batterie construite en cuivre \u00e9tam\u00e9, faisant partie de la gamme \u00c9lectrique. Cette borne utilise un \u0153illet pour se fixer aux cosses de la batterie et une entr\u00e9e de c\u00e2ble adapt\u00e9e pour le sertissage ou la soudure. Elle comporte un trou d&#8217;inspection \u00e0 l&#8217;avant de la borne.<\/p>\n<p>Les terminaux \u0153il doivent toujours \u00eatre isol\u00e9s \u00e0 l&#8217;aide de protections de terminal, dont nous avons une large gamme en stock de la gamme VTE.<\/p>\n<\/div>\n<h3>Sp\u00e9cifications<\/h3>\n<table class=\"table\">\n<tbody>\n<tr>\n<td><strong>Longueur<\/strong><\/td>\n<td>52mm<\/td>\n<\/tr>\n<tr>\n<td><strong>Largeur<\/strong><\/td>\n<td>18mm<\/td>\n<\/tr>\n<tr>\n<td><strong>Marque<\/strong><\/td>\n<td>Electrical<\/td>\n<\/tr>\n<tr>\n<td><strong>Taille d&#8217;entr\u00e9e de c\u00e2ble de terminal \u0153il<\/strong><\/td>\n<td>9,5mm<\/td>\n<\/tr>\n<tr>\n<td><strong>Taille de la tige de c\u00e2ble \u0153il<\/strong><\/td>\n<td>10mm<\/td>\n<\/tr>\n<tr>\n<td><strong>Construction<\/strong><\/td>\n<td>Cuivre \u00e9tam\u00e9<\/td>\n<\/tr>\n<\/tbody>\n<\/table>\n","protected":false},"excerpt":{"rendered":"<p>\u0152il de c\u00e2ble de batterie \u00e9lectrique (c\u00e2ble de 40-50mm \/ goujon de 10mm) &#8211; Terminale de c\u00e2ble de batterie construite<\/p>\n","protected":false},"featured_media":5944827,"comment_status":"closed","ping_status":"closed","template":"","meta":[],"product_brand":[3214],"product_cat":[1178],"product_tag":[],"class_list":{"0":"post-3367050","1":"product","2":"type-product","3":"status-publish","4":"has-post-thumbnail","6":"product_brand-oceanflex-fr","7":"product_cat-cable-de-batterie-et-terminaux","9":"first","10":"instock","11":"shipping-taxable","12":"purchasable","13":"product-type-simple"},"_links":{"self":[{"href":"https:\/\/stoic-curie.212-227-153-4.plesk.page\/fr\/wp-json\/wp\/v2\/product\/3367050","targetHints":{"allow":["GET"]}}],"collection":[{"href":"https:\/\/stoic-curie.212-227-153-4.plesk.page\/fr\/wp-json\/wp\/v2\/product"}],"about":[{"href":"https:\/\/stoic-curie.212-227-153-4.plesk.page\/fr\/wp-json\/wp\/v2\/types\/product"}],"replies":[{"embeddable":true,"href":"https:\/\/stoic-curie.212-227-153-4.plesk.page\/fr\/wp-json\/wp\/v2\/comments?post=3367050"}],"version-history":[{"count":0,"href":"https:\/\/stoic-curie.212-227-153-4.plesk.page\/fr\/wp-json\/wp\/v2\/product\/3367050\/revisions"}],"wp:featuredmedia":[{"embeddable":true,"href":"https:\/\/stoic-curie.212-227-153-4.plesk.page\/fr\/wp-json\/wp\/v2\/media\/5944827"}],"wp:attachment":[{"href":"https:\/\/stoic-curie.212-227-153-4.plesk.page\/fr\/wp-json\/wp\/v2\/media?parent=3367050"}],"wp:term":[{"taxonomy":"product_brand","embeddable":true,"href":"https:\/\/stoic-curie.212-227-153-4.plesk.page\/fr\/wp-json\/wp\/v2\/product_brand?post=3367050"},{"taxonomy":"product_cat","embeddable":true,"href":"https:\/\/stoic-curie.212-227-153-4.plesk.page\/fr\/wp-json\/wp\/v2\/product_cat?post=3367050"},{"taxonomy":"product_tag","embeddable":true,"href":"https:\/\/stoic-curie.212-227-153-4.plesk.page\/fr\/wp-json\/wp\/v2\/product_tag?post=3367050"}],"curies":[{"name":"wp","href":"https:\/\/api.w.org\/{rel}","templated":true}]}}