{"id":3367075,"date":"2025-10-09T22:17:21","date_gmt":"2025-10-10T02:17:21","guid":{"rendered":"https:\/\/stoic-curie.212-227-153-4.plesk.page\/product\/terminal-doeil-de-cable-electrique-de-batterie-cable-de-60-70mm-goujon-de-12mm\/"},"modified":"2026-02-24T23:08:37","modified_gmt":"2026-02-24T23:08:37","slug":"terminal-doeil-de-cable-electrique-de-batterie-cable-de-60-70mm-goujon-de-12mm","status":"publish","type":"product","link":"https:\/\/stoic-curie.212-227-153-4.plesk.page\/fr\/product\/terminal-doeil-de-cable-electrique-de-batterie-cable-de-60-70mm-goujon-de-12mm\/","title":{"rendered":"Terminal d\u2019oeil de c\u00e2ble \u00e9lectrique de batterie (c\u00e2ble de 60-70mm \/ goujon de 12mm)"},"content":{"rendered":"<p>Terminal d\u2019oeil de c\u00e2ble \u00e9lectrique de batterie (c\u00e2ble de 60-70mm \/ goujon de 12mm) &#8211; <\/p>\n<div class=\"col-24 col-md-15\">\n<p>Terminal \u0153il de c\u00e2ble de batterie en cuivre \u00e9tam\u00e9, faisant partie de notre gamme \u00e9lectrique. Ce terminal utilise un \u0153il de fixation pour se s\u00e9curiser aux boulons de batterie et une entr\u00e9e de c\u00e2ble adapt\u00e9e pour le sertissage ou la soudure. Il poss\u00e8de un trou d&#8217;inspection \u00e0 l&#8217;avant du terminal.<\/p>\n<p>Les terminaux \u0153il doivent toujours \u00eatre isol\u00e9s \u00e0 l&#8217;aide de couvercles de terminal, dont nous avons une large gamme dans la s\u00e9rie VTE.<\/p>\n<\/p><\/div>\n<h3>Sp\u00e9cifications<\/h3>\n<table class=\"table\">\n<tbody>\n<tr>\n<td><strong>Longueur<\/strong><\/td>\n<td>54mm<\/td>\n<\/tr>\n<tr>\n<td><strong>Largeur<\/strong><\/td>\n<td>21mm<\/td>\n<\/tr>\n<tr>\n<td><strong>Marque<\/strong><\/td>\n<td>Electrical<\/td>\n<\/tr>\n<tr>\n<td><strong>Taille d&#8217;entr\u00e9e du c\u00e2ble du terminal \u0153il<\/strong><\/td>\n<td>11,5mm<\/td>\n<\/tr>\n<tr>\n<td><strong>Taille du boulon pour \u0153il de c\u00e2ble<\/strong><\/td>\n<td>12mm<\/td>\n<\/tr>\n<tr>\n<td><strong>Construction<\/strong><\/td>\n<td>Cuivre \u00e9tam\u00e9<\/td>\n<\/tr>\n<\/tbody>\n<\/table>\n","protected":false},"excerpt":{"rendered":"<p>Terminal d\u2019oeil de c\u00e2ble \u00e9lectrique de batterie (c\u00e2ble de 60-70mm \/ goujon de 12mm) &#8211; Terminal \u0153il de c\u00e2ble de<\/p>\n","protected":false},"featured_media":5944830,"comment_status":"closed","ping_status":"closed","template":"","meta":[],"product_brand":[3214],"product_cat":[1178],"product_tag":[],"class_list":{"0":"post-3367075","1":"product","2":"type-product","3":"status-publish","4":"has-post-thumbnail","6":"product_brand-oceanflex-fr","7":"product_cat-cable-de-batterie-et-terminaux","9":"first","10":"instock","11":"shipping-taxable","12":"purchasable","13":"product-type-simple"},"_links":{"self":[{"href":"https:\/\/stoic-curie.212-227-153-4.plesk.page\/fr\/wp-json\/wp\/v2\/product\/3367075","targetHints":{"allow":["GET"]}}],"collection":[{"href":"https:\/\/stoic-curie.212-227-153-4.plesk.page\/fr\/wp-json\/wp\/v2\/product"}],"about":[{"href":"https:\/\/stoic-curie.212-227-153-4.plesk.page\/fr\/wp-json\/wp\/v2\/types\/product"}],"replies":[{"embeddable":true,"href":"https:\/\/stoic-curie.212-227-153-4.plesk.page\/fr\/wp-json\/wp\/v2\/comments?post=3367075"}],"version-history":[{"count":0,"href":"https:\/\/stoic-curie.212-227-153-4.plesk.page\/fr\/wp-json\/wp\/v2\/product\/3367075\/revisions"}],"wp:featuredmedia":[{"embeddable":true,"href":"https:\/\/stoic-curie.212-227-153-4.plesk.page\/fr\/wp-json\/wp\/v2\/media\/5944830"}],"wp:attachment":[{"href":"https:\/\/stoic-curie.212-227-153-4.plesk.page\/fr\/wp-json\/wp\/v2\/media?parent=3367075"}],"wp:term":[{"taxonomy":"product_brand","embeddable":true,"href":"https:\/\/stoic-curie.212-227-153-4.plesk.page\/fr\/wp-json\/wp\/v2\/product_brand?post=3367075"},{"taxonomy":"product_cat","embeddable":true,"href":"https:\/\/stoic-curie.212-227-153-4.plesk.page\/fr\/wp-json\/wp\/v2\/product_cat?post=3367075"},{"taxonomy":"product_tag","embeddable":true,"href":"https:\/\/stoic-curie.212-227-153-4.plesk.page\/fr\/wp-json\/wp\/v2\/product_tag?post=3367075"}],"curies":[{"name":"wp","href":"https:\/\/api.w.org\/{rel}","templated":true}]}}