{"id":3367084,"date":"2025-10-09T22:17:21","date_gmt":"2025-10-10T02:17:21","guid":{"rendered":"https:\/\/stoic-curie.212-227-153-4.plesk.page\/product\/terminal-doeil-de-cable-electrique-de-batterie-cable-de-10mm-goujon-de-6mm\/"},"modified":"2026-02-24T23:08:37","modified_gmt":"2026-02-24T23:08:37","slug":"terminal-doeil-de-cable-electrique-de-batterie-cable-de-10mm-goujon-de-6mm","status":"publish","type":"product","link":"https:\/\/stoic-curie.212-227-153-4.plesk.page\/fr\/product\/terminal-doeil-de-cable-electrique-de-batterie-cable-de-10mm-goujon-de-6mm\/","title":{"rendered":"Terminal d\u2019oeil de c\u00e2ble \u00e9lectrique de batterie (c\u00e2ble de 10mm \/ goujon de 6mm)"},"content":{"rendered":"<p>Terminal d\u2019oeil de c\u00e2ble \u00e9lectrique de batterie (c\u00e2ble de 10mm \/ goujon de 6mm) &#8211; Terminal d&#8217;\u0153il de c\u00e2ble de batterie construit en cuivre \u00e9tam\u00e9, partie de la gamme Electrical. Ce terminal utilise un fixateur d\u2019\u0153il pour se fixer aux boulons de batterie et une entr\u00e9e de c\u00e2ble adapt\u00e9e \u00e0 la sertissage ou \u00e0 la soudure. Il dispose d&#8217;un trou d&#8217;inspection \u00e0 l&#8217;avant du terminal. Les terminaux \u00e0 \u0153il doivent toujours \u00eatre isol\u00e9s \u00e0 l&#8217;aide de couvertures de terminal, dont nous avons un large \u00e9ventail en stock provenant de la gamme VTE. <\/p>\n<p>Sp\u00e9cifications :<br \/>\n&#8211; Longueur : 25 mm<br \/>\n&#8211; Largeur : 10 mm<br \/>\n&#8211; Marque : Electrical<br \/>\n&#8211; Taille d&#8217;entr\u00e9e de c\u00e2ble du terminal \u0153il : 4,4 mm<br \/>\n&#8211; Taille du boulon \u0153il du c\u00e2ble : 6 mm<br \/>\n&#8211; Construction : Cuivre \u00e9tam\u00e9<\/p>\n","protected":false},"excerpt":{"rendered":"<p>Terminal d\u2019oeil de c\u00e2ble \u00e9lectrique de batterie (c\u00e2ble de 10mm \/ goujon de 6mm) &#8211; Terminal d&#8217;\u0153il de c\u00e2ble de<\/p>\n","protected":false},"featured_media":5944832,"comment_status":"closed","ping_status":"closed","template":"","meta":[],"product_brand":[3214],"product_cat":[1178],"product_tag":[],"class_list":{"0":"post-3367084","1":"product","2":"type-product","3":"status-publish","4":"has-post-thumbnail","6":"product_brand-oceanflex-fr","7":"product_cat-cable-de-batterie-et-terminaux","9":"first","10":"instock","11":"shipping-taxable","12":"purchasable","13":"product-type-simple"},"_links":{"self":[{"href":"https:\/\/stoic-curie.212-227-153-4.plesk.page\/fr\/wp-json\/wp\/v2\/product\/3367084","targetHints":{"allow":["GET"]}}],"collection":[{"href":"https:\/\/stoic-curie.212-227-153-4.plesk.page\/fr\/wp-json\/wp\/v2\/product"}],"about":[{"href":"https:\/\/stoic-curie.212-227-153-4.plesk.page\/fr\/wp-json\/wp\/v2\/types\/product"}],"replies":[{"embeddable":true,"href":"https:\/\/stoic-curie.212-227-153-4.plesk.page\/fr\/wp-json\/wp\/v2\/comments?post=3367084"}],"version-history":[{"count":0,"href":"https:\/\/stoic-curie.212-227-153-4.plesk.page\/fr\/wp-json\/wp\/v2\/product\/3367084\/revisions"}],"wp:featuredmedia":[{"embeddable":true,"href":"https:\/\/stoic-curie.212-227-153-4.plesk.page\/fr\/wp-json\/wp\/v2\/media\/5944832"}],"wp:attachment":[{"href":"https:\/\/stoic-curie.212-227-153-4.plesk.page\/fr\/wp-json\/wp\/v2\/media?parent=3367084"}],"wp:term":[{"taxonomy":"product_brand","embeddable":true,"href":"https:\/\/stoic-curie.212-227-153-4.plesk.page\/fr\/wp-json\/wp\/v2\/product_brand?post=3367084"},{"taxonomy":"product_cat","embeddable":true,"href":"https:\/\/stoic-curie.212-227-153-4.plesk.page\/fr\/wp-json\/wp\/v2\/product_cat?post=3367084"},{"taxonomy":"product_tag","embeddable":true,"href":"https:\/\/stoic-curie.212-227-153-4.plesk.page\/fr\/wp-json\/wp\/v2\/product_tag?post=3367084"}],"curies":[{"name":"wp","href":"https:\/\/api.w.org\/{rel}","templated":true}]}}