{"id":3367123,"date":"2025-10-09T22:17:23","date_gmt":"2025-10-10T02:17:23","guid":{"rendered":"https:\/\/stoic-curie.212-227-153-4.plesk.page\/product\/glande-electrique-chromee-de-cable-de-laiton-cable-de-10mm-diametre-de-32mm\/"},"modified":"2026-02-24T23:08:37","modified_gmt":"2026-02-24T23:08:37","slug":"glande-electrique-chromee-de-cable-de-laiton-cable-de-10mm-diametre-de-32mm","status":"publish","type":"product","link":"https:\/\/stoic-curie.212-227-153-4.plesk.page\/fr\/product\/glande-electrique-chromee-de-cable-de-laiton-cable-de-10mm-diametre-de-32mm\/","title":{"rendered":"Glande \u00e9lectrique chrom\u00e9e de c\u00e2ble de laiton (c\u00e2ble de 10mm \/ diam\u00e8tre de 32mm)"},"content":{"rendered":"<p>Glande \u00e9lectrique chrom\u00e9e de c\u00e2ble de laiton (c\u00e2ble de 10mm \/ diam\u00e8tre de 32mm) &#8211; <\/p>\n<div class=\"col-24 col-md-15\">\n<p>Passe-c\u00e2ble \u00e9lectrique construit en laiton chrom\u00e9. Ce passe-c\u00e2ble permet aux c\u00e2bles \u00e9lectriques, ainsi qu&#8217;\u00e0 d&#8217;autres types de c\u00e2bles, de traverser les cloisons ou de monter sur le pont. Le passe-c\u00e2ble dispose d&#8217;un anneau d&#8217;\u00e9tanch\u00e9it\u00e9 qui agit comme un joint \u00e9tanche autour du c\u00e2ble, ainsi qu&#8217;une base de fixation \u00e0 trois boulons.<\/p>\n<\/div>\n<h3>Sp\u00e9cifications<\/h3>\n<table class=\"table\">\n<tbody>\n<tr>\n<td><strong>Marque<\/strong><\/td>\n<td>\u00c9lectrique<\/td>\n<\/tr>\n<tr>\n<td><strong>Couleur<\/strong><\/td>\n<td>Chrome<\/td>\n<\/tr>\n<tr>\n<td><strong>\u00c9tanche<\/strong><\/td>\n<td>Oui<\/td>\n<\/tr>\n<tr>\n<td><strong>Construction<\/strong><\/td>\n<td>Laiton chrom\u00e9<\/td>\n<\/tr>\n<tr>\n<td><strong>Diam\u00e8tre<\/strong><\/td>\n<td>Base de 32mm, c\u00e2ble de 10mm<\/td>\n<\/tr>\n<\/tbody>\n<\/table>\n","protected":false},"excerpt":{"rendered":"<p>Glande \u00e9lectrique chrom\u00e9e de c\u00e2ble de laiton (c\u00e2ble de 10mm \/ diam\u00e8tre de 32mm) &#8211; Passe-c\u00e2ble \u00e9lectrique construit en laiton<\/p>\n","protected":false},"featured_media":5944837,"comment_status":"closed","ping_status":"closed","template":"","meta":[],"product_brand":[3489],"product_cat":[1166],"product_tag":[],"class_list":{"0":"post-3367123","1":"product","2":"type-product","3":"status-publish","4":"has-post-thumbnail","6":"product_brand-trem-fr","7":"product_cat-accessoires-electriques","9":"first","10":"instock","11":"shipping-taxable","12":"purchasable","13":"product-type-simple"},"_links":{"self":[{"href":"https:\/\/stoic-curie.212-227-153-4.plesk.page\/fr\/wp-json\/wp\/v2\/product\/3367123","targetHints":{"allow":["GET"]}}],"collection":[{"href":"https:\/\/stoic-curie.212-227-153-4.plesk.page\/fr\/wp-json\/wp\/v2\/product"}],"about":[{"href":"https:\/\/stoic-curie.212-227-153-4.plesk.page\/fr\/wp-json\/wp\/v2\/types\/product"}],"replies":[{"embeddable":true,"href":"https:\/\/stoic-curie.212-227-153-4.plesk.page\/fr\/wp-json\/wp\/v2\/comments?post=3367123"}],"version-history":[{"count":0,"href":"https:\/\/stoic-curie.212-227-153-4.plesk.page\/fr\/wp-json\/wp\/v2\/product\/3367123\/revisions"}],"wp:featuredmedia":[{"embeddable":true,"href":"https:\/\/stoic-curie.212-227-153-4.plesk.page\/fr\/wp-json\/wp\/v2\/media\/5944837"}],"wp:attachment":[{"href":"https:\/\/stoic-curie.212-227-153-4.plesk.page\/fr\/wp-json\/wp\/v2\/media?parent=3367123"}],"wp:term":[{"taxonomy":"product_brand","embeddable":true,"href":"https:\/\/stoic-curie.212-227-153-4.plesk.page\/fr\/wp-json\/wp\/v2\/product_brand?post=3367123"},{"taxonomy":"product_cat","embeddable":true,"href":"https:\/\/stoic-curie.212-227-153-4.plesk.page\/fr\/wp-json\/wp\/v2\/product_cat?post=3367123"},{"taxonomy":"product_tag","embeddable":true,"href":"https:\/\/stoic-curie.212-227-153-4.plesk.page\/fr\/wp-json\/wp\/v2\/product_tag?post=3367123"}],"curies":[{"name":"wp","href":"https:\/\/api.w.org\/{rel}","templated":true}]}}