{"id":3367143,"date":"2025-10-09T22:17:23","date_gmt":"2025-10-10T02:17:23","guid":{"rendered":"https:\/\/stoic-curie.212-227-153-4.plesk.page\/product\/index-marine-white-twin-side-entry-cable-gland-cables-3-6mm\/"},"modified":"2026-02-24T23:08:37","modified_gmt":"2026-02-24T23:08:37","slug":"index-marine-white-twin-side-entry-cable-gland-cables-3-6mm","status":"publish","type":"product","link":"https:\/\/stoic-curie.212-227-153-4.plesk.page\/fr\/product\/index-marine-white-twin-side-entry-cable-gland-cables-3-6mm\/","title":{"rendered":"Index Marine White Twin Side Entry Cable Gland (C\u00e2bles 3 &#8211; 6mm)"},"content":{"rendered":"<p>Index Marine White Twin Side Entry Cable Gland (C\u00e2bles 3 &#8211; 6mm) &#8211; Un presse-\u00e9toupe blanc \u00e0 entr\u00e9e lat\u00e9rale de la gamme Index Marine, ce joint double est adapt\u00e9 pour des c\u00e2bles de 2 x 3 mm \u00e0 2 x 6 mm. Ce joint horizontal est con\u00e7u pour performer dans les environnements les plus harshs, ce qui le rend adapt\u00e9 aux applications maritimes, soutenu par une classification IP68 \u00e0 l&#8217;\u00e9preuve de l&#8217;eau et de la poussi\u00e8re. Le presse-\u00e9toupe est livr\u00e9 avec 3 bouchons pr\u00e9form\u00e9s, permettant une installation facile sans per\u00e7age.<\/p>\n","protected":false},"excerpt":{"rendered":"<p>Index Marine White Twin Side Entry Cable Gland (C\u00e2bles 3 &#8211; 6mm) &#8211; Un presse-\u00e9toupe blanc \u00e0 entr\u00e9e lat\u00e9rale de<\/p>\n","protected":false},"featured_media":5944838,"comment_status":"closed","ping_status":"closed","template":"","meta":[],"product_brand":[3234],"product_cat":[1166],"product_tag":[],"class_list":{"0":"post-3367143","1":"product","2":"type-product","3":"status-publish","4":"has-post-thumbnail","6":"product_brand-osculati-fr","7":"product_cat-accessoires-electriques","9":"first","10":"instock","11":"shipping-taxable","12":"purchasable","13":"product-type-simple"},"_links":{"self":[{"href":"https:\/\/stoic-curie.212-227-153-4.plesk.page\/fr\/wp-json\/wp\/v2\/product\/3367143","targetHints":{"allow":["GET"]}}],"collection":[{"href":"https:\/\/stoic-curie.212-227-153-4.plesk.page\/fr\/wp-json\/wp\/v2\/product"}],"about":[{"href":"https:\/\/stoic-curie.212-227-153-4.plesk.page\/fr\/wp-json\/wp\/v2\/types\/product"}],"replies":[{"embeddable":true,"href":"https:\/\/stoic-curie.212-227-153-4.plesk.page\/fr\/wp-json\/wp\/v2\/comments?post=3367143"}],"version-history":[{"count":0,"href":"https:\/\/stoic-curie.212-227-153-4.plesk.page\/fr\/wp-json\/wp\/v2\/product\/3367143\/revisions"}],"wp:featuredmedia":[{"embeddable":true,"href":"https:\/\/stoic-curie.212-227-153-4.plesk.page\/fr\/wp-json\/wp\/v2\/media\/5944838"}],"wp:attachment":[{"href":"https:\/\/stoic-curie.212-227-153-4.plesk.page\/fr\/wp-json\/wp\/v2\/media?parent=3367143"}],"wp:term":[{"taxonomy":"product_brand","embeddable":true,"href":"https:\/\/stoic-curie.212-227-153-4.plesk.page\/fr\/wp-json\/wp\/v2\/product_brand?post=3367143"},{"taxonomy":"product_cat","embeddable":true,"href":"https:\/\/stoic-curie.212-227-153-4.plesk.page\/fr\/wp-json\/wp\/v2\/product_cat?post=3367143"},{"taxonomy":"product_tag","embeddable":true,"href":"https:\/\/stoic-curie.212-227-153-4.plesk.page\/fr\/wp-json\/wp\/v2\/product_tag?post=3367143"}],"curies":[{"name":"wp","href":"https:\/\/api.w.org\/{rel}","templated":true}]}}