{"id":3367144,"date":"2025-10-09T22:17:23","date_gmt":"2025-10-10T02:17:23","guid":{"rendered":"https:\/\/stoic-curie.212-227-153-4.plesk.page\/product\/palier-darbre-pour-beneteau-jeanneau-25-x-36-x-100-mm\/"},"modified":"2026-02-24T23:08:37","modified_gmt":"2026-02-24T23:08:37","slug":"palier-darbre-pour-beneteau-jeanneau-25-x-36-x-100-mm","status":"publish","type":"product","link":"https:\/\/stoic-curie.212-227-153-4.plesk.page\/fr\/product\/palier-darbre-pour-beneteau-jeanneau-25-x-36-x-100-mm\/","title":{"rendered":"Palier d`arbre pour Beneteau Jeanneau (25 x 36 x 100 mm)"},"content":{"rendered":"<p>Palier d`arbre pour Beneteau Jeanneau (25 x 36 x 100 mm) &#8211; Douille de roulement d&#8217;arbre d&#8217;h\u00e9lice de remplacement con\u00e7ue pour remplacer le roulement d&#8217;arbre d&#8217;h\u00e9lice sp\u00e9cial install\u00e9 sur de nombreux voiliers Beneteau, Jeanneau et Dufour. Ce roulement est fourni complet avec 2 vis de fixation non m\u00e9talliques. Ce roulement est pour un arbre d&#8217;h\u00e9lice de diam\u00e8tre 25 mm et mesure 36 mm de diam\u00e8tre ext\u00e9rieur et 100 mm de long (\u00e9paisseur de 5,5 mm).<\/p>\n","protected":false},"excerpt":{"rendered":"<p>Palier d`arbre pour Beneteau Jeanneau (25 x 36 x 100 mm) &#8211; Douille de roulement d&#8217;arbre d&#8217;h\u00e9lice de remplacement con\u00e7ue<\/p>\n","protected":false},"featured_media":5944818,"comment_status":"closed","ping_status":"closed","template":"","meta":[],"product_brand":[3224],"product_cat":[1238],"product_tag":[],"class_list":{"0":"post-3367144","1":"product","2":"type-product","3":"status-publish","4":"has-post-thumbnail","6":"product_brand-orbitrade-marine-fr","7":"product_cat-paliers-darbre-dhelice","9":"first","10":"instock","11":"shipping-taxable","12":"purchasable","13":"product-type-simple"},"_links":{"self":[{"href":"https:\/\/stoic-curie.212-227-153-4.plesk.page\/fr\/wp-json\/wp\/v2\/product\/3367144","targetHints":{"allow":["GET"]}}],"collection":[{"href":"https:\/\/stoic-curie.212-227-153-4.plesk.page\/fr\/wp-json\/wp\/v2\/product"}],"about":[{"href":"https:\/\/stoic-curie.212-227-153-4.plesk.page\/fr\/wp-json\/wp\/v2\/types\/product"}],"replies":[{"embeddable":true,"href":"https:\/\/stoic-curie.212-227-153-4.plesk.page\/fr\/wp-json\/wp\/v2\/comments?post=3367144"}],"version-history":[{"count":0,"href":"https:\/\/stoic-curie.212-227-153-4.plesk.page\/fr\/wp-json\/wp\/v2\/product\/3367144\/revisions"}],"wp:featuredmedia":[{"embeddable":true,"href":"https:\/\/stoic-curie.212-227-153-4.plesk.page\/fr\/wp-json\/wp\/v2\/media\/5944818"}],"wp:attachment":[{"href":"https:\/\/stoic-curie.212-227-153-4.plesk.page\/fr\/wp-json\/wp\/v2\/media?parent=3367144"}],"wp:term":[{"taxonomy":"product_brand","embeddable":true,"href":"https:\/\/stoic-curie.212-227-153-4.plesk.page\/fr\/wp-json\/wp\/v2\/product_brand?post=3367144"},{"taxonomy":"product_cat","embeddable":true,"href":"https:\/\/stoic-curie.212-227-153-4.plesk.page\/fr\/wp-json\/wp\/v2\/product_cat?post=3367144"},{"taxonomy":"product_tag","embeddable":true,"href":"https:\/\/stoic-curie.212-227-153-4.plesk.page\/fr\/wp-json\/wp\/v2\/product_tag?post=3367144"}],"curies":[{"name":"wp","href":"https:\/\/api.w.org\/{rel}","templated":true}]}}