{"id":3367147,"date":"2025-10-09T22:17:23","date_gmt":"2025-10-10T02:17:23","guid":{"rendered":"https:\/\/stoic-curie.212-227-153-4.plesk.page\/product\/couvercle-vte-234-borne-doeil-de-cable-entree-rouge-178-mm\/"},"modified":"2026-02-24T23:08:37","modified_gmt":"2026-02-24T23:08:37","slug":"couvercle-vte-234-borne-doeil-de-cable-entree-rouge-178-mm","status":"publish","type":"product","link":"https:\/\/stoic-curie.212-227-153-4.plesk.page\/fr\/product\/couvercle-vte-234-borne-doeil-de-cable-entree-rouge-178-mm\/","title":{"rendered":"Couvercle VTE 234 Borne d`oeil de c\u00e2ble (Entr\u00e9e Rouge \/ 17,8 mm)"},"content":{"rendered":"<p>Couvercle VTE 234 Borne d`oeil de c\u00e2ble (Entr\u00e9e Rouge \/ 17,8 mm) &#8211; Num\u00e9ro de pi\u00e8ce VTE : 234N4V02. De la s\u00e9rie 234 de s\u00e9parateurs \u00e0 terminal \u0153il VTE. Ce couvercle de terminal est fabriqu\u00e9 en PVC et est con\u00e7u pour prot\u00e9ger les connexions de terminal contre les courts-circuits. La s\u00e9rie 234 est con\u00e7ue pour \u00eatre \u00e0 la fois esth\u00e9tique et prot\u00e9ger votre \u00e9lectronique. Cet isolateur de terminal \u00e0 \u0153il et \u00e0 anneau est cod\u00e9 en rouge pour signaler une connexion positive. L&#8217;utilisation de ce couvercle de terminal vous permet de vous conformer aux normes ABYC E-9, USCG 33 Sous-partie I et ISO 10133. <\/p>\n<p>Sp\u00e9cifications : <\/p>\n<p>Approbations : Conforme aux normes ABYC E-9, USCG 33 Sous-partie I &#038; ISO 10133.<br \/>\nHauteur : 43,2 mm<br \/>\nLongueur : Terminal : 50,8 mm, Total : 94 mm<br \/>\nMarque : VTE<br \/>\nCouleur : Noir<br \/>\nTemp\u00e9rature de fonctionnement maximale : 105 \u00b0C<br \/>\nTemp\u00e9rature cassante : -44 \u00b0C<br \/>\nTaille d&#8217;entr\u00e9e de c\u00e2ble : 17,8 mm (Tailles de c\u00e2bles 2\/0-4\/0)<br \/>\nConstruction : PVC<br \/>\nDiam\u00e8tre : OD du terminal : 34 mm, Diam\u00e8tre de prise int\u00e9rieure : 22,86 mm<br \/>\n\u00c9paisseur : \u00c9paisseur nominale du mat\u00e9riau : 2,54 mm.<\/p>\n","protected":false},"excerpt":{"rendered":"<p>Couvercle VTE 234 Borne d`oeil de c\u00e2ble (Entr\u00e9e Rouge \/ 17,8 mm) &#8211; Num\u00e9ro de pi\u00e8ce VTE : 234N4V02. De<\/p>\n","protected":false},"featured_media":5944840,"comment_status":"closed","ping_status":"closed","template":"","meta":[],"product_brand":[2829],"product_cat":[1155,1178],"product_tag":[],"class_list":{"0":"post-3367147","1":"product","2":"type-product","3":"status-publish","4":"has-post-thumbnail","6":"product_brand-blue-sea-systems-fr","7":"product_cat-batteries-materiel-electrique","8":"product_cat-cable-de-batterie-et-terminaux","10":"first","11":"instock","12":"shipping-taxable","13":"purchasable","14":"product-type-simple"},"_links":{"self":[{"href":"https:\/\/stoic-curie.212-227-153-4.plesk.page\/fr\/wp-json\/wp\/v2\/product\/3367147","targetHints":{"allow":["GET"]}}],"collection":[{"href":"https:\/\/stoic-curie.212-227-153-4.plesk.page\/fr\/wp-json\/wp\/v2\/product"}],"about":[{"href":"https:\/\/stoic-curie.212-227-153-4.plesk.page\/fr\/wp-json\/wp\/v2\/types\/product"}],"replies":[{"embeddable":true,"href":"https:\/\/stoic-curie.212-227-153-4.plesk.page\/fr\/wp-json\/wp\/v2\/comments?post=3367147"}],"version-history":[{"count":0,"href":"https:\/\/stoic-curie.212-227-153-4.plesk.page\/fr\/wp-json\/wp\/v2\/product\/3367147\/revisions"}],"wp:featuredmedia":[{"embeddable":true,"href":"https:\/\/stoic-curie.212-227-153-4.plesk.page\/fr\/wp-json\/wp\/v2\/media\/5944840"}],"wp:attachment":[{"href":"https:\/\/stoic-curie.212-227-153-4.plesk.page\/fr\/wp-json\/wp\/v2\/media?parent=3367147"}],"wp:term":[{"taxonomy":"product_brand","embeddable":true,"href":"https:\/\/stoic-curie.212-227-153-4.plesk.page\/fr\/wp-json\/wp\/v2\/product_brand?post=3367147"},{"taxonomy":"product_cat","embeddable":true,"href":"https:\/\/stoic-curie.212-227-153-4.plesk.page\/fr\/wp-json\/wp\/v2\/product_cat?post=3367147"},{"taxonomy":"product_tag","embeddable":true,"href":"https:\/\/stoic-curie.212-227-153-4.plesk.page\/fr\/wp-json\/wp\/v2\/product_tag?post=3367147"}],"curies":[{"name":"wp","href":"https:\/\/api.w.org\/{rel}","templated":true}]}}