{"id":3367155,"date":"2025-10-09T22:17:24","date_gmt":"2025-10-10T02:17:24","guid":{"rendered":"https:\/\/stoic-curie.212-227-153-4.plesk.page\/product\/couvercle-vte-234-borne-doeil-de-cable-noir-entree-de-178-mm-de-diametre\/"},"modified":"2026-02-24T23:08:37","modified_gmt":"2026-02-24T23:08:37","slug":"couvercle-vte-234-borne-doeil-de-cable-noir-entree-de-178-mm-de-diametre","status":"publish","type":"product","link":"https:\/\/stoic-curie.212-227-153-4.plesk.page\/fr\/product\/couvercle-vte-234-borne-doeil-de-cable-noir-entree-de-178-mm-de-diametre\/","title":{"rendered":"Couvercle VTE 234 Borne d`oeil de c\u00e2ble (Noir \/ Entr\u00e9e de 17,8 mm de Diam\u00e8tre)"},"content":{"rendered":"<p>Couvercle VTE 234 Borne d`oeil de c\u00e2ble (Noir \/ Entr\u00e9e de 17,8 mm de Diam\u00e8tre) &#8211; Num\u00e9ro de pi\u00e8ce VTE : 234N4V14. De la s\u00e9rie 234 des isolateurs de bornes oculaires VTE. Ce couvercle de borne, fabriqu\u00e9 en PVC non combustible, est con\u00e7u pour prot\u00e9ger les connexions des bornes contre les courts-circuits. La s\u00e9rie 234 est con\u00e7ue pour \u00eatre esth\u00e9tique tout en prot\u00e9geant votre \u00e9lectronique. Cet isolateur de borne \u00e0 \u0153illet et \u00e0 anneau est cod\u00e9 couleur rouge pour signaler une connexion positive. L&#8217;utilisation de ce couvercle de borne vous permet de vous conformer aux normes ABYC E-9, USCG 33 Sous-partie I et ISO 10133.<\/p>\n","protected":false},"excerpt":{"rendered":"<p>Couvercle VTE 234 Borne d`oeil de c\u00e2ble (Noir \/ Entr\u00e9e de 17,8 mm de Diam\u00e8tre) &#8211; Num\u00e9ro de pi\u00e8ce VTE<\/p>\n","protected":false},"featured_media":5944841,"comment_status":"closed","ping_status":"closed","template":"","meta":[],"product_brand":[2829],"product_cat":[1155,1178],"product_tag":[],"class_list":{"0":"post-3367155","1":"product","2":"type-product","3":"status-publish","4":"has-post-thumbnail","6":"product_brand-blue-sea-systems-fr","7":"product_cat-batteries-materiel-electrique","8":"product_cat-cable-de-batterie-et-terminaux","10":"first","11":"instock","12":"shipping-taxable","13":"purchasable","14":"product-type-simple"},"_links":{"self":[{"href":"https:\/\/stoic-curie.212-227-153-4.plesk.page\/fr\/wp-json\/wp\/v2\/product\/3367155","targetHints":{"allow":["GET"]}}],"collection":[{"href":"https:\/\/stoic-curie.212-227-153-4.plesk.page\/fr\/wp-json\/wp\/v2\/product"}],"about":[{"href":"https:\/\/stoic-curie.212-227-153-4.plesk.page\/fr\/wp-json\/wp\/v2\/types\/product"}],"replies":[{"embeddable":true,"href":"https:\/\/stoic-curie.212-227-153-4.plesk.page\/fr\/wp-json\/wp\/v2\/comments?post=3367155"}],"version-history":[{"count":0,"href":"https:\/\/stoic-curie.212-227-153-4.plesk.page\/fr\/wp-json\/wp\/v2\/product\/3367155\/revisions"}],"wp:featuredmedia":[{"embeddable":true,"href":"https:\/\/stoic-curie.212-227-153-4.plesk.page\/fr\/wp-json\/wp\/v2\/media\/5944841"}],"wp:attachment":[{"href":"https:\/\/stoic-curie.212-227-153-4.plesk.page\/fr\/wp-json\/wp\/v2\/media?parent=3367155"}],"wp:term":[{"taxonomy":"product_brand","embeddable":true,"href":"https:\/\/stoic-curie.212-227-153-4.plesk.page\/fr\/wp-json\/wp\/v2\/product_brand?post=3367155"},{"taxonomy":"product_cat","embeddable":true,"href":"https:\/\/stoic-curie.212-227-153-4.plesk.page\/fr\/wp-json\/wp\/v2\/product_cat?post=3367155"},{"taxonomy":"product_tag","embeddable":true,"href":"https:\/\/stoic-curie.212-227-153-4.plesk.page\/fr\/wp-json\/wp\/v2\/product_tag?post=3367155"}],"curies":[{"name":"wp","href":"https:\/\/api.w.org\/{rel}","templated":true}]}}