{"id":3388950,"date":"2025-10-09T22:30:38","date_gmt":"2025-10-10T02:30:38","guid":{"rendered":"https:\/\/stoic-curie.212-227-153-4.plesk.page\/product\/cage-de-ridoir-fermee-en-inox-m14\/"},"modified":"2026-02-24T23:08:52","modified_gmt":"2026-02-24T23:08:52","slug":"cage-de-ridoir-fermee-en-inox-m14","status":"publish","type":"product","link":"https:\/\/stoic-curie.212-227-153-4.plesk.page\/fr\/product\/cage-de-ridoir-fermee-en-inox-m14\/","title":{"rendered":"Cage de ridoir ferm\u00e9e en inox, M14"},"content":{"rendered":"<p>Cage de ridoir ferm\u00e9e en inox, M14 &#8211; <\/p>\n<p>Vis de gr\u00e9ement modulaires MTM en acier inoxydable 316. Les composants doivent \u00eatre achet\u00e9s s\u00e9par\u00e9ment pour assembler le hauban d\u00e9sir\u00e9. L = Filetage gauche R = Filetage droit<\/p>\n","protected":false},"excerpt":{"rendered":"<p>Cage de ridoir ferm\u00e9e en inox, M14 &#8211; Vis de gr\u00e9ement modulaires MTM en acier inoxydable 316. Les composants doivent<\/p>\n","protected":false},"featured_media":5947257,"comment_status":"closed","ping_status":"closed","template":"","meta":[],"product_brand":[3119],"product_cat":[1127,1183],"product_tag":[],"class_list":{"0":"post-3388950","1":"product","2":"type-product","3":"status-publish","4":"has-post-thumbnail","6":"product_brand-marinetech-fr","7":"product_cat-tendeurs-de-cable","8":"product_cat-tendeurs-de-cable-accastillage-voiliers","10":"first","11":"instock","12":"shipping-taxable","13":"purchasable","14":"product-type-simple"},"_links":{"self":[{"href":"https:\/\/stoic-curie.212-227-153-4.plesk.page\/fr\/wp-json\/wp\/v2\/product\/3388950","targetHints":{"allow":["GET"]}}],"collection":[{"href":"https:\/\/stoic-curie.212-227-153-4.plesk.page\/fr\/wp-json\/wp\/v2\/product"}],"about":[{"href":"https:\/\/stoic-curie.212-227-153-4.plesk.page\/fr\/wp-json\/wp\/v2\/types\/product"}],"replies":[{"embeddable":true,"href":"https:\/\/stoic-curie.212-227-153-4.plesk.page\/fr\/wp-json\/wp\/v2\/comments?post=3388950"}],"version-history":[{"count":0,"href":"https:\/\/stoic-curie.212-227-153-4.plesk.page\/fr\/wp-json\/wp\/v2\/product\/3388950\/revisions"}],"wp:featuredmedia":[{"embeddable":true,"href":"https:\/\/stoic-curie.212-227-153-4.plesk.page\/fr\/wp-json\/wp\/v2\/media\/5947257"}],"wp:attachment":[{"href":"https:\/\/stoic-curie.212-227-153-4.plesk.page\/fr\/wp-json\/wp\/v2\/media?parent=3388950"}],"wp:term":[{"taxonomy":"product_brand","embeddable":true,"href":"https:\/\/stoic-curie.212-227-153-4.plesk.page\/fr\/wp-json\/wp\/v2\/product_brand?post=3388950"},{"taxonomy":"product_cat","embeddable":true,"href":"https:\/\/stoic-curie.212-227-153-4.plesk.page\/fr\/wp-json\/wp\/v2\/product_cat?post=3388950"},{"taxonomy":"product_tag","embeddable":true,"href":"https:\/\/stoic-curie.212-227-153-4.plesk.page\/fr\/wp-json\/wp\/v2\/product_tag?post=3388950"}],"curies":[{"name":"wp","href":"https:\/\/api.w.org\/{rel}","templated":true}]}}