{"id":3388968,"date":"2025-10-09T22:30:39","date_gmt":"2025-10-10T02:30:39","guid":{"rendered":"https:\/\/stoic-curie.212-227-153-4.plesk.page\/product\/vis-de-ridoir-en-inox-avec-embout-a-visser-sur-cable-d-3-mm-filetage-a-droite-m6\/"},"modified":"2026-02-24T23:08:52","modified_gmt":"2026-02-24T23:08:52","slug":"vis-de-ridoir-en-inox-avec-embout-a-visser-sur-cable-d-3-mm-filetage-a-droite-m6","status":"publish","type":"product","link":"https:\/\/stoic-curie.212-227-153-4.plesk.page\/fr\/product\/vis-de-ridoir-en-inox-avec-embout-a-visser-sur-cable-d-3-mm-filetage-a-droite-m6\/","title":{"rendered":"Vis de ridoir en inox avec embout \u00e0 visser sur c\u00e2ble D\u00a03\u00a0mm, filetage \u00e0 droite M6"},"content":{"rendered":"<p>Vis de ridoir en inox avec embout \u00e0 visser sur c\u00e2ble D\u00a03\u00a0mm, filetage \u00e0 droite M6 &#8211; <\/p>\n<p>Vis de r\u00e9glage modulaire MTM en acier inoxydable 316. Les composants doivent \u00eatre achet\u00e9s s\u00e9par\u00e9ment pour assembler le hauban souhait\u00e9. L = Filetage \u00e0 gauche R = Filetage \u00e0 droite<\/p>\n","protected":false},"excerpt":{"rendered":"<p>Vis de ridoir en inox avec embout \u00e0 visser sur c\u00e2ble D\u00a03\u00a0mm, filetage \u00e0 droite M6 &#8211; Vis de r\u00e9glage<\/p>\n","protected":false},"featured_media":5947257,"comment_status":"closed","ping_status":"closed","template":"","meta":[],"product_brand":[3119],"product_cat":[1127,1183],"product_tag":[],"class_list":{"0":"post-3388968","1":"product","2":"type-product","3":"status-publish","4":"has-post-thumbnail","6":"product_brand-marinetech-fr","7":"product_cat-tendeurs-de-cable","8":"product_cat-tendeurs-de-cable-accastillage-voiliers","10":"first","11":"instock","12":"shipping-taxable","13":"purchasable","14":"product-type-simple"},"_links":{"self":[{"href":"https:\/\/stoic-curie.212-227-153-4.plesk.page\/fr\/wp-json\/wp\/v2\/product\/3388968","targetHints":{"allow":["GET"]}}],"collection":[{"href":"https:\/\/stoic-curie.212-227-153-4.plesk.page\/fr\/wp-json\/wp\/v2\/product"}],"about":[{"href":"https:\/\/stoic-curie.212-227-153-4.plesk.page\/fr\/wp-json\/wp\/v2\/types\/product"}],"replies":[{"embeddable":true,"href":"https:\/\/stoic-curie.212-227-153-4.plesk.page\/fr\/wp-json\/wp\/v2\/comments?post=3388968"}],"version-history":[{"count":0,"href":"https:\/\/stoic-curie.212-227-153-4.plesk.page\/fr\/wp-json\/wp\/v2\/product\/3388968\/revisions"}],"wp:featuredmedia":[{"embeddable":true,"href":"https:\/\/stoic-curie.212-227-153-4.plesk.page\/fr\/wp-json\/wp\/v2\/media\/5947257"}],"wp:attachment":[{"href":"https:\/\/stoic-curie.212-227-153-4.plesk.page\/fr\/wp-json\/wp\/v2\/media?parent=3388968"}],"wp:term":[{"taxonomy":"product_brand","embeddable":true,"href":"https:\/\/stoic-curie.212-227-153-4.plesk.page\/fr\/wp-json\/wp\/v2\/product_brand?post=3388968"},{"taxonomy":"product_cat","embeddable":true,"href":"https:\/\/stoic-curie.212-227-153-4.plesk.page\/fr\/wp-json\/wp\/v2\/product_cat?post=3388968"},{"taxonomy":"product_tag","embeddable":true,"href":"https:\/\/stoic-curie.212-227-153-4.plesk.page\/fr\/wp-json\/wp\/v2\/product_tag?post=3388968"}],"curies":[{"name":"wp","href":"https:\/\/api.w.org\/{rel}","templated":true}]}}