{"id":3389020,"date":"2025-10-09T22:30:41","date_gmt":"2025-10-10T02:30:41","guid":{"rendered":"https:\/\/stoic-curie.212-227-153-4.plesk.page\/product\/cable-en-inox-7-x-19-d-2-mm\/"},"modified":"2026-02-24T23:08:52","modified_gmt":"2026-02-24T23:08:52","slug":"cable-en-inox-7-x-19-d-2-mm","status":"publish","type":"product","link":"https:\/\/stoic-curie.212-227-153-4.plesk.page\/fr\/product\/cable-en-inox-7-x-19-d-2-mm\/","title":{"rendered":"C\u00e2ble en inox, 7\u00a0x\u00a019, D\u00a02\u00a0mm"},"content":{"rendered":"<p>C\u00e2ble en inox, 7\u00a0x\u00a019, D\u00a02\u00a0mm &#8211; <\/p>\n<p>C\u00e2ble en acier inoxydable 316 de 133 brins, disponible en rouleau de 50 m. Qualit\u00e9 sup\u00e9rieure, v\u00e9rifi\u00e9e et test\u00e9e.<\/p>\n","protected":false},"excerpt":{"rendered":"<p>C\u00e2ble en inox, 7\u00a0x\u00a019, D\u00a02\u00a0mm &#8211; C\u00e2ble en acier inoxydable 316 de 133 brins, disponible en rouleau de 50 m.<\/p>\n","protected":false},"featured_media":5948682,"comment_status":"closed","ping_status":"closed","template":"","meta":[],"product_brand":[3119],"product_cat":[1182,1105],"product_tag":[],"class_list":{"0":"post-3389020","1":"product","2":"type-product","3":"status-publish","4":"has-post-thumbnail","6":"product_brand-marinetech-fr","7":"product_cat-cable-greement","8":"product_cat-cable-inox-accastillage-bateaux","10":"first","11":"instock","12":"shipping-taxable","13":"purchasable","14":"product-type-simple"},"_links":{"self":[{"href":"https:\/\/stoic-curie.212-227-153-4.plesk.page\/fr\/wp-json\/wp\/v2\/product\/3389020","targetHints":{"allow":["GET"]}}],"collection":[{"href":"https:\/\/stoic-curie.212-227-153-4.plesk.page\/fr\/wp-json\/wp\/v2\/product"}],"about":[{"href":"https:\/\/stoic-curie.212-227-153-4.plesk.page\/fr\/wp-json\/wp\/v2\/types\/product"}],"replies":[{"embeddable":true,"href":"https:\/\/stoic-curie.212-227-153-4.plesk.page\/fr\/wp-json\/wp\/v2\/comments?post=3389020"}],"version-history":[{"count":0,"href":"https:\/\/stoic-curie.212-227-153-4.plesk.page\/fr\/wp-json\/wp\/v2\/product\/3389020\/revisions"}],"wp:featuredmedia":[{"embeddable":true,"href":"https:\/\/stoic-curie.212-227-153-4.plesk.page\/fr\/wp-json\/wp\/v2\/media\/5948682"}],"wp:attachment":[{"href":"https:\/\/stoic-curie.212-227-153-4.plesk.page\/fr\/wp-json\/wp\/v2\/media?parent=3389020"}],"wp:term":[{"taxonomy":"product_brand","embeddable":true,"href":"https:\/\/stoic-curie.212-227-153-4.plesk.page\/fr\/wp-json\/wp\/v2\/product_brand?post=3389020"},{"taxonomy":"product_cat","embeddable":true,"href":"https:\/\/stoic-curie.212-227-153-4.plesk.page\/fr\/wp-json\/wp\/v2\/product_cat?post=3389020"},{"taxonomy":"product_tag","embeddable":true,"href":"https:\/\/stoic-curie.212-227-153-4.plesk.page\/fr\/wp-json\/wp\/v2\/product_tag?post=3389020"}],"curies":[{"name":"wp","href":"https:\/\/api.w.org\/{rel}","templated":true}]}}