{"id":3389087,"date":"2025-10-09T22:30:43","date_gmt":"2025-10-10T02:30:43","guid":{"rendered":"https:\/\/stoic-curie.212-227-153-4.plesk.page\/product\/support-de-bache-telescopique-osculati-hauteur-reglable-90-160cm\/"},"modified":"2026-02-24T23:08:52","modified_gmt":"2026-02-24T23:08:52","slug":"support-de-bache-telescopique-osculati-hauteur-reglable-90-160cm","status":"publish","type":"product","link":"https:\/\/stoic-curie.212-227-153-4.plesk.page\/fr\/product\/support-de-bache-telescopique-osculati-hauteur-reglable-90-160cm\/","title":{"rendered":"Support de b\u00e2che t\u00e9lescopique Osculati Hauteur r\u00e9glable (90-160cm)"},"content":{"rendered":"<p>Support de b\u00e2che t\u00e9lescopique Osculati Hauteur r\u00e9glable (90-160cm) &#8211; <\/p>\n<div class=\"col-24 col-md-15\">\n<p>Le support t\u00e9lescopique pour b\u00e2che Osaculati, r\u00e9glable de 90 \u00e0 160 cm de hauteur, est fabriqu\u00e9 en alliage l\u00e9ger anodis\u00e9 et est \u00e9quip\u00e9 d&#8217;un large support sup\u00e9rieur en PVC doux pour \u00e9viter d&#8217;endommager la b\u00e2che. Diam\u00e8tre des tubes : 25\/30 mm<\/p>\n<p>B\u00e2che (240\/320 cm) : 995210<\/p>\n<p>B\u00e2che (300\/360 cm) : 995211<\/p>\n<p>Support de b\u00e2che (75-120 cm) : 813950<\/p>\n<\/div>\n<p><\/p>\n<table class=\"table\">\n<tbody>\n<tr>\n<td><strong>Description de la hauteur<\/strong><\/td>\n<td>R\u00e9glable de 90 \u00e0 160 cm<\/td>\n<\/tr>\n<tr>\n<td><strong>Mat\u00e9riau<\/strong><\/td>\n<td>Alliage l\u00e9ger anodis\u00e9, \u00e9quip\u00e9 de PVC doux<\/td>\n<\/tr>\n<tr>\n<td><strong>Type<\/strong><\/td>\n<td>Support de b\u00e2che<\/td>\n<\/tr>\n<tr>\n<td><strong>Poids<\/strong><\/td>\n<td>0,59 kg<\/td>\n<\/tr>\n<tr>\n<td><strong>Marque<\/strong><\/td>\n<td>Osculati<\/td>\n<\/tr>\n<tr>\n<td><strong>Description du diam\u00e8tre<\/strong><\/td>\n<td>25\/30 mm \u00c3\u0098<\/td>\n<\/tr>\n<\/tbody>\n<\/table>\n","protected":false},"excerpt":{"rendered":"<p>Support de b\u00e2che t\u00e9lescopique Osculati Hauteur r\u00e9glable (90-160cm) &#8211; Le support t\u00e9lescopique pour b\u00e2che Osaculati, r\u00e9glable de 90 \u00e0 160<\/p>\n","protected":false},"featured_media":5948753,"comment_status":"closed","ping_status":"closed","template":"","meta":[],"product_brand":[3234],"product_cat":[1109,1129,1115],"product_tag":[],"class_list":{"0":"post-3389087","1":"product","2":"type-product","3":"status-publish","4":"has-post-thumbnail","6":"product_brand-osculati-fr","7":"product_cat-couvertures-et-housses","8":"product_cat-pieces-tauds-et-bimini","9":"product_cat-tauds-bimini","11":"first","12":"instock","13":"shipping-taxable","14":"purchasable","15":"product-type-simple"},"_links":{"self":[{"href":"https:\/\/stoic-curie.212-227-153-4.plesk.page\/fr\/wp-json\/wp\/v2\/product\/3389087","targetHints":{"allow":["GET"]}}],"collection":[{"href":"https:\/\/stoic-curie.212-227-153-4.plesk.page\/fr\/wp-json\/wp\/v2\/product"}],"about":[{"href":"https:\/\/stoic-curie.212-227-153-4.plesk.page\/fr\/wp-json\/wp\/v2\/types\/product"}],"replies":[{"embeddable":true,"href":"https:\/\/stoic-curie.212-227-153-4.plesk.page\/fr\/wp-json\/wp\/v2\/comments?post=3389087"}],"version-history":[{"count":0,"href":"https:\/\/stoic-curie.212-227-153-4.plesk.page\/fr\/wp-json\/wp\/v2\/product\/3389087\/revisions"}],"wp:featuredmedia":[{"embeddable":true,"href":"https:\/\/stoic-curie.212-227-153-4.plesk.page\/fr\/wp-json\/wp\/v2\/media\/5948753"}],"wp:attachment":[{"href":"https:\/\/stoic-curie.212-227-153-4.plesk.page\/fr\/wp-json\/wp\/v2\/media?parent=3389087"}],"wp:term":[{"taxonomy":"product_brand","embeddable":true,"href":"https:\/\/stoic-curie.212-227-153-4.plesk.page\/fr\/wp-json\/wp\/v2\/product_brand?post=3389087"},{"taxonomy":"product_cat","embeddable":true,"href":"https:\/\/stoic-curie.212-227-153-4.plesk.page\/fr\/wp-json\/wp\/v2\/product_cat?post=3389087"},{"taxonomy":"product_tag","embeddable":true,"href":"https:\/\/stoic-curie.212-227-153-4.plesk.page\/fr\/wp-json\/wp\/v2\/product_tag?post=3389087"}],"curies":[{"name":"wp","href":"https:\/\/api.w.org\/{rel}","templated":true}]}}