{"id":3389095,"date":"2025-10-09T22:30:44","date_gmt":"2025-10-10T02:30:44","guid":{"rendered":"https:\/\/stoic-curie.212-227-153-4.plesk.page\/product\/raccord-de-tuyau-de-coude-egal-jg-speedfit-pour-tuyau-de-15-mm\/"},"modified":"2026-02-24T23:08:52","modified_gmt":"2026-02-24T23:08:52","slug":"raccord-de-tuyau-de-coude-egal-jg-speedfit-pour-tuyau-de-15-mm","status":"publish","type":"product","link":"https:\/\/stoic-curie.212-227-153-4.plesk.page\/fr\/product\/raccord-de-tuyau-de-coude-egal-jg-speedfit-pour-tuyau-de-15-mm\/","title":{"rendered":"Raccord de tuyau de coude \u00e9gal JG Speedfit pour tuyau de 15 mm"},"content":{"rendered":"<p>Raccord de tuyau de coude \u00e9gal JG Speedfit pour tuyau de 15 mm &#8211; <\/p>\n<div class=\"col-24 col-md-15\">\n<p>Le coude en plastique push-fit John Guest Speedfit est adapt\u00e9 pour connecter des tuyaux en plastique ou en cuivre dans des syst\u00e8mes d&#8217;eau chaude ou froide. Le raccord coud\u00e9 \u00e9gal dispose de deux connexions Speedfit pour des tuyaux de 15 mm, une \u00e0 chaque extr\u00e9mit\u00e9. Ce coude de tuyau \u00e9gal \u00e0 embo\u00eetement a une construction sans plomb et non toxique, et est exempt d&#8217;accumulation de tartre et de corrosion.<\/p>\n<p>Pour installer, poussez simplement le raccord compl\u00e8tement sur le tuyau et tournez l&#8217;\u00e9crou en plastique dans le sens des aiguilles d&#8217;une montre pour le verrouiller en place. Pour retirer la connexion, d\u00e9verrouillez l&#8217;\u00e9crou et poussez le collier vers le corps du raccord et tirez sur le tuyau pour le lib\u00e9rer. Le raccord \u00e0 embo\u00eetement facilite l&#8217;installation dans des espaces confin\u00e9s, l&#8217;installation peut \u00eatre r\u00e9duite d&#8217;environ 40 % par rapport aux m\u00e9thodes de fixation standard.<\/p>\n<\/div>\n<p><\/p>\n<table class=\"table\">\n<tbody>\n<tr>\n<td><strong>Approbations<\/strong><\/td>\n<td>Approuv\u00e9 par BSI et WRAS<\/td>\n<\/tr>\n<tr>\n<td><strong>Mat\u00e9riau<\/strong><\/td>\n<td>Plastique sans plomb et non toxique<\/td>\n<\/tr>\n<tr>\n<td><strong>Taille<\/strong><\/td>\n<td>15 mm<\/td>\n<\/tr>\n<tr>\n<td><strong>Marque<\/strong><\/td>\n<td>JG Speedfit<\/td>\n<\/tr>\n<tr>\n<td><strong>Raccord<\/strong><\/td>\n<td>Coude|Raccord Push-Fit<\/td>\n<\/tr>\n<tr>\n<td><strong>Construction principale<\/strong><\/td>\n<td>Plastique<\/td>\n<\/tr>\n<tr>\n<td><strong>Couleur<\/strong><\/td>\n<td>Blanc<\/td>\n<\/tr>\n<tr>\n<td><strong>Pays d&#8217;origine<\/strong><\/td>\n<td>Royaume-Uni<\/td>\n<\/tr>\n<tr>\n<td><strong>Angle<\/strong><\/td>\n<td>90 degr\u00e9s<\/td>\n<\/tr>\n<tr>\n<td><strong>Description du diam\u00e8tre<\/strong><\/td>\n<td>Pour tuyau de 15 mm<\/td>\n<\/tr>\n<\/tbody>\n<\/table>\n","protected":false},"excerpt":{"rendered":"<p>Raccord de tuyau de coude \u00e9gal JG Speedfit pour tuyau de 15 mm &#8211; Le coude en plastique push-fit John<\/p>\n","protected":false},"featured_media":5948758,"comment_status":"closed","ping_status":"closed","template":"","meta":[],"product_brand":[3424],"product_cat":[1087],"product_tag":[],"class_list":{"0":"post-3389095","1":"product","2":"type-product","3":"status-publish","4":"has-post-thumbnail","6":"product_brand-speedfit-fr","7":"product_cat-plomberie-en-plastique","9":"first","10":"instock","11":"shipping-taxable","12":"purchasable","13":"product-type-simple"},"_links":{"self":[{"href":"https:\/\/stoic-curie.212-227-153-4.plesk.page\/fr\/wp-json\/wp\/v2\/product\/3389095","targetHints":{"allow":["GET"]}}],"collection":[{"href":"https:\/\/stoic-curie.212-227-153-4.plesk.page\/fr\/wp-json\/wp\/v2\/product"}],"about":[{"href":"https:\/\/stoic-curie.212-227-153-4.plesk.page\/fr\/wp-json\/wp\/v2\/types\/product"}],"replies":[{"embeddable":true,"href":"https:\/\/stoic-curie.212-227-153-4.plesk.page\/fr\/wp-json\/wp\/v2\/comments?post=3389095"}],"version-history":[{"count":0,"href":"https:\/\/stoic-curie.212-227-153-4.plesk.page\/fr\/wp-json\/wp\/v2\/product\/3389095\/revisions"}],"wp:featuredmedia":[{"embeddable":true,"href":"https:\/\/stoic-curie.212-227-153-4.plesk.page\/fr\/wp-json\/wp\/v2\/media\/5948758"}],"wp:attachment":[{"href":"https:\/\/stoic-curie.212-227-153-4.plesk.page\/fr\/wp-json\/wp\/v2\/media?parent=3389095"}],"wp:term":[{"taxonomy":"product_brand","embeddable":true,"href":"https:\/\/stoic-curie.212-227-153-4.plesk.page\/fr\/wp-json\/wp\/v2\/product_brand?post=3389095"},{"taxonomy":"product_cat","embeddable":true,"href":"https:\/\/stoic-curie.212-227-153-4.plesk.page\/fr\/wp-json\/wp\/v2\/product_cat?post=3389095"},{"taxonomy":"product_tag","embeddable":true,"href":"https:\/\/stoic-curie.212-227-153-4.plesk.page\/fr\/wp-json\/wp\/v2\/product_tag?post=3389095"}],"curies":[{"name":"wp","href":"https:\/\/api.w.org\/{rel}","templated":true}]}}