{"id":3389133,"date":"2025-10-09T22:30:45","date_gmt":"2025-10-10T02:30:45","guid":{"rendered":"https:\/\/stoic-curie.212-227-153-4.plesk.page\/product\/spatules-torggler-dangle-carrees-pcs-3\/"},"modified":"2026-02-24T23:08:54","modified_gmt":"2026-02-24T23:08:54","slug":"spatules-torggler-dangle-carrees-pcs-3","status":"publish","type":"product","link":"https:\/\/stoic-curie.212-227-153-4.plesk.page\/fr\/product\/spatules-torggler-dangle-carrees-pcs-3\/","title":{"rendered":"Spatules Torggler d\u2019angle carr\u00e9es pcs 3"},"content":{"rendered":"<p>Spatules Torggler d\u2019angle carr\u00e9es pcs 3  &#8211; <\/p>\n<p>Spatules en polym\u00e8re Torggler, sp\u00e9cialement con\u00e7ues pour les mastics et les adh\u00e9sifs. Ensemble de 3 pi\u00e8ces avec coins arrondis ou carr\u00e9s.<\/p>\n","protected":false},"excerpt":{"rendered":"<p>Spatules Torggler d\u2019angle carr\u00e9es pcs 3 &#8211; Spatules en polym\u00e8re Torggler, sp\u00e9cialement con\u00e7ues pour les mastics et les adh\u00e9sifs. Ensemble<\/p>\n","protected":false},"featured_media":5948799,"comment_status":"closed","ping_status":"closed","template":"","meta":[],"product_brand":[3234],"product_cat":[1063],"product_tag":[],"class_list":{"0":"post-3389133","1":"product","2":"type-product","3":"status-publish","4":"has-post-thumbnail","6":"product_brand-osculati-fr","7":"product_cat-collage-et-etancheite","9":"first","10":"instock","11":"shipping-taxable","12":"purchasable","13":"product-type-simple"},"_links":{"self":[{"href":"https:\/\/stoic-curie.212-227-153-4.plesk.page\/fr\/wp-json\/wp\/v2\/product\/3389133","targetHints":{"allow":["GET"]}}],"collection":[{"href":"https:\/\/stoic-curie.212-227-153-4.plesk.page\/fr\/wp-json\/wp\/v2\/product"}],"about":[{"href":"https:\/\/stoic-curie.212-227-153-4.plesk.page\/fr\/wp-json\/wp\/v2\/types\/product"}],"replies":[{"embeddable":true,"href":"https:\/\/stoic-curie.212-227-153-4.plesk.page\/fr\/wp-json\/wp\/v2\/comments?post=3389133"}],"version-history":[{"count":0,"href":"https:\/\/stoic-curie.212-227-153-4.plesk.page\/fr\/wp-json\/wp\/v2\/product\/3389133\/revisions"}],"wp:featuredmedia":[{"embeddable":true,"href":"https:\/\/stoic-curie.212-227-153-4.plesk.page\/fr\/wp-json\/wp\/v2\/media\/5948799"}],"wp:attachment":[{"href":"https:\/\/stoic-curie.212-227-153-4.plesk.page\/fr\/wp-json\/wp\/v2\/media?parent=3389133"}],"wp:term":[{"taxonomy":"product_brand","embeddable":true,"href":"https:\/\/stoic-curie.212-227-153-4.plesk.page\/fr\/wp-json\/wp\/v2\/product_brand?post=3389133"},{"taxonomy":"product_cat","embeddable":true,"href":"https:\/\/stoic-curie.212-227-153-4.plesk.page\/fr\/wp-json\/wp\/v2\/product_cat?post=3389133"},{"taxonomy":"product_tag","embeddable":true,"href":"https:\/\/stoic-curie.212-227-153-4.plesk.page\/fr\/wp-json\/wp\/v2\/product_tag?post=3389133"}],"curies":[{"name":"wp","href":"https:\/\/api.w.org\/{rel}","templated":true}]}}