{"id":3389149,"date":"2025-10-09T22:30:46","date_gmt":"2025-10-10T02:30:46","guid":{"rendered":"https:\/\/stoic-curie.212-227-153-4.plesk.page\/product\/maillon-de-chaine-en-acier-inoxydable-8-x-58mm\/"},"modified":"2026-02-24T23:08:54","modified_gmt":"2026-02-24T23:08:54","slug":"maillon-de-chaine-en-acier-inoxydable-8-x-58mm","status":"publish","type":"product","link":"https:\/\/stoic-curie.212-227-153-4.plesk.page\/fr\/product\/maillon-de-chaine-en-acier-inoxydable-8-x-58mm\/","title":{"rendered":"Maillon de cha\u00eene en acier inoxydable 8 x 58mm"},"content":{"rendered":"<p>Maillon de cha\u00eene en acier inoxydable 8 x 58mm &#8211; D\u00e9couvrez nos produits de haute qualit\u00e9, optimis\u00e9s pour r\u00e9pondre \u00e0 vos besoins. Chaque produit est soigneusement s\u00e9lectionn\u00e9 et offre une excellente qualit\u00e9 et performance.<\/p>\n","protected":false},"excerpt":{"rendered":"<p>Maillon de cha\u00eene en acier inoxydable 8 x 58mm &#8211; D\u00e9couvrez nos produits de haute qualit\u00e9, optimis\u00e9s pour r\u00e9pondre \u00e0<\/p>\n","protected":false},"featured_media":5948801,"comment_status":"closed","ping_status":"closed","template":"","meta":[],"product_brand":[3084],"product_cat":[1046,1118],"product_tag":[],"class_list":{"0":"post-3389149","1":"product","2":"type-product","3":"status-publish","4":"has-post-thumbnail","6":"product_brand-maggigroup-fr","7":"product_cat-chaine-calibree-en-acier-inoxydable","8":"product_cat-chaine-inox","10":"first","11":"instock","12":"shipping-taxable","13":"purchasable","14":"product-type-simple"},"_links":{"self":[{"href":"https:\/\/stoic-curie.212-227-153-4.plesk.page\/fr\/wp-json\/wp\/v2\/product\/3389149","targetHints":{"allow":["GET"]}}],"collection":[{"href":"https:\/\/stoic-curie.212-227-153-4.plesk.page\/fr\/wp-json\/wp\/v2\/product"}],"about":[{"href":"https:\/\/stoic-curie.212-227-153-4.plesk.page\/fr\/wp-json\/wp\/v2\/types\/product"}],"replies":[{"embeddable":true,"href":"https:\/\/stoic-curie.212-227-153-4.plesk.page\/fr\/wp-json\/wp\/v2\/comments?post=3389149"}],"version-history":[{"count":0,"href":"https:\/\/stoic-curie.212-227-153-4.plesk.page\/fr\/wp-json\/wp\/v2\/product\/3389149\/revisions"}],"wp:featuredmedia":[{"embeddable":true,"href":"https:\/\/stoic-curie.212-227-153-4.plesk.page\/fr\/wp-json\/wp\/v2\/media\/5948801"}],"wp:attachment":[{"href":"https:\/\/stoic-curie.212-227-153-4.plesk.page\/fr\/wp-json\/wp\/v2\/media?parent=3389149"}],"wp:term":[{"taxonomy":"product_brand","embeddable":true,"href":"https:\/\/stoic-curie.212-227-153-4.plesk.page\/fr\/wp-json\/wp\/v2\/product_brand?post=3389149"},{"taxonomy":"product_cat","embeddable":true,"href":"https:\/\/stoic-curie.212-227-153-4.plesk.page\/fr\/wp-json\/wp\/v2\/product_cat?post=3389149"},{"taxonomy":"product_tag","embeddable":true,"href":"https:\/\/stoic-curie.212-227-153-4.plesk.page\/fr\/wp-json\/wp\/v2\/product_tag?post=3389149"}],"curies":[{"name":"wp","href":"https:\/\/api.w.org\/{rel}","templated":true}]}}