{"id":3389183,"date":"2025-10-09T22:30:47","date_gmt":"2025-10-10T02:30:47","guid":{"rendered":"https:\/\/stoic-curie.212-227-153-4.plesk.page\/product\/vis-a-metaux-cruciformes-a-tete-cylindrique-din-7985-ecrous-mm-6x30-pack-4-pcs\/"},"modified":"2026-02-24T23:08:54","modified_gmt":"2026-02-24T23:08:54","slug":"vis-a-metaux-cruciformes-a-tete-cylindrique-din-7985-ecrous-mm-6x30-pack-4-pcs","status":"publish","type":"product","link":"https:\/\/stoic-curie.212-227-153-4.plesk.page\/fr\/product\/vis-a-metaux-cruciformes-a-tete-cylindrique-din-7985-ecrous-mm-6x30-pack-4-pcs\/","title":{"rendered":"Vis \u00e0 m\u00e9taux cruciformes \u00e0 t\u00eate cylindrique din 7985 + \u00e9crous mm 6&#215;30 pack 4 \/ pcs"},"content":{"rendered":"<p>Vis \u00e0 m\u00e9taux cruciformes \u00e0 t\u00eate cylindrique din 7985 + \u00e9crous mm 6&#215;30 pack 4 \/ pcs &#8211; <\/p>\n<p>Boulons \u00e0 t\u00eate pan Phillips en acier inoxydable DIN 7985 A4. Livr\u00e9 en blister avec des \u00e9crous.<\/p>\n","protected":false},"excerpt":{"rendered":"<p>Vis \u00e0 m\u00e9taux cruciformes \u00e0 t\u00eate cylindrique din 7985 + \u00e9crous mm 6&#215;30 pack 4 \/ pcs &#8211; Boulons \u00e0<\/p>\n","protected":false},"featured_media":5945185,"comment_status":"closed","ping_status":"closed","template":"","meta":[],"product_brand":[3119],"product_cat":[1147],"product_tag":[],"class_list":{"0":"post-3389183","1":"product","2":"type-product","3":"status-publish","4":"has-post-thumbnail","6":"product_brand-marinetech-fr","7":"product_cat-vis-en-acier-inoxydable-din-7985","9":"first","10":"instock","11":"shipping-taxable","12":"purchasable","13":"product-type-simple"},"_links":{"self":[{"href":"https:\/\/stoic-curie.212-227-153-4.plesk.page\/fr\/wp-json\/wp\/v2\/product\/3389183","targetHints":{"allow":["GET"]}}],"collection":[{"href":"https:\/\/stoic-curie.212-227-153-4.plesk.page\/fr\/wp-json\/wp\/v2\/product"}],"about":[{"href":"https:\/\/stoic-curie.212-227-153-4.plesk.page\/fr\/wp-json\/wp\/v2\/types\/product"}],"replies":[{"embeddable":true,"href":"https:\/\/stoic-curie.212-227-153-4.plesk.page\/fr\/wp-json\/wp\/v2\/comments?post=3389183"}],"version-history":[{"count":0,"href":"https:\/\/stoic-curie.212-227-153-4.plesk.page\/fr\/wp-json\/wp\/v2\/product\/3389183\/revisions"}],"wp:featuredmedia":[{"embeddable":true,"href":"https:\/\/stoic-curie.212-227-153-4.plesk.page\/fr\/wp-json\/wp\/v2\/media\/5945185"}],"wp:attachment":[{"href":"https:\/\/stoic-curie.212-227-153-4.plesk.page\/fr\/wp-json\/wp\/v2\/media?parent=3389183"}],"wp:term":[{"taxonomy":"product_brand","embeddable":true,"href":"https:\/\/stoic-curie.212-227-153-4.plesk.page\/fr\/wp-json\/wp\/v2\/product_brand?post=3389183"},{"taxonomy":"product_cat","embeddable":true,"href":"https:\/\/stoic-curie.212-227-153-4.plesk.page\/fr\/wp-json\/wp\/v2\/product_cat?post=3389183"},{"taxonomy":"product_tag","embeddable":true,"href":"https:\/\/stoic-curie.212-227-153-4.plesk.page\/fr\/wp-json\/wp\/v2\/product_tag?post=3389183"}],"curies":[{"name":"wp","href":"https:\/\/api.w.org\/{rel}","templated":true}]}}