{"id":3389191,"date":"2025-10-09T22:30:48","date_gmt":"2025-10-10T02:30:48","guid":{"rendered":"https:\/\/stoic-curie.212-227-153-4.plesk.page\/product\/vis-a-agglomere-phillips-a-tete-plate-en-acier-inoxydable-din-6112-mm-4x60-pack-6-pcs\/"},"modified":"2026-02-24T23:08:54","modified_gmt":"2026-02-24T23:08:54","slug":"vis-a-agglomere-phillips-a-tete-plate-en-acier-inoxydable-din-6112-mm-4x60-pack-6-pcs","status":"publish","type":"product","link":"https:\/\/stoic-curie.212-227-153-4.plesk.page\/fr\/product\/vis-a-agglomere-phillips-a-tete-plate-en-acier-inoxydable-din-6112-mm-4x60-pack-6-pcs\/","title":{"rendered":"Vis \u00e0 agglom\u00e9r\u00e9 Phillips \u00e0 t\u00eate plate en acier inoxydable din 6112 mm 4&#215;60 pack 6 \/ pcs"},"content":{"rendered":"<p>Vis \u00e0 agglom\u00e9r\u00e9 Phillips \u00e0 t\u00eate plate en acier inoxydable din 6112 mm 4&#215;60 pack 6 \/ pcs &#8211; <\/p>\n<p>Screws \u00e0 t\u00eate plate Phillips DIN 6112 A4 en acier inoxydable pour agglom\u00e9r\u00e9. Pr\u00e9sent\u00e9s dans des emballages blister \u00e9l\u00e9gants et pratiques.<\/p>\n","protected":false},"excerpt":{"rendered":"<p>Vis \u00e0 agglom\u00e9r\u00e9 Phillips \u00e0 t\u00eate plate en acier inoxydable din 6112 mm 4&#215;60 pack 6 \/ pcs &#8211; Screws<\/p>\n","protected":false},"featured_media":5947236,"comment_status":"closed","ping_status":"closed","template":"","meta":[],"product_brand":[3119],"product_cat":[1148],"product_tag":[],"class_list":{"0":"post-3389191","1":"product","2":"type-product","3":"status-publish","4":"has-post-thumbnail","6":"product_brand-marinetech-fr","7":"product_cat-vis-en-acier-inoxydable-din-6112","9":"first","10":"instock","11":"shipping-taxable","12":"purchasable","13":"product-type-simple"},"_links":{"self":[{"href":"https:\/\/stoic-curie.212-227-153-4.plesk.page\/fr\/wp-json\/wp\/v2\/product\/3389191","targetHints":{"allow":["GET"]}}],"collection":[{"href":"https:\/\/stoic-curie.212-227-153-4.plesk.page\/fr\/wp-json\/wp\/v2\/product"}],"about":[{"href":"https:\/\/stoic-curie.212-227-153-4.plesk.page\/fr\/wp-json\/wp\/v2\/types\/product"}],"replies":[{"embeddable":true,"href":"https:\/\/stoic-curie.212-227-153-4.plesk.page\/fr\/wp-json\/wp\/v2\/comments?post=3389191"}],"version-history":[{"count":0,"href":"https:\/\/stoic-curie.212-227-153-4.plesk.page\/fr\/wp-json\/wp\/v2\/product\/3389191\/revisions"}],"wp:featuredmedia":[{"embeddable":true,"href":"https:\/\/stoic-curie.212-227-153-4.plesk.page\/fr\/wp-json\/wp\/v2\/media\/5947236"}],"wp:attachment":[{"href":"https:\/\/stoic-curie.212-227-153-4.plesk.page\/fr\/wp-json\/wp\/v2\/media?parent=3389191"}],"wp:term":[{"taxonomy":"product_brand","embeddable":true,"href":"https:\/\/stoic-curie.212-227-153-4.plesk.page\/fr\/wp-json\/wp\/v2\/product_brand?post=3389191"},{"taxonomy":"product_cat","embeddable":true,"href":"https:\/\/stoic-curie.212-227-153-4.plesk.page\/fr\/wp-json\/wp\/v2\/product_cat?post=3389191"},{"taxonomy":"product_tag","embeddable":true,"href":"https:\/\/stoic-curie.212-227-153-4.plesk.page\/fr\/wp-json\/wp\/v2\/product_tag?post=3389191"}],"curies":[{"name":"wp","href":"https:\/\/api.w.org\/{rel}","templated":true}]}}