{"id":3389252,"date":"2025-10-09T22:30:50","date_gmt":"2025-10-10T02:30:50","guid":{"rendered":"https:\/\/stoic-curie.212-227-153-4.plesk.page\/product\/moustiquaire-pour-hublots-en-aluminium-type-g-451x266mm\/"},"modified":"2026-02-24T23:08:54","modified_gmt":"2026-02-24T23:08:54","slug":"moustiquaire-pour-hublots-en-aluminium-type-g-451x266mm","status":"publish","type":"product","link":"https:\/\/stoic-curie.212-227-153-4.plesk.page\/fr\/product\/moustiquaire-pour-hublots-en-aluminium-type-g-451x266mm\/","title":{"rendered":"Moustiquaire pour hublots en aluminium type G 451x266mm"},"content":{"rendered":"<p>Moustiquaire pour hublots en aluminium type G 451x266mm &#8211; <\/p>\n<p>Hublot de type Goiot en aluminium anodis\u00e9 avec verre acrylique \u00e9tanche, construction moul\u00e9e et joint d&#8217;\u00e9tanch\u00e9it\u00e9 double face. Grande port\u00e9e de vue gr\u00e2ce \u00e0 la poign\u00e9e plate. \u00c9paisseur maximale de la cloison : 27 mm.<\/p>\n","protected":false},"excerpt":{"rendered":"<p>Moustiquaire pour hublots en aluminium type G 451x266mm &#8211; Hublot de type Goiot en aluminium anodis\u00e9 avec verre acrylique \u00e9tanche,<\/p>\n","protected":false},"featured_media":5948821,"comment_status":"closed","ping_status":"closed","template":"","meta":[],"product_brand":[2854],"product_cat":[1128],"product_tag":[],"class_list":{"0":"post-3389252","1":"product","2":"type-product","3":"status-publish","4":"has-post-thumbnail","6":"product_brand-can-marine-fr","7":"product_cat-panneaux-de-pont","9":"first","10":"instock","11":"shipping-taxable","12":"purchasable","13":"product-type-simple"},"_links":{"self":[{"href":"https:\/\/stoic-curie.212-227-153-4.plesk.page\/fr\/wp-json\/wp\/v2\/product\/3389252","targetHints":{"allow":["GET"]}}],"collection":[{"href":"https:\/\/stoic-curie.212-227-153-4.plesk.page\/fr\/wp-json\/wp\/v2\/product"}],"about":[{"href":"https:\/\/stoic-curie.212-227-153-4.plesk.page\/fr\/wp-json\/wp\/v2\/types\/product"}],"replies":[{"embeddable":true,"href":"https:\/\/stoic-curie.212-227-153-4.plesk.page\/fr\/wp-json\/wp\/v2\/comments?post=3389252"}],"version-history":[{"count":0,"href":"https:\/\/stoic-curie.212-227-153-4.plesk.page\/fr\/wp-json\/wp\/v2\/product\/3389252\/revisions"}],"wp:featuredmedia":[{"embeddable":true,"href":"https:\/\/stoic-curie.212-227-153-4.plesk.page\/fr\/wp-json\/wp\/v2\/media\/5948821"}],"wp:attachment":[{"href":"https:\/\/stoic-curie.212-227-153-4.plesk.page\/fr\/wp-json\/wp\/v2\/media?parent=3389252"}],"wp:term":[{"taxonomy":"product_brand","embeddable":true,"href":"https:\/\/stoic-curie.212-227-153-4.plesk.page\/fr\/wp-json\/wp\/v2\/product_brand?post=3389252"},{"taxonomy":"product_cat","embeddable":true,"href":"https:\/\/stoic-curie.212-227-153-4.plesk.page\/fr\/wp-json\/wp\/v2\/product_cat?post=3389252"},{"taxonomy":"product_tag","embeddable":true,"href":"https:\/\/stoic-curie.212-227-153-4.plesk.page\/fr\/wp-json\/wp\/v2\/product_tag?post=3389252"}],"curies":[{"name":"wp","href":"https:\/\/api.w.org\/{rel}","templated":true}]}}