{"id":3389299,"date":"2025-10-09T22:30:51","date_gmt":"2025-10-10T02:30:51","guid":{"rendered":"https:\/\/stoic-curie.212-227-153-4.plesk.page\/product\/douche-blanche-pippo\/"},"modified":"2026-02-24T23:08:54","modified_gmt":"2026-02-24T23:08:54","slug":"douche-blanche-pippo","status":"publish","type":"product","link":"https:\/\/stoic-curie.212-227-153-4.plesk.page\/fr\/product\/douche-blanche-pippo\/","title":{"rendered":"Douche Blanche Pippo"},"content":{"rendered":"<p>Douche Blanche Pippo &#8211; <\/p>\n<p>Douche Pippo polyvalente en ABS. Bouton d&#8217;ouverture\/fermeture int\u00e9gr\u00e9 dans la poign\u00e9e. Connexion 1\/2&#8243;.<\/p>\n","protected":false},"excerpt":{"rendered":"<p>Douche Blanche Pippo &#8211; Douche Pippo polyvalente en ABS. Bouton d&#8217;ouverture\/fermeture int\u00e9gr\u00e9 dans la poign\u00e9e. Connexion 1\/2&#8243;.<\/p>\n","protected":false},"featured_media":5948839,"comment_status":"closed","ping_status":"closed","template":"","meta":[],"product_brand":[3489],"product_cat":[1078],"product_tag":[],"class_list":{"0":"post-3389299","1":"product","2":"type-product","3":"status-publish","4":"has-post-thumbnail","6":"product_brand-trem-fr","7":"product_cat-douches","9":"first","10":"instock","11":"shipping-taxable","12":"purchasable","13":"product-type-simple"},"_links":{"self":[{"href":"https:\/\/stoic-curie.212-227-153-4.plesk.page\/fr\/wp-json\/wp\/v2\/product\/3389299","targetHints":{"allow":["GET"]}}],"collection":[{"href":"https:\/\/stoic-curie.212-227-153-4.plesk.page\/fr\/wp-json\/wp\/v2\/product"}],"about":[{"href":"https:\/\/stoic-curie.212-227-153-4.plesk.page\/fr\/wp-json\/wp\/v2\/types\/product"}],"replies":[{"embeddable":true,"href":"https:\/\/stoic-curie.212-227-153-4.plesk.page\/fr\/wp-json\/wp\/v2\/comments?post=3389299"}],"version-history":[{"count":0,"href":"https:\/\/stoic-curie.212-227-153-4.plesk.page\/fr\/wp-json\/wp\/v2\/product\/3389299\/revisions"}],"wp:featuredmedia":[{"embeddable":true,"href":"https:\/\/stoic-curie.212-227-153-4.plesk.page\/fr\/wp-json\/wp\/v2\/media\/5948839"}],"wp:attachment":[{"href":"https:\/\/stoic-curie.212-227-153-4.plesk.page\/fr\/wp-json\/wp\/v2\/media?parent=3389299"}],"wp:term":[{"taxonomy":"product_brand","embeddable":true,"href":"https:\/\/stoic-curie.212-227-153-4.plesk.page\/fr\/wp-json\/wp\/v2\/product_brand?post=3389299"},{"taxonomy":"product_cat","embeddable":true,"href":"https:\/\/stoic-curie.212-227-153-4.plesk.page\/fr\/wp-json\/wp\/v2\/product_cat?post=3389299"},{"taxonomy":"product_tag","embeddable":true,"href":"https:\/\/stoic-curie.212-227-153-4.plesk.page\/fr\/wp-json\/wp\/v2\/product_tag?post=3389299"}],"curies":[{"name":"wp","href":"https:\/\/api.w.org\/{rel}","templated":true}]}}