{"id":3389301,"date":"2025-10-09T22:30:52","date_gmt":"2025-10-10T02:30:52","guid":{"rendered":"https:\/\/stoic-curie.212-227-153-4.plesk.page\/product\/pompe-de-cale-johnson-aqua-void-ref-500-v-12\/"},"modified":"2026-02-24T23:08:54","modified_gmt":"2026-02-24T23:08:54","slug":"pompe-de-cale-johnson-aqua-void-ref-500-v-12","status":"publish","type":"product","link":"https:\/\/stoic-curie.212-227-153-4.plesk.page\/fr\/product\/pompe-de-cale-johnson-aqua-void-ref-500-v-12\/","title":{"rendered":"Pompe de cale Johnson aqua void ref 500 v 12"},"content":{"rendered":"<p>Pompe de cale Johnson aqua void ref 500 v 12  &#8211; <\/p>\n<p>Pompe de cale submersible Johnson Aqua Void d&#8217;une qualit\u00e9 et durabilit\u00e9 sup\u00e9rieures, avec une base et une t\u00eate d\u00e9tachables pour un nettoyage facile. Avec joint \u00e9tanche, fusibles de rechange et connecteur Deutsch pour une d\u00e9connexion rapide du r\u00e9seau lors de la maintenance. Corps thermodurcissable avec moteur scell\u00e9 refroidi par eau et arbre en acier inoxydable. Port filet\u00e9 de 3\/4 avec raccords de tuyau droits et ajustables de 20 mm, incluant un joint et une vanne de retenue. Dimensions de la pompe 70 x 133 x H119 mm.<\/p>\n","protected":false},"excerpt":{"rendered":"<p>Pompe de cale Johnson aqua void ref 500 v 12 &#8211; Pompe de cale submersible Johnson Aqua Void d&#8217;une qualit\u00e9<\/p>\n","protected":false},"featured_media":5948842,"comment_status":"closed","ping_status":"closed","template":"","meta":[],"product_brand":[3044],"product_cat":[1085],"product_tag":[],"class_list":{"0":"post-3389301","1":"product","2":"type-product","3":"status-publish","4":"has-post-thumbnail","6":"product_brand-johnson-marine-fr","7":"product_cat-pompes-de-cale-electriques","9":"first","10":"instock","11":"shipping-taxable","12":"purchasable","13":"product-type-simple"},"_links":{"self":[{"href":"https:\/\/stoic-curie.212-227-153-4.plesk.page\/fr\/wp-json\/wp\/v2\/product\/3389301","targetHints":{"allow":["GET"]}}],"collection":[{"href":"https:\/\/stoic-curie.212-227-153-4.plesk.page\/fr\/wp-json\/wp\/v2\/product"}],"about":[{"href":"https:\/\/stoic-curie.212-227-153-4.plesk.page\/fr\/wp-json\/wp\/v2\/types\/product"}],"replies":[{"embeddable":true,"href":"https:\/\/stoic-curie.212-227-153-4.plesk.page\/fr\/wp-json\/wp\/v2\/comments?post=3389301"}],"version-history":[{"count":0,"href":"https:\/\/stoic-curie.212-227-153-4.plesk.page\/fr\/wp-json\/wp\/v2\/product\/3389301\/revisions"}],"wp:featuredmedia":[{"embeddable":true,"href":"https:\/\/stoic-curie.212-227-153-4.plesk.page\/fr\/wp-json\/wp\/v2\/media\/5948842"}],"wp:attachment":[{"href":"https:\/\/stoic-curie.212-227-153-4.plesk.page\/fr\/wp-json\/wp\/v2\/media?parent=3389301"}],"wp:term":[{"taxonomy":"product_brand","embeddable":true,"href":"https:\/\/stoic-curie.212-227-153-4.plesk.page\/fr\/wp-json\/wp\/v2\/product_brand?post=3389301"},{"taxonomy":"product_cat","embeddable":true,"href":"https:\/\/stoic-curie.212-227-153-4.plesk.page\/fr\/wp-json\/wp\/v2\/product_cat?post=3389301"},{"taxonomy":"product_tag","embeddable":true,"href":"https:\/\/stoic-curie.212-227-153-4.plesk.page\/fr\/wp-json\/wp\/v2\/product_tag?post=3389301"}],"curies":[{"name":"wp","href":"https:\/\/api.w.org\/{rel}","templated":true}]}}