{"id":3389374,"date":"2025-10-09T22:30:55","date_gmt":"2025-10-10T02:30:55","guid":{"rendered":"https:\/\/stoic-curie.212-227-153-4.plesk.page\/product\/torggler-sitol-noir-290-ml\/"},"modified":"2026-02-24T23:08:54","modified_gmt":"2026-02-24T23:08:54","slug":"torggler-sitol-noir-290-ml","status":"publish","type":"product","link":"https:\/\/stoic-curie.212-227-153-4.plesk.page\/fr\/product\/torggler-sitol-noir-290-ml\/","title":{"rendered":"Torggler sitol Noir 290 ml"},"content":{"rendered":"<p>Torggler sitol Noir 290 ml &#8211; <\/p>\n<p>Sealant hybride Torggler pour calfeutrage en Teck.<br \/>\u2022 Adh\u00e8re \u00e0 toute surface lisse ou poreuse, m\u00eame humide.<br \/>\u2022 Pon\u00e7able, constamment \u00e9lastique, ne r\u00e9tr\u00e9cit pas.<br \/>\u2022 R\u00e9sistant aux rayons UV, aux environnements salins et aux agents chimiques.<br \/>\u2022 Sans solvant ni isocyanate, ne n\u00e9cessite pas de formation selon le r\u00e8glement CE1907\/2006.<\/p>\n","protected":false},"excerpt":{"rendered":"<p>Torggler sitol Noir 290 ml &#8211; Sealant hybride Torggler pour calfeutrage en Teck.\u2022 Adh\u00e8re \u00e0 toute surface lisse ou poreuse,<\/p>\n","protected":false},"featured_media":5948904,"comment_status":"closed","ping_status":"closed","template":"","meta":[],"product_brand":[3234],"product_cat":[1063],"product_tag":[],"class_list":{"0":"post-3389374","1":"product","2":"type-product","3":"status-publish","4":"has-post-thumbnail","6":"product_brand-osculati-fr","7":"product_cat-collage-et-etancheite","9":"first","10":"instock","11":"shipping-taxable","12":"purchasable","13":"product-type-simple"},"_links":{"self":[{"href":"https:\/\/stoic-curie.212-227-153-4.plesk.page\/fr\/wp-json\/wp\/v2\/product\/3389374","targetHints":{"allow":["GET"]}}],"collection":[{"href":"https:\/\/stoic-curie.212-227-153-4.plesk.page\/fr\/wp-json\/wp\/v2\/product"}],"about":[{"href":"https:\/\/stoic-curie.212-227-153-4.plesk.page\/fr\/wp-json\/wp\/v2\/types\/product"}],"replies":[{"embeddable":true,"href":"https:\/\/stoic-curie.212-227-153-4.plesk.page\/fr\/wp-json\/wp\/v2\/comments?post=3389374"}],"version-history":[{"count":0,"href":"https:\/\/stoic-curie.212-227-153-4.plesk.page\/fr\/wp-json\/wp\/v2\/product\/3389374\/revisions"}],"wp:featuredmedia":[{"embeddable":true,"href":"https:\/\/stoic-curie.212-227-153-4.plesk.page\/fr\/wp-json\/wp\/v2\/media\/5948904"}],"wp:attachment":[{"href":"https:\/\/stoic-curie.212-227-153-4.plesk.page\/fr\/wp-json\/wp\/v2\/media?parent=3389374"}],"wp:term":[{"taxonomy":"product_brand","embeddable":true,"href":"https:\/\/stoic-curie.212-227-153-4.plesk.page\/fr\/wp-json\/wp\/v2\/product_brand?post=3389374"},{"taxonomy":"product_cat","embeddable":true,"href":"https:\/\/stoic-curie.212-227-153-4.plesk.page\/fr\/wp-json\/wp\/v2\/product_cat?post=3389374"},{"taxonomy":"product_tag","embeddable":true,"href":"https:\/\/stoic-curie.212-227-153-4.plesk.page\/fr\/wp-json\/wp\/v2\/product_tag?post=3389374"}],"curies":[{"name":"wp","href":"https:\/\/api.w.org\/{rel}","templated":true}]}}