{"id":3389385,"date":"2025-10-09T22:30:55","date_gmt":"2025-10-10T02:30:55","guid":{"rendered":"https:\/\/stoic-curie.212-227-153-4.plesk.page\/product\/ruban-de-flottaison-noir-20-mm-x-25-m\/"},"modified":"2026-02-24T23:08:54","modified_gmt":"2026-02-24T23:08:54","slug":"ruban-de-flottaison-noir-20-mm-x-25-m","status":"publish","type":"product","link":"https:\/\/stoic-curie.212-227-153-4.plesk.page\/fr\/product\/ruban-de-flottaison-noir-20-mm-x-25-m\/","title":{"rendered":"Ruban de flottaison noir 20 mm x 25 m"},"content":{"rendered":"<p>Ruban de flottaison noir 20 mm x 25 m &#8211; <\/p>\n<p>Bandes \u00e9tanches en vinyle stabilis\u00e9 de qualit\u00e9 sup\u00e9rieure avec adh\u00e9sif. R\u00e9sistantes aux fluctuations de temp\u00e9rature, aux rayons UV et aux intemp\u00e9ries. Fabriqu\u00e9es avec un film de protection facilement amovible pour une application simplifi\u00e9e.<\/p>\n","protected":false},"excerpt":{"rendered":"<p>Ruban de flottaison noir 20 mm x 25 m &#8211; Bandes \u00e9tanches en vinyle stabilis\u00e9 de qualit\u00e9 sup\u00e9rieure avec adh\u00e9sif.<\/p>\n","protected":false},"featured_media":5948639,"comment_status":"closed","ping_status":"closed","template":"","meta":[],"product_brand":[3234],"product_cat":[1064],"product_tag":[],"class_list":{"0":"post-3389385","1":"product","2":"type-product","3":"status-publish","4":"has-post-thumbnail","6":"product_brand-osculati-fr","7":"product_cat-ruban-adhesif-pour-ligne-de-flottaison","9":"first","10":"instock","11":"shipping-taxable","12":"purchasable","13":"product-type-simple"},"_links":{"self":[{"href":"https:\/\/stoic-curie.212-227-153-4.plesk.page\/fr\/wp-json\/wp\/v2\/product\/3389385","targetHints":{"allow":["GET"]}}],"collection":[{"href":"https:\/\/stoic-curie.212-227-153-4.plesk.page\/fr\/wp-json\/wp\/v2\/product"}],"about":[{"href":"https:\/\/stoic-curie.212-227-153-4.plesk.page\/fr\/wp-json\/wp\/v2\/types\/product"}],"replies":[{"embeddable":true,"href":"https:\/\/stoic-curie.212-227-153-4.plesk.page\/fr\/wp-json\/wp\/v2\/comments?post=3389385"}],"version-history":[{"count":0,"href":"https:\/\/stoic-curie.212-227-153-4.plesk.page\/fr\/wp-json\/wp\/v2\/product\/3389385\/revisions"}],"wp:featuredmedia":[{"embeddable":true,"href":"https:\/\/stoic-curie.212-227-153-4.plesk.page\/fr\/wp-json\/wp\/v2\/media\/5948639"}],"wp:attachment":[{"href":"https:\/\/stoic-curie.212-227-153-4.plesk.page\/fr\/wp-json\/wp\/v2\/media?parent=3389385"}],"wp:term":[{"taxonomy":"product_brand","embeddable":true,"href":"https:\/\/stoic-curie.212-227-153-4.plesk.page\/fr\/wp-json\/wp\/v2\/product_brand?post=3389385"},{"taxonomy":"product_cat","embeddable":true,"href":"https:\/\/stoic-curie.212-227-153-4.plesk.page\/fr\/wp-json\/wp\/v2\/product_cat?post=3389385"},{"taxonomy":"product_tag","embeddable":true,"href":"https:\/\/stoic-curie.212-227-153-4.plesk.page\/fr\/wp-json\/wp\/v2\/product_tag?post=3389385"}],"curies":[{"name":"wp","href":"https:\/\/api.w.org\/{rel}","templated":true}]}}