{"id":3389420,"date":"2025-10-09T22:30:56","date_gmt":"2025-10-10T02:30:56","guid":{"rendered":"https:\/\/stoic-curie.212-227-153-4.plesk.page\/product\/torggler-domus-mastic-beige-310-ml\/"},"modified":"2026-02-24T23:08:54","modified_gmt":"2026-02-24T23:08:54","slug":"torggler-domus-mastic-beige-310-ml","status":"publish","type":"product","link":"https:\/\/stoic-curie.212-227-153-4.plesk.page\/fr\/product\/torggler-domus-mastic-beige-310-ml\/","title":{"rendered":"Torggler domus mastic Beige 310 ml"},"content":{"rendered":"<p>Torggler domus mastic Beige 310 ml &#8211; <\/p>\n<p>Silicone \u00e0 durcissement neutre \u00e0 faible module de Torggler, disponible dans les teintes chromatiques les plus utilis\u00e9es dans le secteur nautique. <br \/>\u2022 R\u00e9sistant aux moisissures <br \/>\u2022 R\u00e9sistant aux UV et aux environnements salins <br \/>\u2022 Certification pour les applications conform\u00e9ment \u00e0 la r\u00e9glementation EN15651-1\/2\/3<\/p>\n","protected":false},"excerpt":{"rendered":"<p>Torggler domus mastic Beige 310 ml &#8211; Silicone \u00e0 durcissement neutre \u00e0 faible module de Torggler, disponible dans les teintes<\/p>\n","protected":false},"featured_media":5948925,"comment_status":"closed","ping_status":"closed","template":"","meta":[],"product_brand":[3234],"product_cat":[1063],"product_tag":[],"class_list":{"0":"post-3389420","1":"product","2":"type-product","3":"status-publish","4":"has-post-thumbnail","6":"product_brand-osculati-fr","7":"product_cat-collage-et-etancheite","9":"first","10":"instock","11":"shipping-taxable","12":"purchasable","13":"product-type-simple"},"_links":{"self":[{"href":"https:\/\/stoic-curie.212-227-153-4.plesk.page\/fr\/wp-json\/wp\/v2\/product\/3389420","targetHints":{"allow":["GET"]}}],"collection":[{"href":"https:\/\/stoic-curie.212-227-153-4.plesk.page\/fr\/wp-json\/wp\/v2\/product"}],"about":[{"href":"https:\/\/stoic-curie.212-227-153-4.plesk.page\/fr\/wp-json\/wp\/v2\/types\/product"}],"replies":[{"embeddable":true,"href":"https:\/\/stoic-curie.212-227-153-4.plesk.page\/fr\/wp-json\/wp\/v2\/comments?post=3389420"}],"version-history":[{"count":0,"href":"https:\/\/stoic-curie.212-227-153-4.plesk.page\/fr\/wp-json\/wp\/v2\/product\/3389420\/revisions"}],"wp:featuredmedia":[{"embeddable":true,"href":"https:\/\/stoic-curie.212-227-153-4.plesk.page\/fr\/wp-json\/wp\/v2\/media\/5948925"}],"wp:attachment":[{"href":"https:\/\/stoic-curie.212-227-153-4.plesk.page\/fr\/wp-json\/wp\/v2\/media?parent=3389420"}],"wp:term":[{"taxonomy":"product_brand","embeddable":true,"href":"https:\/\/stoic-curie.212-227-153-4.plesk.page\/fr\/wp-json\/wp\/v2\/product_brand?post=3389420"},{"taxonomy":"product_cat","embeddable":true,"href":"https:\/\/stoic-curie.212-227-153-4.plesk.page\/fr\/wp-json\/wp\/v2\/product_cat?post=3389420"},{"taxonomy":"product_tag","embeddable":true,"href":"https:\/\/stoic-curie.212-227-153-4.plesk.page\/fr\/wp-json\/wp\/v2\/product_tag?post=3389420"}],"curies":[{"name":"wp","href":"https:\/\/api.w.org\/{rel}","templated":true}]}}