{"id":3389449,"date":"2025-10-09T22:30:57","date_gmt":"2025-10-10T02:30:57","guid":{"rendered":"https:\/\/stoic-curie.212-227-153-4.plesk.page\/product\/terminal-pour-qbe-h65\/"},"modified":"2026-02-24T23:08:54","modified_gmt":"2026-02-24T23:08:54","slug":"terminal-pour-qbe-h65","status":"publish","type":"product","link":"https:\/\/stoic-curie.212-227-153-4.plesk.page\/fr\/product\/terminal-pour-qbe-h65\/","title":{"rendered":"Terminal pour QBE H65"},"content":{"rendered":"<p>Terminal pour QBE H65 &#8211; <\/p>\n<p>Ce profil de pare-chocs au design contemporain est id\u00e9al pour un usage intensif sur tout bateau de travail ou professionnel. Con\u00e7u pour absorber les chocs majeurs tout en maintenant une structure l\u00e9g\u00e8re, il est facile \u00e0 installer gr\u00e2ce \u00e0 une base fixe, une barre en acier inoxydable pr\u00e9-perc\u00e9e et un profil en cr\u00eate de pression. Il est adapt\u00e9 \u00e0 toute coque avec un couplage lisse, en bo\u00eete ou plat.<\/p>\n","protected":false},"excerpt":{"rendered":"<p>Terminal pour QBE H65 &#8211; Ce profil de pare-chocs au design contemporain est id\u00e9al pour un usage intensif sur tout<\/p>\n","protected":false},"featured_media":5948810,"comment_status":"closed","ping_status":"closed","template":"","meta":[],"product_brand":[3479],"product_cat":[1278],"product_tag":[],"class_list":{"0":"post-3389449","1":"product","2":"type-product","3":"status-publish","4":"has-post-thumbnail","6":"product_brand-tessilmare-fr","7":"product_cat-profils-de-pare-battage","9":"first","10":"instock","11":"shipping-taxable","12":"purchasable","13":"product-type-simple"},"_links":{"self":[{"href":"https:\/\/stoic-curie.212-227-153-4.plesk.page\/fr\/wp-json\/wp\/v2\/product\/3389449","targetHints":{"allow":["GET"]}}],"collection":[{"href":"https:\/\/stoic-curie.212-227-153-4.plesk.page\/fr\/wp-json\/wp\/v2\/product"}],"about":[{"href":"https:\/\/stoic-curie.212-227-153-4.plesk.page\/fr\/wp-json\/wp\/v2\/types\/product"}],"replies":[{"embeddable":true,"href":"https:\/\/stoic-curie.212-227-153-4.plesk.page\/fr\/wp-json\/wp\/v2\/comments?post=3389449"}],"version-history":[{"count":0,"href":"https:\/\/stoic-curie.212-227-153-4.plesk.page\/fr\/wp-json\/wp\/v2\/product\/3389449\/revisions"}],"wp:featuredmedia":[{"embeddable":true,"href":"https:\/\/stoic-curie.212-227-153-4.plesk.page\/fr\/wp-json\/wp\/v2\/media\/5948810"}],"wp:attachment":[{"href":"https:\/\/stoic-curie.212-227-153-4.plesk.page\/fr\/wp-json\/wp\/v2\/media?parent=3389449"}],"wp:term":[{"taxonomy":"product_brand","embeddable":true,"href":"https:\/\/stoic-curie.212-227-153-4.plesk.page\/fr\/wp-json\/wp\/v2\/product_brand?post=3389449"},{"taxonomy":"product_cat","embeddable":true,"href":"https:\/\/stoic-curie.212-227-153-4.plesk.page\/fr\/wp-json\/wp\/v2\/product_cat?post=3389449"},{"taxonomy":"product_tag","embeddable":true,"href":"https:\/\/stoic-curie.212-227-153-4.plesk.page\/fr\/wp-json\/wp\/v2\/product_tag?post=3389449"}],"curies":[{"name":"wp","href":"https:\/\/api.w.org\/{rel}","templated":true}]}}