{"id":3389493,"date":"2025-10-09T22:30:59","date_gmt":"2025-10-10T02:30:59","guid":{"rendered":"https:\/\/stoic-curie.212-227-153-4.plesk.page\/product\/helice-pour-yamaha-7-1-4-x-5\/"},"modified":"2026-02-24T23:08:54","modified_gmt":"2026-02-24T23:08:54","slug":"helice-pour-yamaha-7-1-4-x-5","status":"publish","type":"product","link":"https:\/\/stoic-curie.212-227-153-4.plesk.page\/fr\/product\/helice-pour-yamaha-7-1-4-x-5\/","title":{"rendered":"H\u00e9lice pour Yamaha 7 1\/4 x 5"},"content":{"rendered":"<p>H\u00e9lice pour Yamaha 7 1\/4 x 5 &#8211; <\/p>\n<p>H\u00e9lices en aluminium Alice pour moteurs hors-bord Yamaha. Fabriqu\u00e9es en alliage aluminium-titane, num\u00e9risation laser 3D pour contr\u00f4le statique et dynamique, rev\u00eatement en poudre AkzoNobel robotis\u00e9. Haute efficacit\u00e9 et consommation r\u00e9duite gr\u00e2ce \u00e0 des pales parfaitement form\u00e9es. Le kit de montage doit \u00eatre command\u00e9 s\u00e9par\u00e9ment s&#8217;il est n\u00e9cessaire de remplacer les \u00e9crous, rondelles et entretoises. Pour moteurs hors-bord Yamaha : 2A\/B ( entra\u00eenement par goupille), F2.5A\/3A, 4A\/5C\/F4A\/F5A.<\/p>\n","protected":false},"excerpt":{"rendered":"<p>H\u00e9lice pour Yamaha 7 1\/4 x 5 &#8211; H\u00e9lices en aluminium Alice pour moteurs hors-bord Yamaha. Fabriqu\u00e9es en alliage aluminium-titane,<\/p>\n","protected":false},"featured_media":5949018,"comment_status":"closed","ping_status":"closed","template":"","meta":[],"product_brand":[3389],"product_cat":[1229,1257],"product_tag":[],"class_list":{"0":"post-3389493","1":"product","2":"type-product","3":"status-publish","4":"has-post-thumbnail","6":"product_brand-sierra-marine-fr","7":"product_cat-helices-pour-hors-bord","8":"product_cat-pieces-detachees-hors-bord-yamaha","10":"first","11":"instock","12":"shipping-taxable","13":"purchasable","14":"product-type-simple"},"_links":{"self":[{"href":"https:\/\/stoic-curie.212-227-153-4.plesk.page\/fr\/wp-json\/wp\/v2\/product\/3389493","targetHints":{"allow":["GET"]}}],"collection":[{"href":"https:\/\/stoic-curie.212-227-153-4.plesk.page\/fr\/wp-json\/wp\/v2\/product"}],"about":[{"href":"https:\/\/stoic-curie.212-227-153-4.plesk.page\/fr\/wp-json\/wp\/v2\/types\/product"}],"replies":[{"embeddable":true,"href":"https:\/\/stoic-curie.212-227-153-4.plesk.page\/fr\/wp-json\/wp\/v2\/comments?post=3389493"}],"version-history":[{"count":0,"href":"https:\/\/stoic-curie.212-227-153-4.plesk.page\/fr\/wp-json\/wp\/v2\/product\/3389493\/revisions"}],"wp:featuredmedia":[{"embeddable":true,"href":"https:\/\/stoic-curie.212-227-153-4.plesk.page\/fr\/wp-json\/wp\/v2\/media\/5949018"}],"wp:attachment":[{"href":"https:\/\/stoic-curie.212-227-153-4.plesk.page\/fr\/wp-json\/wp\/v2\/media?parent=3389493"}],"wp:term":[{"taxonomy":"product_brand","embeddable":true,"href":"https:\/\/stoic-curie.212-227-153-4.plesk.page\/fr\/wp-json\/wp\/v2\/product_brand?post=3389493"},{"taxonomy":"product_cat","embeddable":true,"href":"https:\/\/stoic-curie.212-227-153-4.plesk.page\/fr\/wp-json\/wp\/v2\/product_cat?post=3389493"},{"taxonomy":"product_tag","embeddable":true,"href":"https:\/\/stoic-curie.212-227-153-4.plesk.page\/fr\/wp-json\/wp\/v2\/product_tag?post=3389493"}],"curies":[{"name":"wp","href":"https:\/\/api.w.org\/{rel}","templated":true}]}}