{"id":3389530,"date":"2025-10-09T22:31:00","date_gmt":"2025-10-10T02:31:00","guid":{"rendered":"https:\/\/stoic-curie.212-227-153-4.plesk.page\/product\/torggler-domus-mastic-blanc-ral9010-310-ml\/"},"modified":"2026-02-24T23:08:54","modified_gmt":"2026-02-24T23:08:54","slug":"torggler-domus-mastic-blanc-ral9010-310-ml","status":"publish","type":"product","link":"https:\/\/stoic-curie.212-227-153-4.plesk.page\/fr\/product\/torggler-domus-mastic-blanc-ral9010-310-ml\/","title":{"rendered":"Torggler domus mastic blanc ral9010 310 ml"},"content":{"rendered":"<p>Torggler domus mastic blanc ral9010 310 ml &#8211; <\/p>\n<p>S\u00e9curisant en silicone Torggler \u00e0 faible module d&#8217;\u00e9lasticit\u00e9 et \u00e0 durcissement neutre, disponible dans les teintes chromatiques nautiques les plus courantes. <br \/>\u2022 R\u00e9sistant \u00e0 la moisissure <br \/>\u2022 R\u00e9sistant aux rayons UV et aux environnements salins <br \/>\u2022 Certification pour applications selon la r\u00e9glementation EN15651-1\/2\/3<\/p>\n","protected":false},"excerpt":{"rendered":"<p>Torggler domus mastic blanc ral9010 310 ml &#8211; S\u00e9curisant en silicone Torggler \u00e0 faible module d&#8217;\u00e9lasticit\u00e9 et \u00e0 durcissement neutre,<\/p>\n","protected":false},"featured_media":5948925,"comment_status":"closed","ping_status":"closed","template":"","meta":[],"product_brand":[3234],"product_cat":[1063],"product_tag":[],"class_list":{"0":"post-3389530","1":"product","2":"type-product","3":"status-publish","4":"has-post-thumbnail","6":"product_brand-osculati-fr","7":"product_cat-collage-et-etancheite","9":"first","10":"instock","11":"shipping-taxable","12":"purchasable","13":"product-type-simple"},"_links":{"self":[{"href":"https:\/\/stoic-curie.212-227-153-4.plesk.page\/fr\/wp-json\/wp\/v2\/product\/3389530","targetHints":{"allow":["GET"]}}],"collection":[{"href":"https:\/\/stoic-curie.212-227-153-4.plesk.page\/fr\/wp-json\/wp\/v2\/product"}],"about":[{"href":"https:\/\/stoic-curie.212-227-153-4.plesk.page\/fr\/wp-json\/wp\/v2\/types\/product"}],"replies":[{"embeddable":true,"href":"https:\/\/stoic-curie.212-227-153-4.plesk.page\/fr\/wp-json\/wp\/v2\/comments?post=3389530"}],"version-history":[{"count":0,"href":"https:\/\/stoic-curie.212-227-153-4.plesk.page\/fr\/wp-json\/wp\/v2\/product\/3389530\/revisions"}],"wp:featuredmedia":[{"embeddable":true,"href":"https:\/\/stoic-curie.212-227-153-4.plesk.page\/fr\/wp-json\/wp\/v2\/media\/5948925"}],"wp:attachment":[{"href":"https:\/\/stoic-curie.212-227-153-4.plesk.page\/fr\/wp-json\/wp\/v2\/media?parent=3389530"}],"wp:term":[{"taxonomy":"product_brand","embeddable":true,"href":"https:\/\/stoic-curie.212-227-153-4.plesk.page\/fr\/wp-json\/wp\/v2\/product_brand?post=3389530"},{"taxonomy":"product_cat","embeddable":true,"href":"https:\/\/stoic-curie.212-227-153-4.plesk.page\/fr\/wp-json\/wp\/v2\/product_cat?post=3389530"},{"taxonomy":"product_tag","embeddable":true,"href":"https:\/\/stoic-curie.212-227-153-4.plesk.page\/fr\/wp-json\/wp\/v2\/product_tag?post=3389530"}],"curies":[{"name":"wp","href":"https:\/\/api.w.org\/{rel}","templated":true}]}}