{"id":3389621,"date":"2025-10-09T22:31:04","date_gmt":"2025-10-10T02:31:04","guid":{"rendered":"https:\/\/stoic-curie.212-227-153-4.plesk.page\/product\/sidermarine-mpp-t-005-jusqua-12-tonne\/"},"modified":"2026-02-24T23:08:55","modified_gmt":"2026-02-24T23:08:55","slug":"sidermarine-mpp-t-005-jusqua-12-tonne","status":"publish","type":"product","link":"https:\/\/stoic-curie.212-227-153-4.plesk.page\/fr\/product\/sidermarine-mpp-t-005-jusqua-12-tonne\/","title":{"rendered":"Sidermarine MPP\/T-005 jusqu&#8217;\u00e0 1,2 tonne"},"content":{"rendered":"<p>Sidermarine MPP\/T-005 jusqu&#8217;\u00e0 1,2 tonne &#8211; <\/p>\n<p style=\"color: rgb(34, 34, 34); font-family: Arial, Helvetica, sans-serif; font-size: small;\">Le ressort MPP est exceptionnellement efficace gr\u00e2ce aux mat\u00e9riaux avanc\u00e9s et aux solutions techniques utilis\u00e9s dans sa conception et sa fabrication. Le ressort d&#8217;amarrage silencieux en acier inoxydable haute performance de Sidermarine pr\u00e9sente d&#8217;excellentes capacit\u00e9s d&#8217;absorption des chocs, attribu\u00e9es \u00e0 la compression du ressort fabriqu\u00e9 \u00e0 partir d&#8217;un alliage d&#8217;acier inoxydable sp\u00e9cialis\u00e9, ainsi qu&#8217;aux \u00e9lastom\u00e8res Mollaflex qui s&#8217;activent lors des p\u00e9riodes de stress accru.<\/p>\n<p style=\"color: rgb(34, 34, 34); font-family: Arial, Helvetica, sans-serif; font-size: small;\">Veuillez consulter les sp\u00e9cifications techniques jointes, qui mettent en avant les capacit\u00e9s d&#8217;amortissement sup\u00e9rieures de notre produit par rapport \u00e0 d&#8217;autres disponibles sur le march\u00e9.<\/p>\n<p style=\"color: rgb(34, 34, 34); font-family: Arial, Helvetica, sans-serif; font-size: small;\">Les ressorts d&#8217;amarrage sont sp\u00e9cialement con\u00e7us pour att\u00e9nuer la tension dans les lignes de docking.<\/p>\n<p style=\"color: rgb(34, 34, 34); font-family: Arial, Helvetica, sans-serif; font-size: small;\">Nos ressorts d&#8217;amarrage brevet\u00e9s sont fabriqu\u00e9s \u00e0 partir d&#8217;un alliage d&#8217;acier inoxydable distinctif, qui est essentiel pendant la phase de compression, contribuant \u00e0 60-70 % de son efficacit\u00e9 globale. Cela est davantage renforc\u00e9 par la composante Mollaflex-Elastomer, qui offre un soutien suppl\u00e9mentaire face \u00e0 des niveaux de stress plus \u00e9lev\u00e9s. Cette combinaison unique est le seul moyen fiable de r\u00e9duire l&#8217;oscillation des bateaux \u00e0 l&#8217;ancre, garantissant la s\u00e9curit\u00e9 en att\u00e9nuant efficacement la tension dans les lignes d&#8217;amarrage. Cela r\u00e9duit consid\u00e9rablement les forces exerc\u00e9es sur les bollards de poupe, offrant une exp\u00e9rience plus stable et confortable pour l&#8217;utilisateur.<\/p>\n<p style=\"color: rgb(34, 34, 34); font-family: Arial, Helvetica, sans-serif; font-size: small;\">Il est crucial de comprendre que l&#8217;\u00e9lastom\u00e8re \u00e0 lui seul ne peut pas offrir un amortissement ad\u00e9quat. En tant que mat\u00e9riau tr\u00e8s rigide, il ne se comprime que sous une forte contrainte et des charges lourdes. Le ressort d&#8217;amarrage silencieux en acier inoxydable haute performance de Sidermarine fournit une absorption des chocs exceptionnelle, gr\u00e2ce \u00e0 la compression du ressort faite d&#8217;un alliage d&#8217;acier inoxydable sp\u00e9cialis\u00e9 et aux \u00e9lastom\u00e8res Mollaflex qui s&#8217;activent sous stress accru.<\/p>\n","protected":false},"excerpt":{"rendered":"<p>Sidermarine MPP\/T-005 jusqu&#8217;\u00e0 1,2 tonne &#8211; Le ressort MPP est exceptionnellement efficace gr\u00e2ce aux mat\u00e9riaux avanc\u00e9s et aux solutions techniques<\/p>\n","protected":false},"featured_media":5949198,"comment_status":"closed","ping_status":"closed","template":"","meta":[],"product_brand":[3384],"product_cat":[1050],"product_tag":[],"class_list":{"0":"post-3389621","1":"product","2":"type-product","3":"status-publish","4":"has-post-thumbnail","6":"product_brand-sidermarine-fr","7":"product_cat-amortisseurs-mooring-springs","9":"first","10":"instock","11":"shipping-taxable","12":"purchasable","13":"product-type-simple"},"_links":{"self":[{"href":"https:\/\/stoic-curie.212-227-153-4.plesk.page\/fr\/wp-json\/wp\/v2\/product\/3389621","targetHints":{"allow":["GET"]}}],"collection":[{"href":"https:\/\/stoic-curie.212-227-153-4.plesk.page\/fr\/wp-json\/wp\/v2\/product"}],"about":[{"href":"https:\/\/stoic-curie.212-227-153-4.plesk.page\/fr\/wp-json\/wp\/v2\/types\/product"}],"replies":[{"embeddable":true,"href":"https:\/\/stoic-curie.212-227-153-4.plesk.page\/fr\/wp-json\/wp\/v2\/comments?post=3389621"}],"version-history":[{"count":0,"href":"https:\/\/stoic-curie.212-227-153-4.plesk.page\/fr\/wp-json\/wp\/v2\/product\/3389621\/revisions"}],"wp:featuredmedia":[{"embeddable":true,"href":"https:\/\/stoic-curie.212-227-153-4.plesk.page\/fr\/wp-json\/wp\/v2\/media\/5949198"}],"wp:attachment":[{"href":"https:\/\/stoic-curie.212-227-153-4.plesk.page\/fr\/wp-json\/wp\/v2\/media?parent=3389621"}],"wp:term":[{"taxonomy":"product_brand","embeddable":true,"href":"https:\/\/stoic-curie.212-227-153-4.plesk.page\/fr\/wp-json\/wp\/v2\/product_brand?post=3389621"},{"taxonomy":"product_cat","embeddable":true,"href":"https:\/\/stoic-curie.212-227-153-4.plesk.page\/fr\/wp-json\/wp\/v2\/product_cat?post=3389621"},{"taxonomy":"product_tag","embeddable":true,"href":"https:\/\/stoic-curie.212-227-153-4.plesk.page\/fr\/wp-json\/wp\/v2\/product_tag?post=3389621"}],"curies":[{"name":"wp","href":"https:\/\/api.w.org\/{rel}","templated":true}]}}