{"id":3389629,"date":"2025-10-09T22:31:05","date_gmt":"2025-10-10T02:31:05","guid":{"rendered":"https:\/\/stoic-curie.212-227-153-4.plesk.page\/product\/sidermarine-mk40-hybride-pour-1-a-4-tonnes\/"},"modified":"2026-02-24T23:08:55","modified_gmt":"2026-02-24T23:08:55","slug":"sidermarine-mk40-hybride-pour-1-a-4-tonnes","status":"publish","type":"product","link":"https:\/\/stoic-curie.212-227-153-4.plesk.page\/fr\/product\/sidermarine-mk40-hybride-pour-1-a-4-tonnes\/","title":{"rendered":"Sidermarine MK40 Hybride pour 1 \u00e0 4 tonnes"},"content":{"rendered":"<p>Sidermarine MK40 Hybride pour 1 \u00e0 4 tonnes &#8211; <\/p>\n<p style=\"color: rgb(34, 34, 34); font-family: Arial, Helvetica, sans-serif; font-size: small;\"><strong>Printemps d&#8217;amarrage MK 40 Hybride<\/strong><\/p>\n<p style=\"color: rgb(34, 34, 34); font-family: Arial, Helvetica, sans-serif; font-size: small;\">Le printemps d&#8217;amarrage MK Hybride incorpore des amortisseurs de chocs prot\u00e9g\u00e9s par brevet, am\u00e9lior\u00e9s par des \u00e9lastom\u00e8res cylindriques. Ces \u00e9lastom\u00e8res offrent une charge inertielle \u00e9lev\u00e9e et stable. Lorsqu&#8217;ils sont associ\u00e9s au printemps &#8211; disponible en configurations allant d&#8217;une unit\u00e9 centrale unique \u00e0 quatre \u00e0 chaque extr\u00e9mit\u00e9 &#8211; ils augmentent la capacit\u00e9 du ressort \u00e0 g\u00e9rer des contraintes importantes. Ce design innovant facilite un mouvement graduel qui s&#8217;ajuste aux exigences du bateau.<\/p>\n<p style=\"color: rgb(34, 34, 34); font-family: Arial, Helvetica, sans-serif; font-size: small;\">Les ressorts d&#8217;amarrage sont sp\u00e9cifiquement con\u00e7us pour soulager la tension dans les lignes d&#8217;amarrage. Ils repr\u00e9sentent la seule solution efficace pour r\u00e9duire l&#8217;oscillation d&#8217;un bateau lorsqu&#8217;il est amarr\u00e9, assurant ainsi la s\u00e9curit\u00e9 en amortissant efficacement la tension dans les lignes. Cela r\u00e9duit consid\u00e9rablement les forces exerc\u00e9es sur les bollards arri\u00e8re, offrant un cadre plus stable et confortable pour les utilisateurs. Le printemps d&#8217;amarrage MK 40 Hybride est adapt\u00e9 aux embarcations pesant entre 1 et 4 tonnes.<\/p>\n<p style=\"color: rgb(34, 34, 34); font-family: Arial, Helvetica, sans-serif; font-size: small;\">Caract\u00e9ristiques remarquables :<\/p>\n<ul style=\"color: rgb(34, 34, 34); font-family: Arial, Helvetica, sans-serif; font-size: small;\">\n<li>Charge inertielle am\u00e9lior\u00e9e gr\u00e2ce aux \u00e9lastom\u00e8res<\/li>\n<li>Force d&#8217;amortissement progressive<\/li>\n<li>Fonctionnement silencieux et r\u00e9sistance au stress<\/li>\n<li>Composants internes fabriqu\u00e9s en acier inoxydable 316 sans joints soud\u00e9s<\/li>\n<li>Fonctionnalit\u00e9 pr\u00e9serv\u00e9e dans une large plage de temp\u00e9ratures (-20\u00b0 \u00e0 +80\u00b0)<\/li>\n<\/ul>\n<p style=\"color: rgb(34, 34, 34); font-family: Arial, Helvetica, sans-serif; font-size: small;\">Sp\u00e9cifications :<\/p>\n<ul style=\"color: rgb(34, 34, 34); font-family: Arial, Helvetica, sans-serif; font-size: small;\">\n<li>Longueur : 381 mm<\/li>\n<li>Poids : 1,96 kg (4,32 lb)<\/li>\n<li>Convient pour les bateaux pesant de 1 \u00e0 4 tonnes.<\/li>\n<\/ul>\n","protected":false},"excerpt":{"rendered":"<p>Sidermarine MK40 Hybride pour 1 \u00e0 4 tonnes &#8211; Printemps d&#8217;amarrage MK 40 Hybride Le printemps d&#8217;amarrage MK Hybride incorpore<\/p>\n","protected":false},"featured_media":5949200,"comment_status":"closed","ping_status":"closed","template":"","meta":[],"product_brand":[3384],"product_cat":[1050],"product_tag":[],"class_list":{"0":"post-3389629","1":"product","2":"type-product","3":"status-publish","4":"has-post-thumbnail","6":"product_brand-sidermarine-fr","7":"product_cat-amortisseurs-mooring-springs","9":"first","10":"instock","11":"shipping-taxable","12":"purchasable","13":"product-type-simple"},"_links":{"self":[{"href":"https:\/\/stoic-curie.212-227-153-4.plesk.page\/fr\/wp-json\/wp\/v2\/product\/3389629","targetHints":{"allow":["GET"]}}],"collection":[{"href":"https:\/\/stoic-curie.212-227-153-4.plesk.page\/fr\/wp-json\/wp\/v2\/product"}],"about":[{"href":"https:\/\/stoic-curie.212-227-153-4.plesk.page\/fr\/wp-json\/wp\/v2\/types\/product"}],"replies":[{"embeddable":true,"href":"https:\/\/stoic-curie.212-227-153-4.plesk.page\/fr\/wp-json\/wp\/v2\/comments?post=3389629"}],"version-history":[{"count":0,"href":"https:\/\/stoic-curie.212-227-153-4.plesk.page\/fr\/wp-json\/wp\/v2\/product\/3389629\/revisions"}],"wp:featuredmedia":[{"embeddable":true,"href":"https:\/\/stoic-curie.212-227-153-4.plesk.page\/fr\/wp-json\/wp\/v2\/media\/5949200"}],"wp:attachment":[{"href":"https:\/\/stoic-curie.212-227-153-4.plesk.page\/fr\/wp-json\/wp\/v2\/media?parent=3389629"}],"wp:term":[{"taxonomy":"product_brand","embeddable":true,"href":"https:\/\/stoic-curie.212-227-153-4.plesk.page\/fr\/wp-json\/wp\/v2\/product_brand?post=3389629"},{"taxonomy":"product_cat","embeddable":true,"href":"https:\/\/stoic-curie.212-227-153-4.plesk.page\/fr\/wp-json\/wp\/v2\/product_cat?post=3389629"},{"taxonomy":"product_tag","embeddable":true,"href":"https:\/\/stoic-curie.212-227-153-4.plesk.page\/fr\/wp-json\/wp\/v2\/product_tag?post=3389629"}],"curies":[{"name":"wp","href":"https:\/\/api.w.org\/{rel}","templated":true}]}}