{"id":3389645,"date":"2025-10-09T22:31:05","date_gmt":"2025-10-10T02:31:05","guid":{"rendered":"https:\/\/stoic-curie.212-227-153-4.plesk.page\/product\/tellarini-i-30\/"},"modified":"2026-02-24T23:08:55","modified_gmt":"2026-02-24T23:08:55","slug":"tellarini-i-30","status":"publish","type":"product","link":"https:\/\/stoic-curie.212-227-153-4.plesk.page\/fr\/product\/tellarini-i-30\/","title":{"rendered":"Tellarini I 30"},"content":{"rendered":"<p>Tellarini I 30 &#8211; <\/p>\n<p style=\"color: rgb(34, 34, 34); font-family: Arial, Helvetica, sans-serif; font-size: small;\">D\u00e9couvrez la solution id\u00e9ale pour la suction et le transfert de liquides, avec des capacit\u00e9s d&#8217;amor\u00e7age robustes, la possibilit\u00e9 de fonctionner m\u00eame en pr\u00e9sence intermittente de liquide, et un flux r\u00e9versible. La s\u00e9rie I est fabriqu\u00e9e en laiton CB754S avec un arbre en acier inoxydable. Ce mod\u00e8le comprend un support et une poulie pour faciliter le couplage du moteur. Assurez-vous d&#8217;\u00e9valuer la compatibilit\u00e9 et de s\u00e9lectionner les joints appropri\u00e9s pour votre application sp\u00e9cifique.<\/p>\n<p style=\"color: rgb(34, 34, 34); font-family: Arial, Helvetica, sans-serif; font-size: small;\">Ce produit est particuli\u00e8rement adapt\u00e9 pour :<\/p>\n<ul style=\"color: rgb(34, 34, 34); font-family: Arial, Helvetica, sans-serif; font-size: small;\">\n<li>Applications nautiques (crevasse, services, refroidissement, lavage, eau de mer)<\/li>\n<li>Agriculture (fongicides, engrais liquides, composants de machines agricoles, irrigation)<\/li>\n<li>Transports (citerne, machines de chantier, syst\u00e8mes d&#8217;eau \u00e0 bord)<\/li>\n<\/ul>\n<p style=\"color: rgb(34, 34, 34); font-family: Arial, Helvetica, sans-serif; font-size: small;\"><strong>Sp\u00e9cifications hydrauliques :<\/strong><\/p>\n<ul style=\"color: rgb(34, 34, 34); font-family: Arial, Helvetica, sans-serif; font-size: small;\">\n<li>Capacit\u00e9 maximale : 166 litres\/minute<\/li>\n<li>Hauteur maximale : 65 m\u00e8tres<\/li>\n<li>Joint d&#8217;arbre : Joint<\/li>\n<li>Hauteur d&#8217;amor\u00e7age maximale : 6 m\u00e8tres<\/li>\n<li>Ports filet\u00e9s : 1\u00bd pouces<\/li>\n<li>Densit\u00e9 maximale du liquide : 1,1 g\/cm\u00b3 (sans particules dures)<\/li>\n<li>Temp\u00e9rature maximale : 90\u00b0C<\/li>\n<li>Non adapt\u00e9 aux liquides agressifs pouvant endommager les mat\u00e9riaux de la pompe et les joints (reportez-vous aux sp\u00e9cifications techniques)<\/li>\n<li>Non destin\u00e9 au transfert d&#8217;essence, de solvants ou \u00e0 une utilisation dans des environnements explosifs et inflammables<\/li>\n<li>Capacit\u00e9 de flux de pompe r\u00e9versible<\/li>\n<li>Comprend une paire de raccords de tuyau en laiton pour des tuyaux de 30 mm (un droit et un courb\u00e9)<\/li>\n<li>Peut fonctionner pendant de courtes p\u00e9riodes avec des tuyaux ferm\u00e9s<\/li>\n<li>La pompe doit \u00eatre remplie de liquide lors de l&#8217;installation; cette \u00e9tape n&#8217;est pas n\u00e9cessaire par la suite<\/li>\n<\/ul>\n<p style=\"color: rgb(34, 34, 34); font-family: Arial, Helvetica, sans-serif; font-size: small;\"><strong>Sp\u00e9cifications techniques :<\/strong><\/p>\n<ul style=\"color: rgb(34, 34, 34); font-family: Arial, Helvetica, sans-serif; font-size: small;\">\n<li>Pr\u00e9par\u00e9 pour connexion via poulie 1A72<\/li>\n<\/ul>\n<p style=\"color: rgb(34, 34, 34); font-family: Arial, Helvetica, sans-serif; font-size: small;\"><strong>Mat\u00e9riaux :<\/strong><\/p>\n<ul style=\"color: rgb(34, 34, 34); font-family: Arial, Helvetica, sans-serif; font-size: small;\">\n<li>Pi\u00e8ces de pompe : Laiton<\/li>\n<li>Arbre : AISI 304<\/li>\n<li>Impulseur : Laiton<\/li>\n<li>Joints : NBR<\/li>\n<\/ul>\n<p style=\"color: rgb(34, 34, 34); font-family: Arial, Helvetica, sans-serif; font-size: small;\"><strong>Caract\u00e9ristiques de la pompe :<\/strong><\/p>\n<ul style=\"color: rgb(34, 34, 34); font-family: Arial, Helvetica, sans-serif; font-size: small;\">\n<li>Ports : 1\u00bd pouces<\/li>\n<li>Raccord de tuyau : 30 mm<\/li>\n<li>Capacit\u00e9 d&#8217;amor\u00e7age : 6 m\u00e8tres<\/li>\n<li>D\u00e9bit maximum : 166 litres\/minute<\/li>\n<li>Hauteur maximale : 65 m\u00e8tres<\/li>\n<\/ul>\n<p style=\"color: rgb(34, 34, 34); font-family: Arial, Helvetica, sans-serif; font-size: small;\"><strong>Dimensions globales :<\/strong><\/p>\n<ul style=\"color: rgb(34, 34, 34); font-family: Arial, Helvetica, sans-serif; font-size: small;\">\n<li>Largeur : 298 mm<\/li>\n<li>Longueur : 158 mm<\/li>\n<li>Hauteur : 180 mm<\/li>\n<li>Poids : 6,4 kg<\/li>\n<\/ul>\n","protected":false},"excerpt":{"rendered":"<p>Tellarini I 30 &#8211; D\u00e9couvrez la solution id\u00e9ale pour la suction et le transfert de liquides, avec des capacit\u00e9s d&#8217;amor\u00e7age<\/p>\n","protected":false},"featured_media":5949202,"comment_status":"closed","ping_status":"closed","template":"","meta":[],"product_brand":[2974],"product_cat":[1235],"product_tag":[],"class_list":{"0":"post-3389645","1":"product","2":"type-product","3":"status-publish","4":"has-post-thumbnail","6":"product_brand-gianneschi-fr","7":"product_cat-pompes-de-refroidissement-du-moteur","9":"first","10":"instock","11":"shipping-taxable","12":"purchasable","13":"product-type-simple"},"_links":{"self":[{"href":"https:\/\/stoic-curie.212-227-153-4.plesk.page\/fr\/wp-json\/wp\/v2\/product\/3389645","targetHints":{"allow":["GET"]}}],"collection":[{"href":"https:\/\/stoic-curie.212-227-153-4.plesk.page\/fr\/wp-json\/wp\/v2\/product"}],"about":[{"href":"https:\/\/stoic-curie.212-227-153-4.plesk.page\/fr\/wp-json\/wp\/v2\/types\/product"}],"replies":[{"embeddable":true,"href":"https:\/\/stoic-curie.212-227-153-4.plesk.page\/fr\/wp-json\/wp\/v2\/comments?post=3389645"}],"version-history":[{"count":0,"href":"https:\/\/stoic-curie.212-227-153-4.plesk.page\/fr\/wp-json\/wp\/v2\/product\/3389645\/revisions"}],"wp:featuredmedia":[{"embeddable":true,"href":"https:\/\/stoic-curie.212-227-153-4.plesk.page\/fr\/wp-json\/wp\/v2\/media\/5949202"}],"wp:attachment":[{"href":"https:\/\/stoic-curie.212-227-153-4.plesk.page\/fr\/wp-json\/wp\/v2\/media?parent=3389645"}],"wp:term":[{"taxonomy":"product_brand","embeddable":true,"href":"https:\/\/stoic-curie.212-227-153-4.plesk.page\/fr\/wp-json\/wp\/v2\/product_brand?post=3389645"},{"taxonomy":"product_cat","embeddable":true,"href":"https:\/\/stoic-curie.212-227-153-4.plesk.page\/fr\/wp-json\/wp\/v2\/product_cat?post=3389645"},{"taxonomy":"product_tag","embeddable":true,"href":"https:\/\/stoic-curie.212-227-153-4.plesk.page\/fr\/wp-json\/wp\/v2\/product_tag?post=3389645"}],"curies":[{"name":"wp","href":"https:\/\/api.w.org\/{rel}","templated":true}]}}