{"id":3389691,"date":"2025-10-09T22:31:07","date_gmt":"2025-10-10T02:31:07","guid":{"rendered":"https:\/\/stoic-curie.212-227-153-4.plesk.page\/product\/pompe-dembrayage-electromagnetique-tellarini-ife-30-24\/"},"modified":"2026-02-24T23:08:55","modified_gmt":"2026-02-24T23:08:55","slug":"pompe-dembrayage-electromagnetique-tellarini-ife-30-24","status":"publish","type":"product","link":"https:\/\/stoic-curie.212-227-153-4.plesk.page\/fr\/product\/pompe-dembrayage-electromagnetique-tellarini-ife-30-24\/","title":{"rendered":"Pompe d&#8217;embrayage \u00e9lectromagn\u00e9tique Tellarini IFE 30-24"},"content":{"rendered":"<p>Pompe d&#8217;embrayage \u00e9lectromagn\u00e9tique Tellarini IFE 30-24 &#8211; <\/p>\n<p style=\"color: rgb(34, 34, 34); font-family: Arial, Helvetica, sans-serif; font-size: small;\">Cette pompe est \u00e9quip\u00e9e d&#8217;un rotor en laiton et d&#8217;un arbre en acier inoxydable, avec un embrayage \u00e9lectromagn\u00e9tique. Elle fonctionne \u00e0 une vitesse maximale de 2900 RPM et peut atteindre une \u00e9l\u00e9vation de 65 m\u00e8tres \u00e0 1400 RPM.<\/p>\n<p style=\"color: rgb(34, 34, 34); font-family: Arial, Helvetica, sans-serif; font-size: small;\">Con\u00e7ue pour des applications en eau douce et saline, cette pompe excelle dans l&#8217;aspiration et le transfert de liquides. Sa capacit\u00e9 de d\u00e9samor\u00e7age robuste permet une utilisation m\u00eame lorsque l&#8217;alimentation en liquide est intermittente, et elle offre la possibilit\u00e9 de flux r\u00e9versible. La s\u00e9rie IFE est construite en laiton CB754S et comprend un arbre en acier inoxydable. Le mod\u00e8le est fourni avec un support et une poulie pour un couplage moteur sans effort. L&#8217;embrayage \u00e9lectromagn\u00e9tique, situ\u00e9 entre la poulie et l&#8217;arbre, permet le contr\u00f4le \u00e0 distance de l&#8217;enclenchement et du d\u00e9senclenchement de la pompe par un simple interrupteur. Il est imp\u00e9ratif de v\u00e9rifier la compatibilit\u00e9 et de s\u00e9lectionner les joints appropri\u00e9s pour chaque application sp\u00e9cifique.<\/p>\n<p style=\"color: rgb(34, 34, 34); font-family: Arial, Helvetica, sans-serif; font-size: small;\"><strong>Applications id\u00e9ales :<\/strong><\/p>\n<ul style=\"color: rgb(34, 34, 34); font-family: Arial, Helvetica, sans-serif; font-size: small;\">\n<li><strong>Nautique :<\/strong>&nbsp;Applications de cale, service, refroidissement, lavage et eau de mer.<\/li>\n<li><strong>Agriculture :<\/strong>&nbsp;Fongicides, engrais liquides, composants de machines agricoles et irrigation.<\/li>\n<li><strong>Transport :<\/strong>&nbsp;Cisternes, engins de chantier et syst\u00e8mes d&#8217;eau embarqu\u00e9s.<\/li>\n<\/ul>\n<p style=\"color: rgb(34, 34, 34); font-family: Arial, Helvetica, sans-serif; font-size: small;\"><strong>Sp\u00e9cifications hydrauliques :<\/strong><\/p>\n<ul style=\"color: rgb(34, 34, 34); font-family: Arial, Helvetica, sans-serif; font-size: small;\">\n<li>D\u00e9bit maximum : 166 litres par minute<\/li>\n<li>Hauteur maximale : 65 m\u00e8tres<\/li>\n<li>Joint de l&#8217;arbre : Oui<\/li>\n<li>Hauteur d&#8217;amor\u00e7age maximale : 6 m\u00e8tres<\/li>\n<li>Ports filet\u00e9s : 1&#8243;\u00bd<\/li>\n<li>Densit\u00e9 liquide maximale : 1,1 g\/cm\u00b3 (exempt de particules dures)<\/li>\n<li>Temp\u00e9rature maximale : 90\u00b0C<\/li>\n<li>Non adapt\u00e9 aux liquides agressifs qui peuvent endommager les mat\u00e9riaux de la pompe et les joints (se r\u00e9f\u00e9rer aux sp\u00e9cifications techniques).<\/li>\n<li>Non destin\u00e9 au transfert d&#8217;essence, de solvants ou dans des environnements pr\u00e9sentant des risques d&#8217;explosion et d&#8217;incendie.<\/li>\n<li>Capacit\u00e9 de pompage r\u00e9versible.<\/li>\n<li>Comprend une paire de raccords en laiton pour tuyaux de 30 mm (un droit et un courb\u00e9).<\/li>\n<li>Peut fonctionner temporairement avec des tuyaux ferm\u00e9s.<\/li>\n<li>La pompe doit \u00eatre remplie de liquide lors de l&#8217;installation ; cette \u00e9tape n&#8217;est pas n\u00e9cessaire par la suite.<\/li>\n<\/ul>\n<p style=\"color: rgb(34, 34, 34); font-family: Arial, Helvetica, sans-serif; font-size: small;\"><strong>Sp\u00e9cifications techniques :<\/strong><\/p>\n<ul style=\"color: rgb(34, 34, 34); font-family: Arial, Helvetica, sans-serif; font-size: small;\">\n<li>Pr\u00e9par\u00e9 pour connexion via poulie 2A148.<\/li>\n<li>Dot\u00e9 d&#8217;un embrayage \u00e9lectromagn\u00e9tique 12V DC entre la poulie et l&#8217;arbre pour le contr\u00f4le \u00e0 distance de l&#8217;engagement et du d\u00e9sengagement de la pompe.<\/li>\n<\/ul>\n<p style=\"color: rgb(34, 34, 34); font-family: Arial, Helvetica, sans-serif; font-size: small;\"><strong>Mat\u00e9riaux :<\/strong><\/p>\n<ul style=\"color: rgb(34, 34, 34); font-family: Arial, Helvetica, sans-serif; font-size: small;\">\n<li>Pi\u00e8ces de la pompe : Laiton<\/li>\n<li>Arbre : AISI 304<\/li>\n<li>Rotore : Laiton<\/li>\n<li>Joints : NBR<\/li>\n<\/ul>\n<p style=\"color: rgb(34, 34, 34); font-family: Arial, Helvetica, sans-serif; font-size: small;\"><strong>Caract\u00e9ristiques de la pompe :<\/strong><\/p>\n<ul style=\"color: rgb(34, 34, 34); font-family: Arial, Helvetica, sans-serif; font-size: small;\">\n<li>Ports : 1&#8243;\u00bd<\/li>\n<li>Diam\u00e8tre du raccord de tuyau : 30 mm<\/li>\n<li>Capacit\u00e9 d&#8217;amor\u00e7age : 6 m<\/li>\n<li>D\u00e9bit maximum : 166 litres par minute<\/li>\n<li>Hauteur maximale : 65 m<\/li>\n<\/ul>\n<p style=\"color: rgb(34, 34, 34); font-family: Arial, Helvetica, sans-serif; font-size: small;\"><strong>Dimensions globales :<\/strong><\/p>\n<ul style=\"color: rgb(34, 34, 34); font-family: Arial, Helvetica, sans-serif; font-size: small;\">\n<li>Largeur : 304 mm<\/li>\n<li>Longueur : 158 mm<\/li>\n<li>Hauteur : 180 mm<\/li>\n<li>Poids : 11,3 kg<\/li>\n<li><\/li>\n<\/ul>\n","protected":false},"excerpt":{"rendered":"<p>Pompe d&#8217;embrayage \u00e9lectromagn\u00e9tique Tellarini IFE 30-24 &#8211; Cette pompe est \u00e9quip\u00e9e d&#8217;un rotor en laiton et d&#8217;un arbre en acier<\/p>\n","protected":false},"featured_media":5946619,"comment_status":"closed","ping_status":"closed","template":"","meta":[],"product_brand":[2974],"product_cat":[1235],"product_tag":[],"class_list":{"0":"post-3389691","1":"product","2":"type-product","3":"status-publish","4":"has-post-thumbnail","6":"product_brand-gianneschi-fr","7":"product_cat-pompes-de-refroidissement-du-moteur","9":"first","10":"instock","11":"shipping-taxable","12":"purchasable","13":"product-type-simple"},"_links":{"self":[{"href":"https:\/\/stoic-curie.212-227-153-4.plesk.page\/fr\/wp-json\/wp\/v2\/product\/3389691","targetHints":{"allow":["GET"]}}],"collection":[{"href":"https:\/\/stoic-curie.212-227-153-4.plesk.page\/fr\/wp-json\/wp\/v2\/product"}],"about":[{"href":"https:\/\/stoic-curie.212-227-153-4.plesk.page\/fr\/wp-json\/wp\/v2\/types\/product"}],"replies":[{"embeddable":true,"href":"https:\/\/stoic-curie.212-227-153-4.plesk.page\/fr\/wp-json\/wp\/v2\/comments?post=3389691"}],"version-history":[{"count":0,"href":"https:\/\/stoic-curie.212-227-153-4.plesk.page\/fr\/wp-json\/wp\/v2\/product\/3389691\/revisions"}],"wp:featuredmedia":[{"embeddable":true,"href":"https:\/\/stoic-curie.212-227-153-4.plesk.page\/fr\/wp-json\/wp\/v2\/media\/5946619"}],"wp:attachment":[{"href":"https:\/\/stoic-curie.212-227-153-4.plesk.page\/fr\/wp-json\/wp\/v2\/media?parent=3389691"}],"wp:term":[{"taxonomy":"product_brand","embeddable":true,"href":"https:\/\/stoic-curie.212-227-153-4.plesk.page\/fr\/wp-json\/wp\/v2\/product_brand?post=3389691"},{"taxonomy":"product_cat","embeddable":true,"href":"https:\/\/stoic-curie.212-227-153-4.plesk.page\/fr\/wp-json\/wp\/v2\/product_cat?post=3389691"},{"taxonomy":"product_tag","embeddable":true,"href":"https:\/\/stoic-curie.212-227-153-4.plesk.page\/fr\/wp-json\/wp\/v2\/product_tag?post=3389691"}],"curies":[{"name":"wp","href":"https:\/\/api.w.org\/{rel}","templated":true}]}}