{"id":3389713,"date":"2025-10-09T22:31:07","date_gmt":"2025-10-10T02:31:07","guid":{"rendered":"https:\/\/stoic-curie.212-227-153-4.plesk.page\/product\/raymarine-p70s\/"},"modified":"2026-02-24T23:08:55","modified_gmt":"2026-02-24T23:08:55","slug":"raymarine-p70s","status":"publish","type":"product","link":"https:\/\/stoic-curie.212-227-153-4.plesk.page\/fr\/product\/raymarine-p70s\/","title":{"rendered":"Raymarine P70S"},"content":{"rendered":"<p>Raymarine P70S &#8211; <\/p>\n<p style=\"color: rgb(34, 34, 34); font-family: Arial, Helvetica, sans-serif; font-size: small;\">Nous vous pr\u00e9sentons l&#8217;unit\u00e9 de contr\u00f4le de pilote automatique Raymarine p70s, \u00e9quip\u00e9e d&#8217;un \u00e9cran LCD de 3,5 pouces avec une r\u00e9solution de 320&#215;240 pixels. Cet \u00e9cran offre des couleurs vives et une visibilit\u00e9 exceptionnelle, quelles que soient les conditions m\u00e9t\u00e9o. L&#8217;interface intuitive dispose de boutons sur\u00e9lev\u00e9s adapt\u00e9s aux voiliers, garantissant un contr\u00f4le pr\u00e9cis. Gr\u00e2ce \u00e0 l&#8217;assistant de configuration int\u00e9gr\u00e9, vous pouvez configurer le pilote automatique en quelques minutes seulement. La connectivit\u00e9 SeaTalk facilite l&#8217;int\u00e9gration avec d&#8217;autres appareils \u00e0 bord, en faisant une option parfaite pour les pilotes automatiques Evolution.<\/p>\n<p style=\"color: rgb(34, 34, 34); font-family: Arial, Helvetica, sans-serif; font-size: small;\"><strong>Caract\u00e9ristiques Principales<\/strong><\/p>\n<ul style=\"color: rgb(34, 34, 34); font-family: Arial, Helvetica, sans-serif; font-size: small;\">\n<li>\u00c9cran LCD de 3,5 pouces exceptionnellement lumineux et surdimensionn\u00e9 pour une meilleure visibilit\u00e9<\/li>\n<li>La technologie de collage optique am\u00e9liore la luminosit\u00e9 des couleurs, la nettet\u00e9 du contraste et la r\u00e9sistance au brouillard<\/li>\n<li>Touches sp\u00e9cialis\u00e9es pour des ajustements de cap d&#8217;un degr\u00e9 et de dix degr\u00e9s<\/li>\n<li>Mode de direction \u00e0 la girouette avec fonctionnalit\u00e9 AutoTack lorsqu&#8217;il est utilis\u00e9 avec des instruments de vent Raymarine<\/li>\n<li>Design \u00e9l\u00e9gant en verre qui s&#8217;harmonise avec les chartplotters de la s\u00e9rie Axiom<\/li>\n<li>R\u00e9seau SeaTalkng pour une connexion simple aux r\u00e9seaux Raymarine et NMEA2000<\/li>\n<li>Comprend des bordures noires (style Axiom) et gunmetal (style eSeries), ainsi qu&#8217;un couvercle de protection contre le soleil<\/li>\n<\/ul>\n<p style=\"color: rgb(34, 34, 34); font-family: Arial, Helvetica, sans-serif; font-size: small;\">Profitez d&#8217;une navigation sans faille avec le Raymarine p70s, con\u00e7u sp\u00e9cifiquement pour les voiliers.<\/p>\n","protected":false},"excerpt":{"rendered":"<p>Raymarine P70S &#8211; Nous vous pr\u00e9sentons l&#8217;unit\u00e9 de contr\u00f4le de pilote automatique Raymarine p70s, \u00e9quip\u00e9e d&#8217;un \u00e9cran LCD de 3,5<\/p>\n","protected":false},"featured_media":5949207,"comment_status":"closed","ping_status":"closed","template":"","meta":[],"product_brand":[3299],"product_cat":[1170],"product_tag":[],"class_list":{"0":"post-3389713","1":"product","2":"type-product","3":"status-publish","4":"has-post-thumbnail","6":"product_brand-raymarine-fr","7":"product_cat-electronique","9":"first","10":"instock","11":"shipping-taxable","12":"purchasable","13":"product-type-simple"},"_links":{"self":[{"href":"https:\/\/stoic-curie.212-227-153-4.plesk.page\/fr\/wp-json\/wp\/v2\/product\/3389713","targetHints":{"allow":["GET"]}}],"collection":[{"href":"https:\/\/stoic-curie.212-227-153-4.plesk.page\/fr\/wp-json\/wp\/v2\/product"}],"about":[{"href":"https:\/\/stoic-curie.212-227-153-4.plesk.page\/fr\/wp-json\/wp\/v2\/types\/product"}],"replies":[{"embeddable":true,"href":"https:\/\/stoic-curie.212-227-153-4.plesk.page\/fr\/wp-json\/wp\/v2\/comments?post=3389713"}],"version-history":[{"count":0,"href":"https:\/\/stoic-curie.212-227-153-4.plesk.page\/fr\/wp-json\/wp\/v2\/product\/3389713\/revisions"}],"wp:featuredmedia":[{"embeddable":true,"href":"https:\/\/stoic-curie.212-227-153-4.plesk.page\/fr\/wp-json\/wp\/v2\/media\/5949207"}],"wp:attachment":[{"href":"https:\/\/stoic-curie.212-227-153-4.plesk.page\/fr\/wp-json\/wp\/v2\/media?parent=3389713"}],"wp:term":[{"taxonomy":"product_brand","embeddable":true,"href":"https:\/\/stoic-curie.212-227-153-4.plesk.page\/fr\/wp-json\/wp\/v2\/product_brand?post=3389713"},{"taxonomy":"product_cat","embeddable":true,"href":"https:\/\/stoic-curie.212-227-153-4.plesk.page\/fr\/wp-json\/wp\/v2\/product_cat?post=3389713"},{"taxonomy":"product_tag","embeddable":true,"href":"https:\/\/stoic-curie.212-227-153-4.plesk.page\/fr\/wp-json\/wp\/v2\/product_tag?post=3389713"}],"curies":[{"name":"wp","href":"https:\/\/api.w.org\/{rel}","templated":true}]}}