{"id":3389716,"date":"2025-10-09T22:31:08","date_gmt":"2025-10-10T02:31:08","guid":{"rendered":"https:\/\/stoic-curie.212-227-153-4.plesk.page\/product\/garmin-echomap-uhd2-62sv\/"},"modified":"2026-02-24T23:08:55","modified_gmt":"2026-02-24T23:08:55","slug":"garmin-echomap-uhd2-62sv","status":"publish","type":"product","link":"https:\/\/stoic-curie.212-227-153-4.plesk.page\/fr\/product\/garmin-echomap-uhd2-62sv\/","title":{"rendered":"Garmin Echomap UHD2 62sv"},"content":{"rendered":"<p>Garmin Echomap UHD2 62sv &#8211; <\/p>\n<p>Nous sommes ravis de vous pr\u00e9senter le Garmin echoMAP UHD2 62SV (sans transducteur). Ce traceur de cartes et sondeur sophistiqu\u00e9 est \u00e9quip\u00e9 d&#8217;un \u00e9cran tactile de 6 pouces offrant une r\u00e9solution de 800&#215;480 pixels, des boutons d&#8217;acc\u00e8s rapide et un r\u00e9cepteur GPS int\u00e9gr\u00e9. Il dispose d&#8217;un sondeur robuste de 500W incluant des capacit\u00e9s CHIRP, ClearV\u00fc, SideV\u00fc et UHD. Cet appareil est compatible avec toutes les cartes Garmin BlueChart et Garmin Navionics+, et il est dot\u00e9 d&#8217;une connectivit\u00e9 sans fil int\u00e9gr\u00e9e ainsi que d&#8217;un support pour NMEA0183\/2000 et Fusion-Link. Il s&#8217;int\u00e8gre facilement \u00e0 tous les syst\u00e8mes embarqu\u00e9s et inclut des fonctionnalit\u00e9s essentielles de Garmin telles que l&#8217;Auto Guidance, ActiveCaptain, Sail Assist et Quickdraw Contours.<\/p>\n<p>Inclus avec l&#8217;appareil, vous trouverez un support de montage ajustable, une housse d&#8217;\u00e9cran et un c\u00e2ble d&#8217;alimentation\/donn\u00e9es. Le mod\u00e8le sans transducteur est fourni avec un c\u00e2ble adaptateur qui convertit un transducteur \u00e0 8 broches en une connexion \u00e0 12 broches.<\/p>\n<p>Le Garmin echoMAP UHD2 62SV pr\u00e9sente un \u00e9cran hybride lumineux et lisible au soleil de 6 pouces. Ce sondeur \u00e0 balayage utilise la technologie CHIRP 2D traditionnelle, ClearV\u00fc et SideV\u00fc, et est \u00e9galement compatible avec la technologie de balayage en temps r\u00e9el LiveScope.<\/p>\n<p>Le UHD2 62SV est \u00e9quip\u00e9 d&#8217;un sondeur de 500W qui propose des technologies ClearV\u00fc et SideV\u00fc, ainsi que des capacit\u00e9s CHIRP \u00e0 canal unique. Cette derni\u00e8re s\u00e9rie UHD2 pr\u00e9sente une interface mise \u00e0 jour similaire \u00e0 celle des GPSMAP, offrant une exp\u00e9rience plus fluide et rapide par rapport aux mod\u00e8les pr\u00e9c\u00e9dents. L&#8217;\u00e9cran haute r\u00e9solution (800 \u00d7 480 pixels) est am\u00e9lior\u00e9 par une assistance clavier. De plus, un emplacement pour carte microSD permet d&#8217;accueillir des cartes jusqu&#8217;\u00e0 32 Go, vous permettant de sauvegarder jusqu&#8217;\u00e0 5 000 points de passage.<\/p>\n<p>Avec le Wi-Fi int\u00e9gr\u00e9, vous pouvez connecter votre smartphone \u00e0 l&#8217;application ActiveCaptain, ce qui permet le partage de donn\u00e9es entre appareils. Vous pouvez \u00e9galement relier deux unit\u00e9s echoMAP UHD2 pour partager des donn\u00e9es utilisateur et de sondeur.<\/p>\n<p>L&#8217;appareil dispose d&#8217;un GPS multi-bande \u00e0 10Hz qui utilise plusieurs fr\u00e9quences pour am\u00e9liorer la pr\u00e9cision de la position, en particulier dans les zones avec des signaux faibles ou r\u00e9fl\u00e9chis.<\/p>\n<p>L&#8217;echoMAP UHD2 62SV est \u00e9galement compatible avec le moteur \u00e9lectrique FORCE, permettant un contr\u00f4le sans fil complet du moteur depuis l&#8217;\u00e9cran. Vous pouvez cr\u00e9er et suivre des itin\u00e9raires, naviguer vers des points de passage, g\u00e9rer la vitesse, v\u00e9rifier l&#8217;autonomie de la batterie, et plus encore.<\/p>\n<p><strong>TECHNOLOGIE SIDEV\u00dc UHD<\/strong><\/p>\n<p>La technologie SideV\u00fc vous permet d&#8217;observer ce qui se passe de chaque c\u00f4t\u00e9 du bateau, vous aidant \u00e0 identifier les structures et les poissons avec une grande pr\u00e9cision et d\u00e9tail. Cette fonctionnalit\u00e9 vous permet de localiser rapidement les zones de p\u00eache, gr\u00e2ce \u00e0 un champ de balayage \u00e9tendu de 180\u00b0.<\/p>\n<p>La sonde arri\u00e8re GT54UHD de 350W fonctionne sur les fr\u00e9quences CHIRP SideV\u00fc :<\/p>\n<ul>\n<li>1060-1170 kHz pour le SideV\u00fc UHD (profondeur jusqu&#8217;\u00e0 35 m\u00e8tres)<\/li>\n<li>425-485 kHz pour le SideV\u00fc (profondeur jusqu&#8217;\u00e0 100 m\u00e8tres)<\/li>\n<\/ul>\n<hr>\n<p><strong>TECHNOLOGIE CLEARV\u00dc UHD<\/strong><\/p>\n<p>La technologie ClearV\u00fc UHD est l&#8217;une des plus performantes disponibles, offrant des images claires et de haute qualit\u00e9 en Ultra Haute D\u00e9finition de tout ce qui se trouve sous la surface de l&#8217;eau. Vous pourrez voir des structures submerg\u00e9es, des poissons et des objets avec une nettet\u00e9 remarquable.<\/p>\n<ul>\n<li><strong>Thermoclines :<\/strong> Identifier la limite entre les couches d&#8217;eau et les zones riches en oxyg\u00e8ne.<\/li>\n<li><strong>Identification des poissons :<\/strong> Distinguer clairement entre diff\u00e9rentes esp\u00e8ces de poissons.<\/li>\n<li><strong>R\u00e9v\u00e9lation de structures :<\/strong> D\u00e9tecter des \u00e9paves, de la v\u00e9g\u00e9tation, des pilotes de pont et plus encore.<\/li>\n<\/ul>\n<p>La sonde arri\u00e8re GT54UHD de 350W utilise les fr\u00e9quences CHIRP ClearV\u00fc :<\/p>\n<ul>\n<li>760-880 kHz pour le ClearV\u00fc UHD (profondeur jusqu&#8217;\u00e0 50 m\u00e8tres)<\/li>\n<\/ul>\n<hr>\n<p><strong>COMPATIBLE LIVESCOPE LVS32 &amp; LVS34<\/strong><\/p>\n<p>Vous pouvez connecter une sonde optionnelle Panoptix LiveScope pour un sondage en direct instantan\u00e9. Acc\u00e9dez aux modes LiveScope Down et LiveScope Forward \u00e0 partir d&#8217;une seule sonde, en changeant facilement de mode selon vos techniques de p\u00eache. Utilisez le mode LiveScope Forward pour voir des images nettes de votre leurre et des poissons \u00e0 proximit\u00e9, et le mode LiveScope Down pour observer ce qui se trouve directement sous le bateau.<\/p>\n<hr>\n<p><strong>FONCTION QUICKDRAW CONTOURS<\/strong><\/p>\n<p>Le logiciel Quickdraw Contours vous permet de cr\u00e9er des cartes de p\u00eache HD en temps r\u00e9el. Avec le Garmin echoMAP UHD2 62SV, vous pouvez stocker des cartes couvrant jusqu&#8217;\u00e0 8 000 km\u00b2, avec des courbes bathym\u00e9triques affich\u00e9es tous les 30 cm. Vous pouvez t\u00e9l\u00e9charger des cartes ou partager les v\u00f4tres en vous connectant via Wi-Fi \u00e0 l&#8217;application ActiveCaptain gratuite, qui fournit \u00e9galement des notifications \u00e0 l&#8217;\u00e9cran pour les mises \u00e0 jour de votre \u00e9cho-sondeur.<\/p>\n<hr>\n<p><strong>CONNECTIVIT\u00c9 WIFI ET ECHOMAP UHD2<\/strong><\/p>\n<p>Le Garmin echoMAP UHD2 permet la connectivit\u00e9 Wi-Fi avec les smartphones pour utiliser l&#8217;application ActiveCaptain sur les appareils iOS et Android. De plus, vous pouvez connecter deux unit\u00e9s echoMAP UHD2 pour partager les vues de sondeur et les donn\u00e9es utilisateur. Par exemple, un sondeur peut \u00eatre connect\u00e9 \u00e0 un transducteur arri\u00e8re tandis qu&#8217;un second sondeur situ\u00e9 \u00e0 l&#8217;avant re\u00e7oit la vue du sondeur sans fil via Wi-Fi, vous permettant de p\u00eacher de tous les c\u00f4t\u00e9s du bateau tout en surveillant l&#8217;un des \u00e9crans.<\/p>\n<p>La fonctionnalit\u00e9 sans fil permet \u00e9galement de partager certains r\u00e9glages du sondeur, comme la sensibilit\u00e9, la port\u00e9e et le filtre d&#8217;interf\u00e9rence, permettant un r\u00e9glage pr\u00e9cis sur l&#8217;un ou l&#8217;autre \u00e9cran. Cependant, pour d&#8217;autres r\u00e9glages, vous devrez utiliser votre \u00e9cran principal.<\/p>\n<p>La connexion Wi-Fi facilite \u00e9galement le partage de mises \u00e0 jour. Vous pouvez ins\u00e9rer une carte SD de mise \u00e0 jour dans votre premier sondeur, initier la mise \u00e0 jour, puis mettre \u00e0 jour sans fil le second sondeur une fois la premi\u00e8re mise \u00e0 jour termin\u00e9e, sans avoir besoin de d\u00e9placer la carte SD.<\/p>\n","protected":false},"excerpt":{"rendered":"<p>Garmin Echomap UHD2 62sv &#8211; Nous sommes ravis de vous pr\u00e9senter le Garmin echoMAP UHD2 62SV (sans transducteur). Ce traceur<\/p>\n","protected":false},"featured_media":5949209,"comment_status":"closed","ping_status":"closed","template":"","meta":[],"product_brand":[2969],"product_cat":[1170],"product_tag":[],"class_list":{"0":"post-3389716","1":"product","2":"type-product","3":"status-publish","4":"has-post-thumbnail","6":"product_brand-garmin-fr","7":"product_cat-electronique","9":"first","10":"instock","11":"shipping-taxable","12":"purchasable","13":"product-type-simple"},"_links":{"self":[{"href":"https:\/\/stoic-curie.212-227-153-4.plesk.page\/fr\/wp-json\/wp\/v2\/product\/3389716","targetHints":{"allow":["GET"]}}],"collection":[{"href":"https:\/\/stoic-curie.212-227-153-4.plesk.page\/fr\/wp-json\/wp\/v2\/product"}],"about":[{"href":"https:\/\/stoic-curie.212-227-153-4.plesk.page\/fr\/wp-json\/wp\/v2\/types\/product"}],"replies":[{"embeddable":true,"href":"https:\/\/stoic-curie.212-227-153-4.plesk.page\/fr\/wp-json\/wp\/v2\/comments?post=3389716"}],"version-history":[{"count":0,"href":"https:\/\/stoic-curie.212-227-153-4.plesk.page\/fr\/wp-json\/wp\/v2\/product\/3389716\/revisions"}],"wp:featuredmedia":[{"embeddable":true,"href":"https:\/\/stoic-curie.212-227-153-4.plesk.page\/fr\/wp-json\/wp\/v2\/media\/5949209"}],"wp:attachment":[{"href":"https:\/\/stoic-curie.212-227-153-4.plesk.page\/fr\/wp-json\/wp\/v2\/media?parent=3389716"}],"wp:term":[{"taxonomy":"product_brand","embeddable":true,"href":"https:\/\/stoic-curie.212-227-153-4.plesk.page\/fr\/wp-json\/wp\/v2\/product_brand?post=3389716"},{"taxonomy":"product_cat","embeddable":true,"href":"https:\/\/stoic-curie.212-227-153-4.plesk.page\/fr\/wp-json\/wp\/v2\/product_cat?post=3389716"},{"taxonomy":"product_tag","embeddable":true,"href":"https:\/\/stoic-curie.212-227-153-4.plesk.page\/fr\/wp-json\/wp\/v2\/product_tag?post=3389716"}],"curies":[{"name":"wp","href":"https:\/\/api.w.org\/{rel}","templated":true}]}}