{"id":3389736,"date":"2025-10-09T22:31:08","date_gmt":"2025-10-10T02:31:08","guid":{"rendered":"https:\/\/stoic-curie.212-227-153-4.plesk.page\/product\/kit-de-2-tuyaux-hydraulique-ultraflex-silvesteer-2m\/"},"modified":"2026-02-24T23:08:55","modified_gmt":"2026-02-24T23:08:55","slug":"kit-de-2-tuyaux-hydraulique-ultraflex-silvesteer-2m","status":"publish","type":"product","link":"https:\/\/stoic-curie.212-227-153-4.plesk.page\/fr\/product\/kit-de-2-tuyaux-hydraulique-ultraflex-silvesteer-2m\/","title":{"rendered":"Kit de 2 Tuyaux Hydraulique Ultraflex Silvesteer 2m"},"content":{"rendered":"<p>Kit de 2 Tuyaux Hydraulique Ultraflex Silvesteer 2m &#8211; <\/p>\n<p style=\"color: rgb(34, 34, 34); font-family: Arial, Helvetica, sans-serif; font-size: small;\">Le KIT OB-SVS d&#8217;Ultraflex est un produit exceptionnel qui se distingue v\u00e9ritablement sur le march\u00e9. Il comprend deux flexibles haute pression extr\u00eamement flexibles fabriqu\u00e9s avec un mat\u00e9riau robuste en Kevlar. Ce choix de mat\u00e9riau est crucial, car le Kevlar est reconnu pour sa r\u00e9sistance et sa durabilit\u00e9 remarquables. Chaque flexible est \u00e9quip\u00e9 d&#8217;embouts pr\u00e9-crimp\u00e9s et de limiteurs de courbure, qui agissent en harmonie pour garantir une connexion s\u00e9curis\u00e9e et fiable. Ce design r\u00e9fl\u00e9chi permet de renforcer la confiance dans l&#8217;int\u00e9grit\u00e9 de votre syst\u00e8me de direction lors de la navigation. De plus, ces flexibles sont sp\u00e9cialement con\u00e7us pour \u00eatre compatibles avec tous les gouvernails Ultraflex SilverSteer\u2122 et MasterDrive\u2122 utilisant des soupapes de d\u00e9charge de 1500 psi. Cette compatibilit\u00e9 en fait un choix polyvalent pour une vari\u00e9t\u00e9 de syst\u00e8mes de direction, r\u00e9pondant aux besoins divers des propri\u00e9taires de bateaux.<\/p>\n<p style=\"color: rgb(34, 34, 34); font-family: Arial, Helvetica, sans-serif; font-size: small;\">L&#8217;ensemble de flexibles de direction hydraulique Kevlar Silversteer d&#8217;Ultraflex est con\u00e7u pour des syst\u00e8mes de direction haute performance, en particulier ceux que l&#8217;on trouve dans diff\u00e9rents types de bateaux. La construction en Kevlar conf\u00e8re non seulement aux flexibles une r\u00e9sistance exceptionnelle, mais am\u00e9liore \u00e9galement leur long\u00e9vit\u00e9. Ces flexibles peuvent supporter de fortes pressions et r\u00e9sister \u00e0 l&#8217;usure au fil du temps, ce qui est essentiel pour maintenir des performances optimales dans des environnements marins exigeants. Les propri\u00e9taires de bateaux peuvent \u00eatre rassur\u00e9s en sachant que ces flexibles sont con\u00e7us pour offrir des performances exceptionnelles, m\u00eame dans des conditions difficiles.<\/p>\n<p style=\"color: rgb(34, 34, 34); font-family: Arial, Helvetica, sans-serif; font-size: small;\">De plus, l&#8217;ensemble de flexibles est pr\u00e9-assembl\u00e9, ce qui simplifie consid\u00e9rablement le processus d&#8217;installation pour les utilisateurs. Cette caract\u00e9ristique de conception r\u00e9fl\u00e9chie permet une installation rapide et facile, vous permettant de profiter \u00e0 nouveau de votre temps sur l&#8217;eau sans retards ni complications inutiles. En r\u00e9sum\u00e9, le KIT OB-SVS est con\u00e7u pour uneperformance fiable, garantissant de nombreuses ann\u00e9es de service d\u00e9pendable pour les passionn\u00e9s de navigation. Que vous soyez un marin exp\u00e9riment\u00e9 ou un amateur de sorties le week-end, ce produit est un investissement judicieux qui am\u00e9liorera votre exp\u00e9rience de navigation et vous fournira la confiance n\u00e9cessaire lors de vos sorties en mer.<\/p>\n","protected":false},"excerpt":{"rendered":"<p>Kit de 2 Tuyaux Hydraulique Ultraflex Silvesteer 2m &#8211; Le KIT OB-SVS d&#8217;Ultraflex est un produit exceptionnel qui se distingue<\/p>\n","protected":false},"featured_media":5949215,"comment_status":"closed","ping_status":"closed","template":"","meta":[],"product_brand":[3499],"product_cat":[1249],"product_tag":[],"class_list":{"0":"post-3389736","1":"product","2":"type-product","3":"status-publish","4":"has-post-thumbnail","6":"product_brand-ultraflex-uflex-fr","7":"product_cat-direction-hydraulique","9":"first","10":"instock","11":"shipping-taxable","12":"purchasable","13":"product-type-simple"},"_links":{"self":[{"href":"https:\/\/stoic-curie.212-227-153-4.plesk.page\/fr\/wp-json\/wp\/v2\/product\/3389736","targetHints":{"allow":["GET"]}}],"collection":[{"href":"https:\/\/stoic-curie.212-227-153-4.plesk.page\/fr\/wp-json\/wp\/v2\/product"}],"about":[{"href":"https:\/\/stoic-curie.212-227-153-4.plesk.page\/fr\/wp-json\/wp\/v2\/types\/product"}],"replies":[{"embeddable":true,"href":"https:\/\/stoic-curie.212-227-153-4.plesk.page\/fr\/wp-json\/wp\/v2\/comments?post=3389736"}],"version-history":[{"count":0,"href":"https:\/\/stoic-curie.212-227-153-4.plesk.page\/fr\/wp-json\/wp\/v2\/product\/3389736\/revisions"}],"wp:featuredmedia":[{"embeddable":true,"href":"https:\/\/stoic-curie.212-227-153-4.plesk.page\/fr\/wp-json\/wp\/v2\/media\/5949215"}],"wp:attachment":[{"href":"https:\/\/stoic-curie.212-227-153-4.plesk.page\/fr\/wp-json\/wp\/v2\/media?parent=3389736"}],"wp:term":[{"taxonomy":"product_brand","embeddable":true,"href":"https:\/\/stoic-curie.212-227-153-4.plesk.page\/fr\/wp-json\/wp\/v2\/product_brand?post=3389736"},{"taxonomy":"product_cat","embeddable":true,"href":"https:\/\/stoic-curie.212-227-153-4.plesk.page\/fr\/wp-json\/wp\/v2\/product_cat?post=3389736"},{"taxonomy":"product_tag","embeddable":true,"href":"https:\/\/stoic-curie.212-227-153-4.plesk.page\/fr\/wp-json\/wp\/v2\/product_tag?post=3389736"}],"curies":[{"name":"wp","href":"https:\/\/api.w.org\/{rel}","templated":true}]}}